{"id":17,"date":"2025-12-02T17:39:36","date_gmt":"2025-12-02T16:39:36","guid":{"rendered":"https:\/\/serwer402651.lh.pl\/autoinstalator\/serwer402651.lh.pl\/aiwordpress1120\/strona-glowna\/"},"modified":"2026-01-11T17:20:09","modified_gmt":"2026-01-11T16:20:09","slug":"strona-glowna","status":"publish","type":"page","link":"https:\/\/loggins.eu\/","title":{"rendered":"Witaj w LOGGINS"},"content":{"rendered":"\n<article class=\"wp-block-group alignfull is-style-ext-preset--group--natural-1--section has-global-padding is-layout-constrained wp-container-core-group-is-layout-61d485df wp-block-group-is-layout-constrained\" style=\"border-style:none;border-width:0em;margin-top:var(--wp--preset--spacing--30);margin-bottom:var(--wp--preset--spacing--30);padding-top:var(--wp--preset--spacing--30);padding-right:var(--wp--preset--spacing--30);padding-bottom:var(--wp--preset--spacing--30);padding-left:var(--wp--preset--spacing--30)\">\n<div class=\"wp-block-group alignfull is-style-ext-preset--group--natural-1--section is-layout-flow wp-container-core-group-is-layout-ab5ddbe7 wp-block-group-is-layout-flow\" style=\"margin-top:var(--wp--preset--spacing--20);margin-bottom:var(--wp--preset--spacing--20);padding-top:var(--wp--preset--spacing--20);padding-right:var(--wp--preset--spacing--20);padding-bottom:var(--wp--preset--spacing--20);padding-left:var(--wp--preset--spacing--20)\">\n<\/div>\n<\/article>\n\n\n\n<p><\/p>\n\n\n\n<div class=\"wp-block-group alignfull has-tertiary-background-color has-background has-global-padding is-layout-constrained wp-container-core-group-is-layout-d9902512 wp-block-group-is-layout-constrained\" style=\"border-style:none;border-width:0px;margin-top:var(--wp--preset--spacing--30);margin-bottom:var(--wp--preset--spacing--30);padding-top:var(--wp--preset--spacing--60);padding-right:var(--wp--preset--spacing--30);padding-bottom:var(--wp--preset--spacing--60);padding-left:var(--wp--preset--spacing--30)\">\n<div class=\"wp-block-group alignwide has-global-padding is-content-justification-center is-layout-constrained wp-block-group-is-layout-constrained\">\n<h2 class=\"wp-block-heading has-text-align-center has-large-font-size\">Zyskaj niezawodn\u0105 logistyk\u0119 i pe\u0142n\u0105 kontrol\u0119 nad \u0142a\u0144cuchem dostaw.<\/h2>\n\n\n\n<p class=\"has-text-align-center\" style=\"margin-top:16px\">Loggins to nowoczesne, zintegrowane i kompleksowe rozwi\u0105zania obejmuj\u0105ce transport, spedycj\u0119, odprawy celne, magazynowanie oraz dystrybucj\u0119. Naszym celem jest zapewnienie stabilno\u015bci operacyjnej, przewidywalno\u015bci i punktualno\u015bci, dzi\u0119ki czemu ka\u017cda przesy\u0142ka jest bezpieczna, a ka\u017cdy proces pozostaje pod pe\u0142n\u0105 kontrol\u0105. Opieramy si\u0119 na rzetelno\u015bci, transparentno\u015bci oraz autentycznym zaanga\u017cowaniu, buduj\u0105c trwa\u0142e relacje z klientami i partnerami. Wspieramy ich rozw\u00f3j, dostarczaj\u0105c logistyk\u0119, kt\u00f3ra zawsze spe\u0142nia oczekiwania \u2014 bez wzgl\u0119du na skal\u0119 i kierunek.<\/p>\n<\/div>\n\n\n\n<div class=\"wp-block-columns alignwide is-layout-flex wp-container-core-columns-is-layout-5b525043 wp-block-columns-is-layout-flex\">\n<div class=\"wp-block-column is-vertically-aligned-stretch is-layout-flow wp-block-column-is-layout-flow\">\n<div class=\"wp-block-group has-background-background-color has-background has-global-padding is-layout-constrained wp-container-core-group-is-layout-e1cc359f wp-block-group-is-layout-constrained\" style=\"border-width:1px;border-top-left-radius:20rem;border-top-right-radius:20rem;border-bottom-left-radius:0rem;border-bottom-right-radius:0rem;min-height:100%;padding-top:var(--wp--preset--spacing--60);padding-right:var(--wp--preset--spacing--40);padding-bottom:var(--wp--preset--spacing--50);padding-left:var(--wp--preset--spacing--40)\">\n<figure class=\"wp-block-image size-full is-resized has-custom-border\"><img loading=\"lazy\" decoding=\"async\" width=\"1024\" height=\"1024\" src=\"http:\/\/serwer402651.lh.pl\/autoinstalator\/serwer402651.lh.pl\/aiwordpress1120\/wp-content\/uploads\/2025\/12\/image-1.jpg\" alt=\"\" class=\"wp-image-97\" style=\"border-width:1px;border-top-left-radius:20em;border-top-right-radius:20em;border-bottom-left-radius:20em;border-bottom-right-radius:20em;aspect-ratio:4\/3;object-fit:cover;width:300px\" srcset=\"https:\/\/loggins.eu\/wp-content\/uploads\/2025\/12\/image-1.jpg 1024w, https:\/\/loggins.eu\/wp-content\/uploads\/2025\/12\/image-1-300x300.jpg 300w, https:\/\/loggins.eu\/wp-content\/uploads\/2025\/12\/image-1-150x150.jpg 150w, https:\/\/loggins.eu\/wp-content\/uploads\/2025\/12\/image-1-768x768.jpg 768w\" sizes=\"auto, (max-width: 1024px) 100vw, 1024px\" \/><\/figure>\n\n\n\n<h3 class=\"wp-block-heading has-text-align-center\" style=\"margin-top:24px;font-size:clamp(14px, 0.875rem + ((1vw - 3.2px) * 0.625), 20px);line-height:1.5\">Transport i spedycja na najwy\u017cszym poziomie jako\u015bci i profesjonalizmu.<\/h3>\n\n\n\n<p class=\"has-text-align-center has-small-font-size\" style=\"margin-top:8px\">Oferujemy szybki i bezpieczny transport towar\u00f3w, dzi\u0119ki czemu Twoje przesy\u0142ki docieraj\u0105 zawsze terminowo, eliminuj\u0105c ryzyko op\u00f3\u017anie\u0144.<\/p>\n<\/div>\n<\/div>\n\n\n\n<div class=\"wp-block-column is-vertically-aligned-stretch is-layout-flow wp-block-column-is-layout-flow\">\n<div class=\"wp-block-group has-background-background-color has-background has-global-padding is-layout-constrained wp-container-core-group-is-layout-efc19f4e wp-block-group-is-layout-constrained\" style=\"border-width:1px;border-top-left-radius:20rem;border-top-right-radius:20rem;border-bottom-left-radius:0rem;border-bottom-right-radius:0rem;min-height:100%;padding-top:var(--wp--preset--spacing--60);padding-right:var(--wp--preset--spacing--40);padding-bottom:var(--wp--preset--spacing--50);padding-left:var(--wp--preset--spacing--40)\">\n<figure class=\"wp-block-image aligncenter size-large is-resized has-custom-border\"><img loading=\"lazy\" decoding=\"async\" width=\"1024\" height=\"559\" src=\"https:\/\/serwer402651.lh.pl\/autoinstalator\/serwer402651.lh.pl\/aiwordpress1120\/wp-content\/uploads\/2025\/12\/custo-1024x559.jpg\" alt=\"\" class=\"wp-image-621\" style=\"border-width:1px;border-top-left-radius:20em;border-top-right-radius:20em;border-bottom-left-radius:20em;border-bottom-right-radius:20em;aspect-ratio:4\/3;object-fit:cover;width:300px\" srcset=\"https:\/\/loggins.eu\/wp-content\/uploads\/2025\/12\/custo-1024x559.jpg 1024w, https:\/\/loggins.eu\/wp-content\/uploads\/2025\/12\/custo-300x164.jpg 300w, https:\/\/loggins.eu\/wp-content\/uploads\/2025\/12\/custo-768x419.jpg 768w, https:\/\/loggins.eu\/wp-content\/uploads\/2025\/12\/custo.jpg 1329w\" sizes=\"auto, (max-width: 1024px) 100vw, 1024px\" \/><\/figure>\n\n\n\n<h3 class=\"wp-block-heading has-text-align-center\" style=\"margin-top:24px;font-size:clamp(14px, 0.875rem + ((1vw - 3.2px) * 0.625), 20px);line-height:1.5\">Kompleksowe i profesjonalne us\u0142ugi odpraw celnych.<\/h3>\n\n\n\n<p class=\"has-text-align-center has-small-font-size\" style=\"margin-top:8px\">Nasze us\u0142ugi celne usprawniaj\u0105 procesy, przyspieszaj\u0105c obieg dokument\u00f3w i eliminuj\u0105c zb\u0119dne formalno\u015bci.<\/p>\n<\/div>\n<\/div>\n\n\n\n<div class=\"wp-block-column is-vertically-aligned-stretch is-layout-flow wp-block-column-is-layout-flow\">\n<div class=\"wp-block-group has-background-background-color has-background has-global-padding is-layout-constrained wp-container-core-group-is-layout-efc19f4e wp-block-group-is-layout-constrained\" style=\"border-width:1px;border-top-left-radius:20rem;border-top-right-radius:20rem;border-bottom-left-radius:0rem;border-bottom-right-radius:0rem;min-height:100%;padding-top:var(--wp--preset--spacing--60);padding-right:var(--wp--preset--spacing--40);padding-bottom:var(--wp--preset--spacing--50);padding-left:var(--wp--preset--spacing--40)\">\n<figure class=\"wp-block-image size-large is-resized has-custom-border\"><img loading=\"lazy\" decoding=\"async\" width=\"1024\" height=\"461\" src=\"http:\/\/serwer402651.lh.pl\/autoinstalator\/serwer402651.lh.pl\/aiwordpress1120\/wp-content\/uploads\/2025\/12\/6eb9a086eb67fadd73eb05c9a63089031560db89-1024x461.jpg\" alt=\"\" class=\"wp-image-434\" style=\"border-width:1px;border-top-left-radius:13.59em;border-top-right-radius:13.59em;border-bottom-left-radius:13.59em;border-bottom-right-radius:13.59em;aspect-ratio:4\/3;object-fit:cover;width:300px\" srcset=\"https:\/\/loggins.eu\/wp-content\/uploads\/2025\/12\/6eb9a086eb67fadd73eb05c9a63089031560db89-1024x461.jpg 1024w, https:\/\/loggins.eu\/wp-content\/uploads\/2025\/12\/6eb9a086eb67fadd73eb05c9a63089031560db89-300x135.jpg 300w, https:\/\/loggins.eu\/wp-content\/uploads\/2025\/12\/6eb9a086eb67fadd73eb05c9a63089031560db89-768x346.jpg 768w, https:\/\/loggins.eu\/wp-content\/uploads\/2025\/12\/6eb9a086eb67fadd73eb05c9a63089031560db89.jpg 1440w\" sizes=\"auto, (max-width: 1024px) 100vw, 1024px\" \/><\/figure>\n\n\n\n<h3 class=\"wp-block-heading has-text-align-center\" style=\"margin-top:24px;font-size:clamp(14px, 0.875rem + ((1vw - 3.2px) * 0.625), 20px);line-height:1.5\">Nowoczesne magazynowanie i zarz\u0105dzanie zapasami.<\/h3>\n\n\n\n<p class=\"has-text-align-center has-small-font-size\" style=\"margin-top:8px\">Zapewniamy bezpieczne i skuteczne rozwi\u0105zania magazynowe, kt\u00f3re maksymalizuj\u0105 wykorzystanie przestrzeni i u\u0142atwiaj\u0105 zarz\u0105dzanie stanami magazynowymi.<\/p>\n<\/div>\n<\/div>\n<\/div>\n<\/div>\n\n\n\n<div class=\"wp-block-columns is-layout-flex wp-container-core-columns-is-layout-28f84493 wp-block-columns-is-layout-flex\">\n<div class=\"wp-block-column is-layout-flow wp-block-column-is-layout-flow\">\n<h2 class=\"wp-block-heading has-text-align-center has-medium-font-size\">Nasze us\u0142ugi s\u0105 zaliczane do najbardziej konkurencyjnych rozwi\u0105za\u0144 transportowych. Od lat realizujemy przewozy towar\u00f3w na terenie ponad 80 kraj\u00f3w.<\/h2>\n<\/div>\n<\/div>\n\n\n\n<div class=\"wp-block-columns is-layout-flex wp-container-core-columns-is-layout-28f84493 wp-block-columns-is-layout-flex\">\n<div class=\"wp-block-column is-layout-flow wp-block-column-is-layout-flow\">\n<div class=\"wp-block-columns is-layout-flex wp-container-core-columns-is-layout-28f84493 wp-block-columns-is-layout-flex\">\n<div class=\"wp-block-column is-layout-flow wp-block-column-is-layout-flow\">\n<figure class=\"wp-block-image size-large\"><img loading=\"lazy\" decoding=\"async\" width=\"593\" height=\"1024\" src=\"https:\/\/serwer402651.lh.pl\/autoinstalator\/serwer402651.lh.pl\/aiwordpress1120\/wp-content\/uploads\/2026\/01\/truckneutral-593x1024.png\" alt=\"\" class=\"wp-image-950\" srcset=\"https:\/\/loggins.eu\/wp-content\/uploads\/2026\/01\/truckneutral-593x1024.png 593w, https:\/\/loggins.eu\/wp-content\/uploads\/2026\/01\/truckneutral-174x300.png 174w, https:\/\/loggins.eu\/wp-content\/uploads\/2026\/01\/truckneutral-768x1327.png 768w, https:\/\/loggins.eu\/wp-content\/uploads\/2026\/01\/truckneutral-889x1536.png 889w, https:\/\/loggins.eu\/wp-content\/uploads\/2026\/01\/truckneutral-1186x2048.png 1186w, https:\/\/loggins.eu\/wp-content\/uploads\/2026\/01\/truckneutral.png 1361w\" sizes=\"auto, (max-width: 593px) 100vw, 593px\" \/><\/figure>\n\n\n\n<h2 class=\"wp-block-heading has-text-align-center has-small-font-size\">Spedycja drogowa<\/h2>\n\n\n\n<div class=\"wp-block-buttons is-content-justification-center is-layout-flex wp-container-core-buttons-is-layout-a89b3969 wp-block-buttons-is-layout-flex\">\n<div class=\"wp-block-button is-style-outline is-style-outline--3\"><a class=\"wp-block-button__link has-small-font-size has-text-align-center has-custom-font-size wp-element-button\" href=\"https:\/\/serwer402651.lh.pl\/autoinstalator\/serwer402651.lh.pl\/aiwordpress1120\/spedycja-kolejowa\/\">Zobacz szczeg\u00f3\u0142y<\/a><\/div>\n<\/div>\n<\/div>\n\n\n\n<div class=\"wp-block-column is-layout-flow wp-block-column-is-layout-flow\">\n<figure class=\"wp-block-image size-large\"><img loading=\"lazy\" decoding=\"async\" width=\"593\" height=\"1024\" src=\"https:\/\/serwer402651.lh.pl\/autoinstalator\/serwer402651.lh.pl\/aiwordpress1120\/wp-content\/uploads\/2026\/01\/trainfreight-593x1024.png\" alt=\"\" class=\"wp-image-956\" srcset=\"https:\/\/loggins.eu\/wp-content\/uploads\/2026\/01\/trainfreight-593x1024.png 593w, https:\/\/loggins.eu\/wp-content\/uploads\/2026\/01\/trainfreight-174x300.png 174w, https:\/\/loggins.eu\/wp-content\/uploads\/2026\/01\/trainfreight-768x1327.png 768w, https:\/\/loggins.eu\/wp-content\/uploads\/2026\/01\/trainfreight-889x1536.png 889w, https:\/\/loggins.eu\/wp-content\/uploads\/2026\/01\/trainfreight-1186x2048.png 1186w, https:\/\/loggins.eu\/wp-content\/uploads\/2026\/01\/trainfreight.png 1361w\" sizes=\"auto, (max-width: 593px) 100vw, 593px\" \/><\/figure>\n\n\n\n<h2 class=\"wp-block-heading has-text-align-center has-small-font-size\">Spedycja kolejowa<\/h2>\n\n\n\n<div class=\"wp-block-buttons is-content-justification-center is-layout-flex wp-container-core-buttons-is-layout-a89b3969 wp-block-buttons-is-layout-flex\">\n<div class=\"wp-block-button is-style-outline is-style-outline--4\"><button type=\"button\" class=\"wp-block-button__link has-small-font-size has-text-align-center has-custom-font-size wp-element-button\">Zobacz szczeg\u00f3\u0142y<\/button><\/div>\n<\/div>\n<\/div>\n\n\n\n<div class=\"wp-block-column is-layout-flow wp-block-column-is-layout-flow\">\n<figure class=\"wp-block-image size-large\"><img loading=\"lazy\" decoding=\"async\" width=\"593\" height=\"1024\" src=\"http:\/\/serwer402651.lh.pl\/autoinstalator\/serwer402651.lh.pl\/aiwordpress1120\/wp-content\/uploads\/2026\/01\/seafreight-593x1024.png\" alt=\"\" class=\"wp-image-953\" srcset=\"https:\/\/loggins.eu\/wp-content\/uploads\/2026\/01\/seafreight-593x1024.png 593w, https:\/\/loggins.eu\/wp-content\/uploads\/2026\/01\/seafreight-174x300.png 174w, https:\/\/loggins.eu\/wp-content\/uploads\/2026\/01\/seafreight-768x1327.png 768w, https:\/\/loggins.eu\/wp-content\/uploads\/2026\/01\/seafreight-889x1536.png 889w, https:\/\/loggins.eu\/wp-content\/uploads\/2026\/01\/seafreight-1186x2048.png 1186w, https:\/\/loggins.eu\/wp-content\/uploads\/2026\/01\/seafreight.png 1361w\" sizes=\"auto, (max-width: 593px) 100vw, 593px\" \/><\/figure>\n\n\n\n<h2 class=\"wp-block-heading has-text-align-center has-small-font-size\">Spedycja morska<\/h2>\n\n\n\n<div class=\"wp-block-buttons is-content-justification-center is-layout-flex wp-container-core-buttons-is-layout-a89b3969 wp-block-buttons-is-layout-flex\">\n<div class=\"wp-block-button is-style-outline is-style-outline--5\"><a class=\"wp-block-button__link has-small-font-size has-custom-font-size wp-element-button\" href=\"https:\/\/serwer402651.lh.pl\/autoinstalator\/serwer402651.lh.pl\/aiwordpress1120\/spedycja-morska\/\">Zobacz szczeg\u00f3\u0142y<\/a><\/div>\n<\/div>\n<\/div>\n<\/div>\n<\/div>\n<\/div>\n\n\n\n<div class=\"wp-block-columns is-layout-flex wp-container-core-columns-is-layout-28f84493 wp-block-columns-is-layout-flex\">\n<div class=\"wp-block-column is-layout-flow wp-block-column-is-layout-flow\"><\/div>\n\n\n\n<div class=\"wp-block-column is-layout-flow wp-block-column-is-layout-flow\"><\/div>\n\n\n\n<div class=\"wp-block-column is-layout-flow wp-block-column-is-layout-flow\"><\/div>\n<\/div>\n\n\n\n<div class=\"wp-block-columns is-layout-flex wp-container-core-columns-is-layout-28f84493 wp-block-columns-is-layout-flex\">\n<div class=\"wp-block-column is-layout-flow wp-block-column-is-layout-flow\"><\/div>\n\n\n\n<div class=\"wp-block-column is-layout-flow wp-block-column-is-layout-flow\"><\/div>\n\n\n\n<div class=\"wp-block-column is-layout-flow wp-block-column-is-layout-flow\"><\/div>\n<\/div>\n\n\n\n<div class=\"wp-block-group alignfull has-background-background-color has-background has-global-padding is-layout-constrained wp-container-core-group-is-layout-d9902512 wp-block-group-is-layout-constrained\" id=\"faq\" style=\"margin-top:var(--wp--preset--spacing--30);margin-bottom:var(--wp--preset--spacing--30);padding-top:var(--wp--preset--spacing--60);padding-right:var(--wp--preset--spacing--30);padding-bottom:var(--wp--preset--spacing--60);padding-left:var(--wp--preset--spacing--30)\">\n<div class=\"wp-block-group alignwide has-global-padding is-content-justification-center is-layout-constrained wp-block-group-is-layout-constrained\" style=\"margin-bottom:var(--wp--preset--spacing--30)\">\n<h2 class=\"wp-block-heading has-text-align-center has-large-font-size\">Logistyka end-to-end \u2014 kompleksowe rozwi\u0105zania na miar\u0119 Twoich potrzeb<\/h2>\n\n\n\n<p class=\"has-text-align-center\" style=\"margin-top:16px\">Znajd\u017a odpowiedzi na najcz\u0119\u015bciej pojawiaj\u0105ce si\u0119 pytania dotycz\u0105ce naszych us\u0142ug i proces\u00f3w.<\/p>\n<\/div>\n\n\n\n<div class=\"wp-block-columns alignwide is-layout-flex wp-container-core-columns-is-layout-987e431a wp-block-columns-is-layout-flex\" style=\"border-style:none;border-width:0px;margin-top:var(--wp--preset--spacing--20);margin-bottom:var(--wp--preset--spacing--20)\">\n<div class=\"wp-block-column is-layout-flow wp-block-column-is-layout-flow\">\n<figure class=\"wp-block-image size-large has-custom-border wp-duotone-unset-6\"><img loading=\"lazy\" decoding=\"async\" width=\"1024\" height=\"576\" src=\"https:\/\/serwer402651.lh.pl\/autoinstalator\/serwer402651.lh.pl\/aiwordpress1120\/wp-content\/uploads\/2025\/12\/login_truck_contact-1-1024x576.jpg\" alt=\"\" class=\"wp-image-620\" style=\"border-width:1px;border-top-left-radius:0rem;border-top-right-radius:0rem;border-bottom-left-radius:20rem;border-bottom-right-radius:20rem;aspect-ratio:1;object-fit:cover\" srcset=\"https:\/\/loggins.eu\/wp-content\/uploads\/2025\/12\/login_truck_contact-1-1024x576.jpg 1024w, https:\/\/loggins.eu\/wp-content\/uploads\/2025\/12\/login_truck_contact-1-300x169.jpg 300w, https:\/\/loggins.eu\/wp-content\/uploads\/2025\/12\/login_truck_contact-1-768x432.jpg 768w, https:\/\/loggins.eu\/wp-content\/uploads\/2025\/12\/login_truck_contact-1-1536x864.jpg 1536w, https:\/\/loggins.eu\/wp-content\/uploads\/2025\/12\/login_truck_contact-1-2048x1152.jpg 2048w\" sizes=\"auto, (max-width: 1024px) 100vw, 1024px\" \/><\/figure>\n<\/div>\n\n\n\n<div class=\"wp-block-column has-medium-font-size is-layout-flow wp-container-core-column-is-layout-22223934 wp-block-column-is-layout-flow\" style=\"border-style:none;border-width:0px\">\n<div class=\"wp-block-group has-global-padding is-layout-constrained wp-block-group-is-layout-constrained\" style=\"border-bottom-color:var(--wp--preset--color--tertiary);border-bottom-width:1px;margin-top:0;padding-top:var(--wp--preset--spacing--30);padding-bottom:var(--wp--preset--spacing--30)\">\n<h4 class=\"wp-block-heading has-medium-font-size\">Jakie us\u0142ugi logistyczne \u015bwiadczy firma Loggins?<\/h4>\n\n\n\n<p class=\"has-small-font-size\" style=\"margin-top:12px\">Oferujemy kompleksowe us\u0142ugi transportowe, spedycyjne, odprawy celne oraz magazynowanie.<\/p>\n<\/div>\n\n\n\n<div class=\"wp-block-group has-global-padding is-layout-constrained wp-block-group-is-layout-constrained\" style=\"border-bottom-color:var(--wp--preset--color--tertiary);border-bottom-width:1px;margin-top:0;padding-top:var(--wp--preset--spacing--30);padding-bottom:var(--wp--preset--spacing--30)\">\n<h4 class=\"wp-block-heading has-medium-font-size\">Jak zapewniacie terminow\u0105 realizacj\u0119 dostaw?<\/h4>\n\n\n\n<p class=\"has-small-font-size\" style=\"margin-top:12px\">Dzi\u0119ki starannemu planowaniu i dok\u0142adnemu nadzorowi ka\u017cdego etapu gwarantujemy terminowe dostawy.<\/p>\n<\/div>\n\n\n\n<div class=\"wp-block-group has-global-padding is-layout-constrained wp-block-group-is-layout-constrained\" style=\"border-bottom-color:var(--wp--preset--color--tertiary);border-bottom-width:1px;margin-top:0;padding-top:var(--wp--preset--spacing--30);padding-bottom:var(--wp--preset--spacing--30)\">\n<h4 class=\"wp-block-heading has-medium-font-size\">Czy Loggins obs\u0142uguje odprawy celne?<\/h4>\n\n\n\n<p class=\"has-small-font-size\" style=\"margin-top:12px\">Tak, oferujemy profesjonalne us\u0142ugi celne, kt\u00f3re usprawniaj\u0105 i przyspieszaj\u0105 proces przewozu towar\u00f3w.<\/p>\n<\/div>\n\n\n\n<div class=\"wp-block-group has-global-padding is-layout-constrained wp-block-group-is-layout-constrained\" style=\"margin-top:0;padding-top:var(--wp--preset--spacing--30);padding-bottom:0\">\n<h4 class=\"wp-block-heading has-medium-font-size\">Jakie rozwi\u0105zania magazynowe oferujecie?<\/h4>\n\n\n\n<p class=\"has-small-font-size\" style=\"margin-top:12px\">Oferujemy nowoczesne magazyny wyposa\u017cone w kompleksowe us\u0142ugi przechowywania oraz zarz\u0105dzania zapasami.<\/p>\n<\/div>\n<\/div>\n<\/div>\n<\/div>\n","protected":false},"excerpt":{"rendered":"<p>Zyskaj niezawodn\u0105 logistyk\u0119 i pe\u0142n\u0105 kontrol\u0119 nad \u0142a\u0144cuchem dostaw. Loggins to nowoczesne, zintegrowane i kompleksowe rozwi\u0105zania obejmuj\u0105ce transport, spedycj\u0119, odprawy celne, magazynowanie oraz dystrybucj\u0119. Naszym celem jest zapewnienie stabilno\u015bci operacyjnej, przewidywalno\u015bci i punktualno\u015bci, dzi\u0119ki czemu ka\u017cda przesy\u0142ka jest bezpieczna, a ka\u017cdy proces pozostaje pod pe\u0142n\u0105 kontrol\u0105. Opieramy si\u0119 na rzetelno\u015bci, transparentno\u015bci oraz autentycznym zaanga\u017cowaniu, buduj\u0105c [&hellip;]<\/p>\n","protected":false},"author":1,"featured_media":0,"parent":0,"menu_order":0,"comment_status":"closed","ping_status":"closed","template":"no-title","meta":{"_uag_custom_page_level_css":"","footnotes":""},"class_list":["post-17","page","type-page","status-publish","hentry"],"aioseo_notices":[],"uagb_featured_image_src":{"full":false,"thumbnail":false,"medium":false,"medium_large":false,"large":false,"1536x1536":false,"2048x2048":false},"uagb_author_info":{"display_name":"admin-qR73qRrA","author_link":"https:\/\/loggins.eu\/?author=1"},"uagb_comment_info":0,"uagb_excerpt":"Zyskaj niezawodn\u0105 logistyk\u0119 i pe\u0142n\u0105 kontrol\u0119 nad \u0142a\u0144cuchem dostaw. Loggins to nowoczesne, zintegrowane i kompleksowe rozwi\u0105zania obejmuj\u0105ce transport, spedycj\u0119, odprawy celne, magazynowanie oraz dystrybucj\u0119. Naszym celem jest zapewnienie stabilno\u015bci operacyjnej, przewidywalno\u015bci i punktualno\u015bci, dzi\u0119ki czemu ka\u017cda przesy\u0142ka jest bezpieczna, a ka\u017cdy proces pozostaje pod pe\u0142n\u0105 kontrol\u0105. Opieramy si\u0119 na rzetelno\u015bci, transparentno\u015bci oraz autentycznym zaanga\u017cowaniu, buduj\u0105c&hellip;","_links":{"self":[{"href":"https:\/\/loggins.eu\/index.php?rest_route=\/wp\/v2\/pages\/17","targetHints":{"allow":["GET"]}}],"collection":[{"href":"https:\/\/loggins.eu\/index.php?rest_route=\/wp\/v2\/pages"}],"about":[{"href":"https:\/\/loggins.eu\/index.php?rest_route=\/wp\/v2\/types\/page"}],"author":[{"embeddable":true,"href":"https:\/\/loggins.eu\/index.php?rest_route=\/wp\/v2\/users\/1"}],"replies":[{"embeddable":true,"href":"https:\/\/loggins.eu\/index.php?rest_route=%2Fwp%2Fv2%2Fcomments&post=17"}],"version-history":[{"count":63,"href":"https:\/\/loggins.eu\/index.php?rest_route=\/wp\/v2\/pages\/17\/revisions"}],"predecessor-version":[{"id":962,"href":"https:\/\/loggins.eu\/index.php?rest_route=\/wp\/v2\/pages\/17\/revisions\/962"}],"wp:attachment":[{"href":"https:\/\/loggins.eu\/index.php?rest_route=%2Fwp%2Fv2%2Fmedia&parent=17"}],"curies":[{"name":"wp","href":"https:\/\/api.w.org\/{rel}","templated":true}]}}