{"id":187,"date":"2025-12-11T08:21:43","date_gmt":"2025-12-11T07:21:43","guid":{"rendered":"https:\/\/serwer402651.lh.pl\/autoinstalator\/serwer402651.lh.pl\/aiwordpress1120\/?page_id=187"},"modified":"2026-02-01T13:03:08","modified_gmt":"2026-02-01T12:03:08","slug":"kariera-w-logins","status":"publish","type":"page","link":"https:\/\/loggins.eu\/?page_id=187","title":{"rendered":"Kariera"},"content":{"rendered":"\n<div class=\"wp-block-group alignfull is-style-ext-preset--group--natural-1--section has-background-background-color has-background has-global-padding is-layout-constrained wp-container-core-group-is-layout-e955bbaf wp-block-group-is-layout-constrained\" style=\"margin-top:0;margin-bottom:0;padding-top:var(--wp--preset--spacing--70);padding-bottom:var(--wp--preset--spacing--70)\">\n<div style=\"aspect-ratio:16\/9;min-height:unset;\" class=\"wp-block-cover alignfull is-style-default has-aspect-ratio\"><img loading=\"lazy\" decoding=\"async\" width=\"1024\" height=\"684\" class=\"wp-block-cover__image-background wp-image-594 size-large\" alt=\"kariera\" src=\"http:\/\/serwer402651.lh.pl\/autoinstalator\/serwer402651.lh.pl\/aiwordpress1120\/wp-content\/uploads\/2025\/12\/karier-1024x684.jpg\" data-object-fit=\"cover\" srcset=\"https:\/\/loggins.eu\/wp-content\/uploads\/2025\/12\/karier-1024x684.jpg 1024w, https:\/\/loggins.eu\/wp-content\/uploads\/2025\/12\/karier-300x200.jpg 300w, https:\/\/loggins.eu\/wp-content\/uploads\/2025\/12\/karier-768x513.jpg 768w, https:\/\/loggins.eu\/wp-content\/uploads\/2025\/12\/karier-1536x1025.jpg 1536w, https:\/\/loggins.eu\/wp-content\/uploads\/2025\/12\/karier-2048x1367.jpg 2048w\" sizes=\"auto, (max-width: 1024px) 100vw, 1024px\" \/><span aria-hidden=\"true\" class=\"wp-block-cover__background has-background-dim\"><\/span><div class=\"wp-block-cover__inner-container has-global-padding is-layout-constrained wp-block-cover-is-layout-constrained\">\n<p class=\"has-text-align-center has-border-color has-foreground-border-color has-foreground-color has-text-color has-link-color has-xx-large-font-size wp-elements-8337b5a6378c71f3d87af4bcbe5006ce\" style=\"border-width:1px;font-style:normal;font-weight:300\">Kariera<\/p>\n<\/div><\/div>\n\n\n\n<h2 class=\"wp-block-heading alignwide\">Twoja kariera w logistyce zaczyna si\u0119 tutaj<\/h2>\n\n\n\n<div class=\"wp-block-group alignwide has-medium-font-size is-vertical is-content-justification-center is-layout-flex wp-container-core-group-is-layout-c9ee0c5a wp-block-group-is-layout-flex\">\n<p class=\"has-text-align-left has-medium-font-size\">Rozpocz\u0119cie kariery w logistyce to doskona\u0142y wyb\u00f3r dla os\u00f3b, kt\u00f3re ceni\u0105 dynamiczne \u015brodowisko pracy, r\u00f3\u017cnorodno\u015b\u0107 zada\u0144 i realny wp\u0142yw na funkcjonowanie biznesu. Bran\u017ca logistyczna oferuje szerokie mo\u017cliwo\u015bci rozwoju \u2014 od planowania i zarz\u0105dzania \u0142a\u0144cuchem dostaw, przez koordynacj\u0119 transportu, a\u017c po obs\u0142ug\u0119 proces\u00f3w celnych i magazynowych. To obszar, w kt\u00f3rym teoria szybko spotyka si\u0119 z praktyk\u0105, a zdobyte do\u015bwiadczenie procentuje na ka\u017cdym etapie kariery.<\/p>\n\n\n\n<p class=\"has-text-align-left has-medium-font-size\">W Loggins stawiamy na rozw\u00f3j kompetencji od pierwszego dnia pracy. Oferujemy wsparcie merytoryczne, szkolenia oraz mo\u017cliwo\u015b\u0107 zdobywania praktycznych umiej\u0119tno\u015bci w realnych projektach operacyjnych. Cenimy dobr\u0105 organizacj\u0119, my\u015blenie analityczne i wsp\u00f3\u0142prac\u0119 zespo\u0142ow\u0105 \u2014 w\u0142a\u015bnie te cechy pozwalaj\u0105 odnosi\u0107 sukcesy w logistyce i budowa\u0107 stabiln\u0105, satysfakcjonuj\u0105c\u0105 \u015bcie\u017ck\u0119 zawodow\u0105.<\/p>\n<\/div>\n\n\n\n<div class=\"wp-block-group alignwide has-global-padding is-layout-constrained wp-container-core-group-is-layout-6eb5b29a wp-block-group-is-layout-constrained\" style=\"border-width:1px\">\n<div class=\"wp-block-group is-style-ext-preset--group--natural-1--item-card-1--align-start has-global-padding is-layout-constrained wp-block-group-is-layout-constrained is-style-ext-preset--group--natural-1--item-card-1--align-start--2\">\n<div class=\"wp-block-group is-style-default has-global-padding is-layout-constrained wp-block-group-is-layout-constrained\">\n<h3 class=\"wp-block-heading has-text-align-center\"><strong>Spedytor \/ Spedytorka mi\u0119dzynarodowa<\/strong><\/h3>\n\n\n\n<p><strong>Zakres obowi\u0105zk\u00f3w:<\/strong><br>Odpowiedzialno\u015b\u0107 za kompleksow\u0105 organizacj\u0119 transport\u00f3w krajowych i mi\u0119dzynarodowych, koordynacj\u0119 zlece\u0144 oraz bie\u017c\u0105cy kontakt z klientami i przewo\u017anikami. Planowanie tras, negocjowanie stawek oraz nadz\u00f3r nad realizacj\u0105 zlece\u0144 zgodnie z ustalonym harmonogramem.<\/p>\n\n\n\n<p class=\"has-text-align-center\"><strong>Wymagania:<\/strong><br>Do\u015bwiadczenie w spedycji, dobra znajomo\u015b\u0107 rynku transportowego, umiej\u0119tno\u015b\u0107 pracy pod presj\u0105 czasu, komunikatywno\u015b\u0107 oraz znajomo\u015b\u0107 j\u0119zyka obcego (mile widziana).<\/p>\n\n\n\n<p class=\"has-text-align-center\">Sprawd\u017a, jakie stanowiska w Loggins czekaj\u0105 na Ciebie.<\/p>\n\n\n\n<div class=\"wp-block-group is-content-justification-center is-nowrap is-layout-flex wp-container-core-group-is-layout-74781885 wp-block-group-is-layout-flex\" style=\"margin-top:24px;padding-top:0;padding-right:0;padding-bottom:0;padding-left:0\">\n<div class=\"wp-block-group is-nowrap is-layout-flex wp-container-core-group-is-layout-c4295e5f wp-block-group-is-layout-flex\" style=\"padding-top:0;padding-right:0;padding-bottom:0;padding-left:0\">\n<figure class=\"wp-block-image size-large wp-container-content-c42f3963 wp-duotone-primary-foreground\"><img decoding=\"async\" src=\"data:image\/svg+xml;base64,PHN2ZyB4bWxucz0iaHR0cDovL3d3dy53My5vcmcvMjAwMC9zdmciIHdpZHRoPSIyNCIgaGVpZ2h0PSIyNCIgZmlsbD0iIzAwMDAwMCIgdmlld0JveD0iMCAwIDI1NiAyNTYiPjxwYXRoIGQ9Ik0xMjgsMjRBMTA0LDEwNCwwLDEsMCwyMzIsMTI4LDEwNC4xMSwxMDQuMTEsMCwwLDAsMTI4LDI0Wm0wLDE5MmE4OCw4OCwwLDEsMSw4OC04OEE4OC4xLDg4LjEsMCwwLDEsMTI4LDIxNlptNjQtODhhOCw4LDAsMCwxLTgsOEgxMjhhOCw4LDAsMCwxLTgtOFY3MmE4LDgsMCwwLDEsMTYsMHY0OGg0OEE4LDgsMCwwLDEsMTkyLDEyOFoiPjwvcGF0aD48L3N2Zz4=\" alt=\"\"\/><\/figure>\n\n\n\n<p class=\"wp-container-content-9cfa9a5a\" style=\"font-size:clamp(14px, 0.875rem + ((1vw - 3.2px) * 0.417), 18px);\">Umowa o prac\u0119<\/p>\n<\/div>\n<\/div>\n<\/div>\n<\/div>\n<\/div>\n\n\n\n<div class=\"wp-block-group alignwide has-global-padding is-layout-constrained wp-container-core-group-is-layout-6eb5b29a wp-block-group-is-layout-constrained\" style=\"border-width:1px\">\n<div class=\"wp-block-group is-style-ext-preset--group--natural-1--item-card-1--align-start has-global-padding is-layout-constrained wp-block-group-is-layout-constrained is-style-ext-preset--group--natural-1--item-card-1--align-start--3\">\n<div class=\"wp-block-group is-style-default has-global-padding is-layout-constrained wp-block-group-is-layout-constrained\">\n<h3 class=\"wp-block-heading has-text-align-center\"><strong>Specjalista ds. obs\u0142ugi celnej<\/strong><\/h3>\n\n\n\n<p><strong>Zakres obowi\u0105zk\u00f3w:<\/strong><br>Realizacja odpraw celnych importowych, eksportowych i tranzytowych, przygotowywanie oraz weryfikacja dokumentacji celnej, wsp\u00f3\u0142praca z urz\u0119dami celnymi i klientami. Monitorowanie zmian przepis\u00f3w i zapewnienie zgodno\u015bci proces\u00f3w z obowi\u0105zuj\u0105cymi regulacjami.<\/p>\n\n\n\n<p class=\"has-text-align-center\"><strong>Wymagania:<\/strong><br>Do\u015bwiadczenie w obs\u0142udze celnej, znajomo\u015b\u0107 procedur i przepis\u00f3w, dok\u0142adno\u015b\u0107, odpowiedzialno\u015b\u0107 oraz umiej\u0119tno\u015b\u0107 pracy z dokumentacj\u0105.<\/p>\n\n\n\n<div class=\"wp-block-group is-content-justification-center is-nowrap is-layout-flex wp-container-core-group-is-layout-af21bcb8 wp-block-group-is-layout-flex\" style=\"margin-top:24px;padding-top:0;padding-right:0;padding-bottom:0;padding-left:0\">\n<div class=\"wp-block-group is-nowrap is-layout-flex wp-container-core-group-is-layout-c4295e5f wp-block-group-is-layout-flex\" style=\"padding-top:0;padding-right:0;padding-bottom:0;padding-left:0\">\n<figure class=\"wp-block-image size-large wp-duotone-primary-foreground\"><img decoding=\"async\" src=\"data:image\/svg+xml;base64,PHN2ZyB4bWxucz0iaHR0cDovL3d3dy53My5vcmcvMjAwMC9zdmciIHdpZHRoPSIyNCIgaGVpZ2h0PSIyNCIgZmlsbD0iIzAwMDAwMCIgdmlld0JveD0iMCAwIDI1NiAyNTYiPjxwYXRoIGQ9Ik0xMjgsMjRBMTA0LDEwNCwwLDEsMCwyMzIsMTI4LDEwNC4xMSwxMDQuMTEsMCwwLDAsMTI4LDI0Wm0wLDE5MmE4OCw4OCwwLDEsMSw4OC04OEE4OC4xLDg4LjEsMCwwLDEsMTI4LDIxNlptNjQtODhhOCw4LDAsMCwxLTgsOEgxMjhhOCw4LDAsMCwxLTgtOFY3MmE4LDgsMCwwLDEsMTYsMHY0OGg0OEE4LDgsMCwwLDEsMTkyLDEyOFoiPjwvcGF0aD48L3N2Zz4=\" alt=\"\"\/><\/figure>\n\n\n\n<p class=\"wp-container-content-9cfa9a5a\" style=\"font-size:clamp(14px, 0.875rem + ((1vw - 3.2px) * 0.417), 18px);\">Umowa o prac\u0119<\/p>\n<\/div>\n<\/div>\n<\/div>\n<\/div>\n<\/div>\n\n\n\n<div class=\"wp-block-group alignwide has-global-padding is-layout-constrained wp-container-core-group-is-layout-6eb5b29a wp-block-group-is-layout-constrained\" style=\"border-width:1px\">\n<div class=\"wp-block-group is-style-ext-preset--group--natural-1--item-card-1--align-start has-global-padding is-layout-constrained wp-block-group-is-layout-constrained is-style-ext-preset--group--natural-1--item-card-1--align-start--4\">\n<div class=\"wp-block-group is-style-default has-global-padding is-layout-constrained wp-block-group-is-layout-constrained\">\n<h3 class=\"wp-block-heading has-text-align-center\"><strong>Koordynator transportu \/ planista<\/strong><\/h3>\n\n\n\n<p><strong>Zakres obowi\u0105zk\u00f3w:<\/strong><br>Planowanie i optymalizacja przewoz\u00f3w, koordynacja pracy floty i przewo\u017anik\u00f3w, kontrola realizacji transport\u00f3w oraz reagowanie na sytuacje operacyjne. Wsp\u00f3\u0142praca z dzia\u0142em spedycji i magazynu.<\/p>\n\n\n\n<p class=\"has-text-align-center\"><strong>Wymagania:<\/strong><br>Dobra organizacja pracy, umiej\u0119tno\u015b\u0107 analitycznego my\u015blenia, odporno\u015b\u0107 na stres oraz znajomo\u015b\u0107 proces\u00f3w logistycznych.<\/p>\n\n\n\n<div class=\"wp-block-group is-content-justification-center is-nowrap is-layout-flex wp-container-core-group-is-layout-af21bcb8 wp-block-group-is-layout-flex\" style=\"margin-top:24px;padding-top:0;padding-right:0;padding-bottom:0;padding-left:0\">\n<div class=\"wp-block-group is-nowrap is-layout-flex wp-container-core-group-is-layout-c4295e5f wp-block-group-is-layout-flex\" style=\"padding-top:0;padding-right:0;padding-bottom:0;padding-left:0\">\n<figure class=\"wp-block-image size-large wp-duotone-primary-foreground\"><img decoding=\"async\" src=\"data:image\/svg+xml;base64,PHN2ZyB4bWxucz0iaHR0cDovL3d3dy53My5vcmcvMjAwMC9zdmciIHdpZHRoPSIyNCIgaGVpZ2h0PSIyNCIgZmlsbD0iIzAwMDAwMCIgdmlld0JveD0iMCAwIDI1NiAyNTYiPjxwYXRoIGQ9Ik0xMjgsMjRBMTA0LDEwNCwwLDEsMCwyMzIsMTI4LDEwNC4xMSwxMDQuMTEsMCwwLDAsMTI4LDI0Wm0wLDE5MmE4OCw4OCwwLDEsMSw4OC04OEE4OC4xLDg4LjEsMCwwLDEsMTI4LDIxNlptNjQtODhhOCw4LDAsMCwxLTgsOEgxMjhhOCw4LDAsMCwxLTgtOFY3MmE4LDgsMCwwLDEsMTYsMHY0OGg0OEE4LDgsMCwwLDEsMTkyLDEyOFoiPjwvcGF0aD48L3N2Zz4=\" alt=\"\"\/><\/figure>\n\n\n\n<p class=\"wp-container-content-9cfa9a5a\" style=\"font-size:clamp(14px, 0.875rem + ((1vw - 3.2px) * 0.417), 18px);\">Umowa o prac\u0119 na czas okre\u015blony<\/p>\n<\/div>\n<\/div>\n<\/div>\n<\/div>\n<\/div>\n<\/div>\n\n\n\n<div class=\"wp-block-group alignwide is-style-ext-preset--group--natural-1--section has-tertiary-background-color has-background has-global-padding is-layout-constrained wp-container-core-group-is-layout-db4b3aa9 wp-block-group-is-layout-constrained\" style=\"border-style:none;border-width:0px;margin-top:var(--wp--preset--spacing--20);margin-bottom:var(--wp--preset--spacing--20);padding-top:var(--wp--preset--spacing--70);padding-right:var(--wp--preset--spacing--20);padding-bottom:var(--wp--preset--spacing--70);padding-left:var(--wp--preset--spacing--20)\">\n<div class=\"wp-block-group has-global-padding is-layout-constrained wp-container-core-group-is-layout-5e05634a wp-block-group-is-layout-constrained\">\n<div class=\"wp-block-columns is-layout-flex wp-container-core-columns-is-layout-28f84493 wp-block-columns-is-layout-flex\">\n<div class=\"wp-block-column is-layout-flow wp-block-column-is-layout-flow\" style=\"flex-basis:100%\">\n<div class=\"wp-block-columns are-vertically-aligned-center is-layout-flex wp-container-core-columns-is-layout-28f84493 wp-block-columns-is-layout-flex\">\n<div class=\"wp-block-column is-vertically-aligned-center is-layout-flow wp-block-column-is-layout-flow\" style=\"flex-basis:100%\">\n<div class=\"wp-block-columns is-layout-flex wp-container-core-columns-is-layout-28f84493 wp-block-columns-is-layout-flex\">\n<div class=\"wp-block-column is-layout-flow wp-block-column-is-layout-flow\" style=\"flex-basis:100%\">\n<h2 class=\"wp-block-heading\">Poznaj wyj\u0105tkowe Dlaczego warto pracowa\u0107 w Loggins?<\/h2>\n\n\n\n<p><\/p>\n<\/div>\n<\/div>\n<\/div>\n<\/div>\n<\/div>\n<\/div>\n\n\n\n<p class=\"has-text-align-left\">Zapraszamy do zapoznania si\u0119 z kluczowymi zaletami i unikaln\u0105 warto\u015bci\u0105 pracy w Loggins.<\/p>\n<\/div>\n\n\n\n<div class=\"wp-block-columns alignwide is-layout-flex wp-container-core-columns-is-layout-174606dc wp-block-columns-is-layout-flex\">\n<div class=\"wp-block-column is-vertically-aligned-center is-layout-flow wp-block-column-is-layout-flow\">\n<div class=\"wp-block-group is-style-ext-preset--group--natural-1--item-card-1--align-start has-global-padding is-layout-constrained wp-block-group-is-layout-constrained is-style-ext-preset--group--natural-1--item-card-1--align-start--6\">\n<div class=\"wp-block-group is-style-default has-global-padding is-layout-constrained wp-block-group-is-layout-constrained\">\n<div class=\"wp-block-group is-nowrap is-layout-flex wp-container-core-group-is-layout-64fa2afa wp-block-group-is-layout-flex\" style=\"padding-top:0;padding-right:0;padding-bottom:0;padding-left:0\">\n<div class=\"wp-block-group wp-container-content-958eb9dc has-global-padding is-layout-constrained wp-container-core-group-is-layout-c06d165c wp-block-group-is-layout-constrained\" style=\"padding-top:0;padding-right:0;padding-bottom:0;padding-left:0\">\n<h3 class=\"wp-block-heading\">Stabilno\u015b\u0107 zatrudnienia i bezpiecze\u0144stwo pracy.<\/h3>\n\n\n\n<p>Gwarantujemy d\u0142ugofalow\u0105 wsp\u00f3\u0142prac\u0119 w stabilnym \u015brodowisku, co przek\u0142ada si\u0119 na poczucie bezpiecze\u0144stwa i komfort codziennej pracy.<\/p>\n<\/div>\n<\/div>\n<\/div>\n<\/div>\n\n\n\n<div class=\"wp-block-group is-style-ext-preset--group--natural-1--item-card-1--align-start has-global-padding is-layout-constrained wp-block-group-is-layout-constrained is-style-ext-preset--group--natural-1--item-card-1--align-start--7\">\n<div class=\"wp-block-group is-style-default has-global-padding is-layout-constrained wp-block-group-is-layout-constrained\">\n<div class=\"wp-block-group is-nowrap is-layout-flex wp-container-core-group-is-layout-64fa2afa wp-block-group-is-layout-flex\" style=\"padding-top:0;padding-right:0;padding-bottom:0;padding-left:0\">\n<div class=\"wp-block-group wp-container-content-958eb9dc has-global-padding is-layout-constrained wp-container-core-group-is-layout-c06d165c wp-block-group-is-layout-constrained\" style=\"padding-top:0;padding-right:0;padding-bottom:0;padding-left:0\">\n<h3 class=\"wp-block-heading\">Mo\u017cliwo\u015bci rozwoju zawodowego.<\/h3>\n\n\n\n<p>Oferujemy szkolenia i awanse, kt\u00f3re pozwalaj\u0105 rozwija\u0107 kompetencje i zdobywa\u0107 nowe do\u015bwiadczenia w bran\u017cy logistycznej.<\/p>\n<\/div>\n<\/div>\n<\/div>\n<\/div>\n\n\n\n<div class=\"wp-block-group is-style-ext-preset--group--natural-1--item-card-1--align-start has-global-padding is-layout-constrained wp-block-group-is-layout-constrained is-style-ext-preset--group--natural-1--item-card-1--align-start--8\">\n<div class=\"wp-block-group is-style-default has-global-padding is-layout-constrained wp-block-group-is-layout-constrained\">\n<div class=\"wp-block-group is-nowrap is-layout-flex wp-container-core-group-is-layout-64fa2afa wp-block-group-is-layout-flex\" style=\"padding-top:0;padding-right:0;padding-bottom:0;padding-left:0\">\n<div class=\"wp-block-group wp-container-content-958eb9dc has-global-padding is-layout-constrained wp-container-core-group-is-layout-c06d165c wp-block-group-is-layout-constrained\" style=\"padding-top:0;padding-right:0;padding-bottom:0;padding-left:0\">\n<h3 class=\"wp-block-heading\">Nowoczesne i przyjazne \u015brodowisko pracy.<\/h3>\n\n\n\n<p>Tworzymy inspiruj\u0105ce miejsce pracy z nowoczesnymi narz\u0119dziami, kt\u00f3re wspieraj\u0105 efektywno\u015b\u0107 i satysfakcj\u0119 z realizowanych zada\u0144.<\/p>\n<\/div>\n<\/div>\n<\/div>\n<\/div>\n<\/div>\n<\/div>\n\n\n\n<div class=\"wp-block-columns is-layout-flex wp-container-core-columns-is-layout-28f84493 wp-block-columns-is-layout-flex\">\n<div class=\"wp-block-column is-layout-flow wp-block-column-is-layout-flow\" style=\"flex-basis:100%\">\n<h2 class=\"wp-block-heading\">Korzy\u015bci<\/h2>\n<\/div>\n<\/div>\n\n\n\n<p>W Loggins tworzymy \u015brodowisko pracy, kt\u00f3re sprzyja d\u0142ugofalowej wsp\u00f3\u0142pracy i rozwojowi. \u0141\u0105czymy stabilno\u015b\u0107 zatrudnienia z nowoczesnym podej\u015bciem do zarz\u0105dzania logistyk\u0105, daj\u0105c pracownikom przestrze\u0144 do zdobywania do\u015bwiadczenia i realizowania ambitnych cel\u00f3w zawodowych.<\/p>\n\n\n\n<p><strong>Stabilno\u015b\u0107 i bezpiecze\u0144stwo<\/strong><br>Zapewniamy stabilne warunki zatrudnienia w oparciu o umow\u0119 o prac\u0119 oraz jasno okre\u015blone zasady wsp\u00f3\u0142pracy. Dbamy o bezpiecze\u0144stwo operacyjne i komfort codziennej pracy.<\/p>\n\n\n\n<p><strong>Rozw\u00f3j i awans<\/strong><br>Inwestujemy w szkolenia, podnoszenie kwalifikacji oraz rozw\u00f3j kompetencji specjalistycznych. Umo\u017cliwiamy awans wewn\u0119trzny i realny wp\u0142yw na dalsz\u0105 \u015bcie\u017ck\u0119 kariery.<\/p>\n\n\n\n<p><strong>Nowoczesne \u015brodowisko pracy<br><\/strong>Pracujemy na sprawdzonych systemach i narz\u0119dziach wspieraj\u0105cych efektywno\u015b\u0107. Stawiamy na dobr\u0105 komunikacj\u0119, partnerskie relacje i kultur\u0119 wsp\u00f3\u0142pracy.<\/p>\n<\/div>\n\n\n\n<div class=\"wp-block-group alignfull is-style-ext-preset--group--natural-1--section has-background-background-color has-background has-global-padding is-layout-constrained wp-container-core-group-is-layout-e96f6837 wp-block-group-is-layout-constrained\" style=\"margin-top:0;margin-bottom:0;padding-top:0;padding-right:0;padding-bottom:0;padding-left:0\">\n<div class=\"wp-block-cover alignfull is-style-ext-preset--cover--natural-1--cover-overlay-1 is-style-ext-preset--cover--natural-1--cover-overlay-1--10\" style=\"padding-top:var(--wp--preset--spacing--70);padding-right:var(--wp--preset--spacing--30);padding-bottom:var(--wp--preset--spacing--70);padding-left:var(--wp--preset--spacing--30)\"><img loading=\"lazy\" decoding=\"async\" width=\"1440\" height=\"1080\" class=\"wp-block-cover__image-background wp-image-203\" alt=\"\" src=\"http:\/\/serwer402651.lh.pl\/autoinstalator\/serwer402651.lh.pl\/aiwordpress1120\/wp-content\/uploads\/2025\/12\/a87f9db3cd7174457e4285f56b3cadde0913ce29.jpg\" data-object-fit=\"cover\" srcset=\"https:\/\/loggins.eu\/wp-content\/uploads\/2025\/12\/a87f9db3cd7174457e4285f56b3cadde0913ce29.jpg 1440w, https:\/\/loggins.eu\/wp-content\/uploads\/2025\/12\/a87f9db3cd7174457e4285f56b3cadde0913ce29-300x225.jpg 300w, https:\/\/loggins.eu\/wp-content\/uploads\/2025\/12\/a87f9db3cd7174457e4285f56b3cadde0913ce29-1024x768.jpg 1024w, https:\/\/loggins.eu\/wp-content\/uploads\/2025\/12\/a87f9db3cd7174457e4285f56b3cadde0913ce29-768x576.jpg 768w\" sizes=\"auto, (max-width: 1440px) 100vw, 1440px\" \/><span aria-hidden=\"true\" class=\"wp-block-cover__background has-background-dim-80 has-background-dim\" style=\"background-color:#010101\"><\/span><div class=\"wp-block-cover__inner-container has-global-padding is-layout-constrained wp-container-core-cover-is-layout-5cffc2c1 wp-block-cover-is-layout-constrained\">\n<div class=\"wp-block-group alignwide is-vertical is-content-justification-center is-layout-flex wp-container-core-group-is-layout-c9ee0c5a wp-block-group-is-layout-flex\">\n<div class=\"wp-block-group is-content-justification-center is-nowrap is-layout-flex wp-container-core-group-is-layout-c17263dd wp-block-group-is-layout-flex\">\n<h2 class=\"wp-block-heading has-text-align-center\">Do\u0142\u0105cz do Loggins i buduj swoj\u0105 karier\u0119 ju\u017c teraz.<\/h2>\n\n\n\n<p class=\"has-text-align-center\">Poznaj nasz\u0105 ofert\u0119 pracy, odkryj mo\u017cliwo\u015bci rozwoju i zacznij budowa\u0107 stabiln\u0105 przysz\u0142o\u015b\u0107 w bran\u017cy logistycznej z zespo\u0142em Loggins.<\/p>\n<\/div>\n\n\n\n<div class=\"wp-block-buttons is-layout-flex wp-block-buttons-is-layout-flex\">\n<div class=\"wp-block-button\"><a class=\"wp-block-button__link wp-element-button\" href=\"https:\/\/serwer402651.lh.pl\/autoinstalator\/serwer402651.lh.pl\/aiwordpress1120\/kontakt\/\">Kontakt<\/a><\/div>\n<\/div>\n<\/div>\n<\/div><\/div>\n<\/div>\n\n\n\n<p><\/p>\n","protected":false},"excerpt":{"rendered":"<p>Twoja kariera w logistyce zaczyna si\u0119 tutaj Rozpocz\u0119cie kariery w logistyce to doskona\u0142y wyb\u00f3r dla os\u00f3b, kt\u00f3re ceni\u0105 dynamiczne \u015brodowisko pracy, r\u00f3\u017cnorodno\u015b\u0107 zada\u0144 i realny wp\u0142yw na funkcjonowanie biznesu. Bran\u017ca logistyczna oferuje szerokie mo\u017cliwo\u015bci rozwoju \u2014 od planowania i zarz\u0105dzania \u0142a\u0144cuchem dostaw, przez koordynacj\u0119 transportu, a\u017c po obs\u0142ug\u0119 proces\u00f3w celnych i magazynowych. To obszar, w [&hellip;]<\/p>\n","protected":false},"author":1,"featured_media":0,"parent":0,"menu_order":0,"comment_status":"closed","ping_status":"closed","template":"page-with-title","meta":{"_uag_custom_page_level_css":"","footnotes":""},"class_list":["post-187","page","type-page","status-publish","hentry"],"aioseo_notices":[],"uagb_featured_image_src":{"full":false,"thumbnail":false,"medium":false,"medium_large":false,"large":false,"1536x1536":false,"2048x2048":false},"uagb_author_info":{"display_name":"admin-qR73qRrA","author_link":"https:\/\/loggins.eu\/?author=1"},"uagb_comment_info":0,"uagb_excerpt":"Twoja kariera w logistyce zaczyna si\u0119 tutaj Rozpocz\u0119cie kariery w logistyce to doskona\u0142y wyb\u00f3r dla os\u00f3b, kt\u00f3re ceni\u0105 dynamiczne \u015brodowisko pracy, r\u00f3\u017cnorodno\u015b\u0107 zada\u0144 i realny wp\u0142yw na funkcjonowanie biznesu. Bran\u017ca logistyczna oferuje szerokie mo\u017cliwo\u015bci rozwoju \u2014 od planowania i zarz\u0105dzania \u0142a\u0144cuchem dostaw, przez koordynacj\u0119 transportu, a\u017c po obs\u0142ug\u0119 proces\u00f3w celnych i magazynowych. To obszar, w&hellip;","_links":{"self":[{"href":"https:\/\/loggins.eu\/index.php?rest_route=\/wp\/v2\/pages\/187","targetHints":{"allow":["GET"]}}],"collection":[{"href":"https:\/\/loggins.eu\/index.php?rest_route=\/wp\/v2\/pages"}],"about":[{"href":"https:\/\/loggins.eu\/index.php?rest_route=\/wp\/v2\/types\/page"}],"author":[{"embeddable":true,"href":"https:\/\/loggins.eu\/index.php?rest_route=\/wp\/v2\/users\/1"}],"replies":[{"embeddable":true,"href":"https:\/\/loggins.eu\/index.php?rest_route=%2Fwp%2Fv2%2Fcomments&post=187"}],"version-history":[{"count":13,"href":"https:\/\/loggins.eu\/index.php?rest_route=\/wp\/v2\/pages\/187\/revisions"}],"predecessor-version":[{"id":1045,"href":"https:\/\/loggins.eu\/index.php?rest_route=\/wp\/v2\/pages\/187\/revisions\/1045"}],"wp:attachment":[{"href":"https:\/\/loggins.eu\/index.php?rest_route=%2Fwp%2Fv2%2Fmedia&parent=187"}],"curies":[{"name":"wp","href":"https:\/\/api.w.org\/{rel}","templated":true}]}}