{"id":189,"date":"2025-12-11T08:24:33","date_gmt":"2025-12-11T07:24:33","guid":{"rendered":"https:\/\/serwer402651.lh.pl\/autoinstalator\/serwer402651.lh.pl\/aiwordpress1120\/?page_id=189"},"modified":"2026-01-18T14:49:03","modified_gmt":"2026-01-18T13:49:03","slug":"proces-obslugi-celnej","status":"publish","type":"page","link":"https:\/\/loggins.eu\/?page_id=189","title":{"rendered":"Proces Obs\u0142ugi Celnej"},"content":{"rendered":"\n<div style=\"aspect-ratio:16\/9;min-height:unset;\" class=\"wp-block-cover alignfull is-light is-style-default has-aspect-ratio\"><img loading=\"lazy\" decoding=\"async\" width=\"1024\" height=\"683\" class=\"wp-block-cover__image-background wp-image-605 size-large\" alt=\"Obs\u0142uga celna\" src=\"http:\/\/serwer402651.lh.pl\/autoinstalator\/serwer402651.lh.pl\/aiwordpress1120\/wp-content\/uploads\/2025\/12\/celna-1024x683.jpg\" data-object-fit=\"cover\" srcset=\"https:\/\/loggins.eu\/wp-content\/uploads\/2025\/12\/celna-1024x683.jpg 1024w, https:\/\/loggins.eu\/wp-content\/uploads\/2025\/12\/celna-300x200.jpg 300w, https:\/\/loggins.eu\/wp-content\/uploads\/2025\/12\/celna-768x512.jpg 768w, https:\/\/loggins.eu\/wp-content\/uploads\/2025\/12\/celna-1536x1024.jpg 1536w, https:\/\/loggins.eu\/wp-content\/uploads\/2025\/12\/celna-2048x1365.jpg 2048w\" sizes=\"auto, (max-width: 1024px) 100vw, 1024px\" \/><span aria-hidden=\"true\" class=\"wp-block-cover__background has-background-dim\" style=\"background-color:#78a3af\"><\/span><div class=\"wp-block-cover__inner-container is-layout-flow wp-block-cover-is-layout-flow\">\n<p class=\"has-text-align-center has-border-color has-foreground-border-color has-foreground-color has-text-color has-link-color has-xx-large-font-size wp-elements-0d83d92097b7713d920919ebe41d1b58\" style=\"border-width:1px;font-style:normal;font-weight:300\">Obs\u0142uga celna<\/p>\n<\/div><\/div>\n\n\n\n<div class=\"wp-block-group alignfull is-style-ext-preset--group--natural-1--section has-tertiary-background-color has-background has-global-padding is-layout-constrained wp-container-core-group-is-layout-e955bbaf wp-block-group-is-layout-constrained\" style=\"margin-top:0;margin-bottom:0;padding-top:var(--wp--preset--spacing--70);padding-bottom:var(--wp--preset--spacing--70)\">\n<div class=\"wp-block-columns alignwide is-layout-flex wp-container-core-columns-is-layout-174606dc wp-block-columns-is-layout-flex\">\n<div class=\"wp-block-column is-vertically-aligned-stretch is-layout-flow wp-container-core-column-is-layout-119bc444 wp-block-column-is-layout-flow\">\n<div class=\"wp-block-group alignwide is-vertical is-layout-flex wp-container-core-group-is-layout-c35747d5 wp-block-group-is-layout-flex\">\n<p><strong>Zapewniamy wsparcie na ka\u017cdym etapie odprawy celnej<\/strong><\/p>\n\n\n\n<p>Procedura odprawy celnej nie jest skomplikowana, o ile wcze\u015bniej zostanie przygotowany kompletny i prawid\u0142owy zestaw dokument\u00f3w. Nasi spedytorzy sprawnie koordynuj\u0105 ca\u0142y proces i dbaj\u0105 o to, aby niezb\u0119dna dokumentacja zosta\u0142a przygotowana z odpowiednim wyprzedzeniem.<br>W przypadku gdy Klient nie posiada w\u0142asnej agencji celnej, nasz spedytor mo\u017ce wskaza\u0107 i zorganizowa\u0107 wsp\u00f3\u0142prac\u0119 z odpowiedni\u0105 agencj\u0105<\/p>\n<\/div>\n\n\n\n<figure class=\"wp-block-image size-large has-custom-border\"><img loading=\"lazy\" decoding=\"async\" width=\"1024\" height=\"684\" src=\"http:\/\/serwer402651.lh.pl\/autoinstalator\/serwer402651.lh.pl\/aiwordpress1120\/wp-content\/uploads\/2025\/12\/customs2-1024x684.jpg\" alt=\"\" class=\"wp-image-806\" style=\"border-style:none;border-width:0px\" srcset=\"https:\/\/loggins.eu\/wp-content\/uploads\/2025\/12\/customs2-1024x684.jpg 1024w, https:\/\/loggins.eu\/wp-content\/uploads\/2025\/12\/customs2-300x200.jpg 300w, https:\/\/loggins.eu\/wp-content\/uploads\/2025\/12\/customs2-768x513.jpg 768w, https:\/\/loggins.eu\/wp-content\/uploads\/2025\/12\/customs2-1536x1025.jpg 1536w, https:\/\/loggins.eu\/wp-content\/uploads\/2025\/12\/customs2.jpg 1805w\" sizes=\"auto, (max-width: 1024px) 100vw, 1024px\" \/><\/figure>\n<\/div>\n\n\n\n<div class=\"wp-block-column is-vertically-aligned-center is-layout-flow wp-container-core-column-is-layout-f5bb311e wp-block-column-is-layout-flow\">\n<div class=\"wp-block-columns is-layout-flex wp-container-core-columns-is-layout-28f84493 wp-block-columns-is-layout-flex\">\n<div class=\"wp-block-column is-vertically-aligned-stretch is-layout-flow wp-block-column-is-layout-flow\">\n<div class=\"wp-block-group is-style-ext-preset--group--natural-1--item-card-1--align-start has-global-padding is-layout-constrained wp-block-group-is-layout-constrained is-style-ext-preset--group--natural-1--item-card-1--align-start--2\">\n<p>Etap I<\/p>\n\n\n\n<ul class=\"wp-block-list\">\n<li>eksporter sk\u0142ada deklaracj\u0119 celn\u0105 do w\u0142a\u015bciwej agencji celnej,<\/li>\n\n\n\n<li>eksporter wystawia faktur\u0119 handlow\u0105 lub faktur\u0119 proforma (na jej podstawie naliczane jest c\u0142o),<\/li>\n\n\n\n<li>przygotowywane s\u0105: \u015bwiadectwo pochodzenia towaru, packing list oraz list przewozowy.<\/li>\n<\/ul>\n<\/div>\n<\/div>\n\n\n\n<div class=\"wp-block-column is-vertically-aligned-stretch is-layout-flow wp-block-column-is-layout-flow\">\n<div class=\"wp-block-group is-style-ext-preset--group--natural-1--item-card-1--align-start has-global-padding is-layout-constrained wp-block-group-is-layout-constrained is-style-ext-preset--group--natural-1--item-card-1--align-start--3\">\n<div class=\"wp-block-group is-style-default has-global-padding is-layout-constrained wp-block-group-is-layout-constrained\">\n<p>Etap II<\/p>\n\n\n\n<ul class=\"wp-block-list\">\n<li>Komplet dokument\u00f3w przekazywany jest kierowcy oraz agencji celnej w celu przeprowadzenia odprawy pocz\u0105tkowej.<\/li>\n\n\n\n<li>agent celny weryfikuje zgodno\u015b\u0107 dokumentacji z towarem,<\/li>\n\n\n\n<li>po pozytywnej weryfikacji towar zostaje zwolniony do transportu<\/li>\n<\/ul>\n<\/div>\n<\/div>\n<\/div>\n<\/div>\n\n\n\n<div class=\"wp-block-columns is-layout-flex wp-container-core-columns-is-layout-28f84493 wp-block-columns-is-layout-flex\">\n<div class=\"wp-block-column is-vertically-aligned-stretch is-layout-flow wp-block-column-is-layout-flow\">\n<div class=\"wp-block-group alignwide is-style-default has-global-padding is-layout-constrained wp-block-group-is-layout-constrained\">\n<p>Etap III<\/p>\n\n\n\n<ul class=\"wp-block-list\">\n<li>nast\u0119puje ponowna kontrola zgodno\u015bci dokument\u00f3w z przewo\u017conym \u0142adunkiem,<\/li>\n\n\n\n<li>przed zwolnieniem towaru do dalszej dystrybucji importer dokonuje op\u0142aty nale\u017cnego c\u0142a i podatk\u00f3w.<\/li>\n\n\n\n<li>Po zako\u0144czeniu wszystkich procedur celnych towar mo\u017ce zosta\u0107 roz\u0142adowany oraz dopuszczony do obrotu.<\/li>\n<\/ul>\n<\/div>\n<\/div>\n<\/div>\n<\/div>\n<\/div>\n\n\n\n<div class=\"wp-block-buttons is-content-justification-center is-layout-flex wp-container-core-buttons-is-layout-a89b3969 wp-block-buttons-is-layout-flex\">\n<div class=\"wp-block-button\"><a class=\"wp-block-button__link has-text-align-center wp-element-button\" href=\"https:\/\/serwer402651.lh.pl\/autoinstalator\/serwer402651.lh.pl\/aiwordpress1120\/kontakt\/\">Skontaktuj si\u0119 z nami<\/a><\/div>\n<\/div>\n<\/div>\n\n\n\n<p><\/p>\n","protected":false},"excerpt":{"rendered":"<p>Zapewniamy wsparcie na ka\u017cdym etapie odprawy celnej Procedura odprawy celnej nie jest skomplikowana, o ile wcze\u015bniej zostanie przygotowany kompletny i prawid\u0142owy zestaw dokument\u00f3w. Nasi spedytorzy sprawnie koordynuj\u0105 ca\u0142y proces i dbaj\u0105 o to, aby niezb\u0119dna dokumentacja zosta\u0142a przygotowana z odpowiednim wyprzedzeniem.W przypadku gdy Klient nie posiada w\u0142asnej agencji celnej, nasz spedytor mo\u017ce wskaza\u0107 i zorganizowa\u0107 [&hellip;]<\/p>\n","protected":false},"author":1,"featured_media":0,"parent":0,"menu_order":0,"comment_status":"closed","ping_status":"closed","template":"page-with-title","meta":{"_uag_custom_page_level_css":"","footnotes":""},"class_list":["post-189","page","type-page","status-publish","hentry"],"aioseo_notices":[],"uagb_featured_image_src":{"full":false,"thumbnail":false,"medium":false,"medium_large":false,"large":false,"1536x1536":false,"2048x2048":false},"uagb_author_info":{"display_name":"admin-qR73qRrA","author_link":"https:\/\/loggins.eu\/?author=1"},"uagb_comment_info":0,"uagb_excerpt":"Zapewniamy wsparcie na ka\u017cdym etapie odprawy celnej Procedura odprawy celnej nie jest skomplikowana, o ile wcze\u015bniej zostanie przygotowany kompletny i prawid\u0142owy zestaw dokument\u00f3w. Nasi spedytorzy sprawnie koordynuj\u0105 ca\u0142y proces i dbaj\u0105 o to, aby niezb\u0119dna dokumentacja zosta\u0142a przygotowana z odpowiednim wyprzedzeniem.W przypadku gdy Klient nie posiada w\u0142asnej agencji celnej, nasz spedytor mo\u017ce wskaza\u0107 i zorganizowa\u0107&hellip;","_links":{"self":[{"href":"https:\/\/loggins.eu\/index.php?rest_route=\/wp\/v2\/pages\/189","targetHints":{"allow":["GET"]}}],"collection":[{"href":"https:\/\/loggins.eu\/index.php?rest_route=\/wp\/v2\/pages"}],"about":[{"href":"https:\/\/loggins.eu\/index.php?rest_route=\/wp\/v2\/types\/page"}],"author":[{"embeddable":true,"href":"https:\/\/loggins.eu\/index.php?rest_route=\/wp\/v2\/users\/1"}],"replies":[{"embeddable":true,"href":"https:\/\/loggins.eu\/index.php?rest_route=%2Fwp%2Fv2%2Fcomments&post=189"}],"version-history":[{"count":10,"href":"https:\/\/loggins.eu\/index.php?rest_route=\/wp\/v2\/pages\/189\/revisions"}],"predecessor-version":[{"id":1003,"href":"https:\/\/loggins.eu\/index.php?rest_route=\/wp\/v2\/pages\/189\/revisions\/1003"}],"wp:attachment":[{"href":"https:\/\/loggins.eu\/index.php?rest_route=%2Fwp%2Fv2%2Fmedia&parent=189"}],"curies":[{"name":"wp","href":"https:\/\/api.w.org\/{rel}","templated":true}]}}