{"id":454,"date":"2025-12-11T17:05:33","date_gmt":"2025-12-11T16:05:33","guid":{"rendered":"https:\/\/serwer402651.lh.pl\/autoinstalator\/serwer402651.lh.pl\/aiwordpress1120\/?page_id=454"},"modified":"2026-01-18T14:21:15","modified_gmt":"2026-01-18T13:21:15","slug":"spedycja-towarow-neutralnych","status":"publish","type":"page","link":"https:\/\/loggins.eu\/?page_id=454","title":{"rendered":"Spedycja Towar\u00f3w Neutralnych"},"content":{"rendered":"\n<div style=\"aspect-ratio:16\/9;min-height:unset;\" class=\"wp-block-cover alignfull is-style-default has-aspect-ratio\"><img loading=\"lazy\" decoding=\"async\" width=\"1024\" height=\"658\" class=\"wp-block-cover__image-background wp-image-79 size-large\" alt=\"towary neutralne\" src=\"http:\/\/serwer402651.lh.pl\/autoinstalator\/serwer402651.lh.pl\/aiwordpress1120\/wp-content\/uploads\/2025\/12\/truck_contact-1024x658.jpg\" data-object-fit=\"cover\" srcset=\"https:\/\/loggins.eu\/wp-content\/uploads\/2025\/12\/truck_contact-1024x658.jpg 1024w, https:\/\/loggins.eu\/wp-content\/uploads\/2025\/12\/truck_contact-300x193.jpg 300w, https:\/\/loggins.eu\/wp-content\/uploads\/2025\/12\/truck_contact-768x494.jpg 768w, https:\/\/loggins.eu\/wp-content\/uploads\/2025\/12\/truck_contact-1536x987.jpg 1536w, https:\/\/loggins.eu\/wp-content\/uploads\/2025\/12\/truck_contact-2048x1316.jpg 2048w\" sizes=\"auto, (max-width: 1024px) 100vw, 1024px\" \/><span aria-hidden=\"true\" class=\"wp-block-cover__background has-background-dim\" style=\"background-color:#7e7e7a\"><\/span><div class=\"wp-block-cover__inner-container is-layout-flow wp-block-cover-is-layout-flow\">\n<p class=\"has-text-align-center has-xx-large-font-size\" style=\"border-width:1px;font-style:normal;font-weight:300\">Spedycja towar\u00f3w o charakterze neutralnym<\/p>\n<\/div><\/div>\n\n\n\n<div class=\"wp-block-group alignfull is-style-ext-preset--group--natural-1--section has-tertiary-background-color has-background has-global-padding is-layout-constrained wp-container-core-group-is-layout-e955bbaf wp-block-group-is-layout-constrained\" style=\"margin-top:0;margin-bottom:0;padding-top:var(--wp--preset--spacing--70);padding-bottom:var(--wp--preset--spacing--70)\">\n<div class=\"wp-block-group alignfull is-vertical is-content-justification-center is-layout-flex wp-container-core-group-is-layout-1ea2a430 wp-block-group-is-layout-flex\">\n<div class=\"wp-block-group has-global-padding is-layout-constrained wp-container-core-group-is-layout-5e05634a wp-block-group-is-layout-constrained\">\n<h2 class=\"wp-block-heading has-text-align-center has-large-font-size\" style=\"font-style:normal;font-weight:300\">Spedycja towar\u00f3w neutralnych \u2013 nasza specjalizacja<\/h2>\n\n\n\n<p class=\"has-text-align-center has-medium-font-size\" style=\"font-style:normal;font-weight:200\">Oferujemy kompleksowe us\u0142ugi spedycyjne, gwarantuj\u0105ce terminowo\u015b\u0107 oraz bezpiecze\u0144stwo ka\u017cdej przesy\u0142ki.<\/p>\n<\/div>\n<\/div>\n\n\n\n<div class=\"wp-block-columns alignwide is-layout-flex wp-container-core-columns-is-layout-08c01c1c wp-block-columns-is-layout-flex\">\n<div class=\"wp-block-column is-vertically-aligned-stretch is-layout-flow wp-container-core-column-is-layout-119bc444 wp-block-column-is-layout-flow\">\n<div class=\"wp-block-media-text is-stacked-on-mobile is-image-fill-element is-style-ext-preset--media-text--natural-1--card-1 has-background-background-color has-background is-style-ext-preset--media-text--natural-1--card-1--2\" style=\"border-style:none;border-width:0px\"><figure class=\"wp-block-media-text__media\"><img loading=\"lazy\" decoding=\"async\" width=\"1024\" height=\"683\" src=\"https:\/\/serwer402651.lh.pl\/autoinstalator\/serwer402651.lh.pl\/aiwordpress1120\/wp-content\/uploads\/2025\/12\/truckneut-1024x683.jpg\" alt=\"\" class=\"wp-image-639 size-full\" style=\"object-position:50% 50%\" srcset=\"https:\/\/loggins.eu\/wp-content\/uploads\/2025\/12\/truckneut-1024x683.jpg 1024w, https:\/\/loggins.eu\/wp-content\/uploads\/2025\/12\/truckneut-300x200.jpg 300w, https:\/\/loggins.eu\/wp-content\/uploads\/2025\/12\/truckneut-768x512.jpg 768w, https:\/\/loggins.eu\/wp-content\/uploads\/2025\/12\/truckneut-1536x1024.jpg 1536w, https:\/\/loggins.eu\/wp-content\/uploads\/2025\/12\/truckneut-2048x1365.jpg 2048w\" sizes=\"auto, (max-width: 1024px) 100vw, 1024px\" \/><\/figure><div class=\"wp-block-media-text__content\">\n<div class=\"wp-block-group is-style-default has-global-padding is-layout-constrained wp-container-core-group-is-layout-9a7b35d3 wp-block-group-is-layout-constrained\" style=\"padding-top:var(--wp--preset--spacing--40);padding-right:var(--wp--preset--spacing--30);padding-bottom:var(--wp--preset--spacing--40);padding-left:var(--wp--preset--spacing--30)\">\n<h3 class=\"wp-block-heading\" style=\"font-size:clamp(15.747px, 0.984rem + ((1vw - 3.2px) * 0.86), 24px);\">Transport krajowy<\/h3>\n\n\n\n<p class=\"has-small-font-size\">Zapewniamy bezpieczny i szybki przew\u00f3z towar\u00f3w neutralnych na terenie ca\u0142ego kraju.<\/p>\n<\/div>\n<\/div><\/div>\n<\/div>\n\n\n\n<div class=\"wp-block-column is-vertically-aligned-stretch is-layout-flow wp-container-core-column-is-layout-119bc444 wp-block-column-is-layout-flow\">\n<div class=\"wp-block-media-text is-stacked-on-mobile is-image-fill-element is-style-ext-preset--media-text--natural-1--card-1 has-background-background-color has-background is-style-ext-preset--media-text--natural-1--card-1--3\" style=\"border-style:none;border-width:0px\"><figure class=\"wp-block-media-text__media\"><img loading=\"lazy\" decoding=\"async\" width=\"1024\" height=\"491\" src=\"http:\/\/serwer402651.lh.pl\/autoinstalator\/serwer402651.lh.pl\/aiwordpress1120\/wp-content\/uploads\/2025\/12\/log_truck2-1024x491.jpg\" alt=\"\" class=\"wp-image-83 size-full\" style=\"object-position:13% 100%\" srcset=\"https:\/\/loggins.eu\/wp-content\/uploads\/2025\/12\/log_truck2-1024x491.jpg 1024w, https:\/\/loggins.eu\/wp-content\/uploads\/2025\/12\/log_truck2-300x144.jpg 300w, https:\/\/loggins.eu\/wp-content\/uploads\/2025\/12\/log_truck2-768x368.jpg 768w, https:\/\/loggins.eu\/wp-content\/uploads\/2025\/12\/log_truck2-1536x737.jpg 1536w, https:\/\/loggins.eu\/wp-content\/uploads\/2025\/12\/log_truck2.jpg 1975w\" sizes=\"auto, (max-width: 1024px) 100vw, 1024px\" \/><\/figure><div class=\"wp-block-media-text__content\">\n<div class=\"wp-block-group is-style-default has-global-padding is-layout-constrained wp-container-core-group-is-layout-9a7b35d3 wp-block-group-is-layout-constrained\" style=\"padding-top:var(--wp--preset--spacing--40);padding-right:var(--wp--preset--spacing--30);padding-bottom:var(--wp--preset--spacing--40);padding-left:var(--wp--preset--spacing--30)\">\n<h3 class=\"wp-block-heading\" style=\"font-size:clamp(15.747px, 0.984rem + ((1vw - 3.2px) * 0.86), 24px);\">Transport mi\u0119dzynarodowy<\/h3>\n\n\n\n<p class=\"has-small-font-size\">Organizujemy przewozy zagraniczne z pe\u0142n\u0105 kontrol\u0105 oraz dostosowaniem do wymog\u00f3w klienta.<\/p>\n<\/div>\n<\/div><\/div>\n<\/div>\n<\/div>\n\n\n\n<div class=\"wp-block-columns alignwide is-layout-flex wp-container-core-columns-is-layout-967d05ff wp-block-columns-is-layout-flex\" style=\"margin-top:var(--wp--preset--spacing--40)\">\n<div class=\"wp-block-column is-vertically-aligned-stretch is-layout-flow wp-container-core-column-is-layout-119bc444 wp-block-column-is-layout-flow\">\n<div class=\"wp-block-media-text is-stacked-on-mobile is-image-fill-element is-style-ext-preset--media-text--natural-1--card-1 has-background-background-color has-background is-style-ext-preset--media-text--natural-1--card-1--4\" style=\"border-style:none;border-width:0px\"><figure class=\"wp-block-media-text__media\"><img loading=\"lazy\" decoding=\"async\" width=\"1024\" height=\"683\" src=\"http:\/\/serwer402651.lh.pl\/autoinstalator\/serwer402651.lh.pl\/aiwordpress1120\/wp-content\/uploads\/2025\/12\/8ccc78009ef0a12a2885d3cda02540df3c158616-1024x683.jpg\" alt=\"\" class=\"wp-image-506 size-full\" style=\"object-position:50% 50%\" srcset=\"https:\/\/loggins.eu\/wp-content\/uploads\/2025\/12\/8ccc78009ef0a12a2885d3cda02540df3c158616-1024x683.jpg 1024w, https:\/\/loggins.eu\/wp-content\/uploads\/2025\/12\/8ccc78009ef0a12a2885d3cda02540df3c158616-300x200.jpg 300w, https:\/\/loggins.eu\/wp-content\/uploads\/2025\/12\/8ccc78009ef0a12a2885d3cda02540df3c158616-768x512.jpg 768w, https:\/\/loggins.eu\/wp-content\/uploads\/2025\/12\/8ccc78009ef0a12a2885d3cda02540df3c158616.jpg 1440w\" sizes=\"auto, (max-width: 1024px) 100vw, 1024px\" \/><\/figure><div class=\"wp-block-media-text__content\">\n<div class=\"wp-block-group is-style-default has-global-padding is-layout-constrained wp-container-core-group-is-layout-9a7b35d3 wp-block-group-is-layout-constrained\" style=\"padding-top:var(--wp--preset--spacing--40);padding-right:var(--wp--preset--spacing--30);padding-bottom:var(--wp--preset--spacing--40);padding-left:var(--wp--preset--spacing--30)\">\n<h3 class=\"wp-block-heading\" style=\"font-size:clamp(15.747px, 0.984rem + ((1vw - 3.2px) * 0.86), 24px);\">Obs\u0142uga logistyczna<\/h3>\n\n\n\n<p class=\"has-small-font-size\">Zarz\u0105dzamy ca\u0142ym procesem spedycyjnym, dbaj\u0105c o optymalizacj\u0119 i terminow\u0105 realizacj\u0119.<\/p>\n<\/div>\n<\/div><\/div>\n<\/div>\n\n\n\n<div class=\"wp-block-column is-vertically-aligned-stretch is-layout-flow wp-container-core-column-is-layout-119bc444 wp-block-column-is-layout-flow\">\n<div class=\"wp-block-media-text is-stacked-on-mobile is-image-fill-element is-style-ext-preset--media-text--natural-1--card-1 has-background-background-color has-background is-style-ext-preset--media-text--natural-1--card-1--5\" style=\"border-style:none;border-width:0px\"><figure class=\"wp-block-media-text__media\"><img loading=\"lazy\" decoding=\"async\" width=\"1024\" height=\"684\" src=\"https:\/\/serwer402651.lh.pl\/autoinstalator\/serwer402651.lh.pl\/aiwordpress1120\/wp-content\/uploads\/2025\/12\/monit-1024x684.jpg\" alt=\"\" class=\"wp-image-638 size-full\" style=\"object-position:100% 85%\" srcset=\"https:\/\/loggins.eu\/wp-content\/uploads\/2025\/12\/monit-1024x684.jpg 1024w, https:\/\/loggins.eu\/wp-content\/uploads\/2025\/12\/monit-300x200.jpg 300w, https:\/\/loggins.eu\/wp-content\/uploads\/2025\/12\/monit-768x513.jpg 768w, https:\/\/loggins.eu\/wp-content\/uploads\/2025\/12\/monit-1536x1025.jpg 1536w, https:\/\/loggins.eu\/wp-content\/uploads\/2025\/12\/monit-2048x1367.jpg 2048w\" sizes=\"auto, (max-width: 1024px) 100vw, 1024px\" \/><\/figure><div class=\"wp-block-media-text__content\">\n<div class=\"wp-block-group is-style-default has-global-padding is-layout-constrained wp-container-core-group-is-layout-9a7b35d3 wp-block-group-is-layout-constrained\" style=\"padding-top:var(--wp--preset--spacing--40);padding-right:var(--wp--preset--spacing--30);padding-bottom:var(--wp--preset--spacing--40);padding-left:var(--wp--preset--spacing--30)\">\n<h3 class=\"wp-block-heading\" style=\"font-size:clamp(15.747px, 0.984rem + ((1vw - 3.2px) * 0.86), 24px);\">Monitoring przesy\u0142ek<\/h3>\n\n\n\n<p class=\"has-small-font-size\">Zapewniamy transparentny nadz\u00f3r nad transportem, gwarantuj\u0105c pe\u0142n\u0105 informacj\u0119 na ka\u017cdym etapie.<\/p>\n<\/div>\n<\/div><\/div>\n<\/div>\n<\/div>\n<\/div>\n\n\n\n<div class=\"wp-block-group alignfull is-style-ext-preset--group--natural-1--section has-background-background-color has-background has-global-padding is-layout-constrained wp-container-core-group-is-layout-e955bbaf wp-block-group-is-layout-constrained\" style=\"margin-top:0;margin-bottom:0;padding-top:var(--wp--preset--spacing--70);padding-bottom:var(--wp--preset--spacing--70)\">\n<div class=\"wp-block-group alignwide is-vertical is-content-justification-center is-layout-flex wp-container-core-group-is-layout-c9ee0c5a wp-block-group-is-layout-flex\">\n<div class=\"wp-block-group has-global-padding is-layout-constrained wp-container-core-group-is-layout-5e05634a wp-block-group-is-layout-constrained\">\n<h2 class=\"wp-block-heading has-text-align-center has-large-font-size\" style=\"font-style:normal;font-weight:300\">Jak dzia\u0142a spedycja towar\u00f3w neutralnych<\/h2>\n\n\n\n<p class=\"has-text-align-center has-medium-font-size\" style=\"font-style:normal;font-weight:200\">Poznaj nasz proces spedycyjny, kt\u00f3ry gwarantuje bezpieczne i terminowe dostarczenie ka\u017cdego \u0142adunku neutralnego.<\/p>\n<\/div>\n<\/div>\n\n\n\n<div class=\"wp-block-columns alignwide is-layout-flex wp-container-core-columns-is-layout-08c01c1c wp-block-columns-is-layout-flex\">\n<div class=\"wp-block-column is-vertically-aligned-stretch is-layout-flow wp-container-core-column-is-layout-f5bb311e wp-block-column-is-layout-flow\">\n<div class=\"wp-block-group is-style-ext-preset--group--natural-1--item-card-1--align-center has-global-padding is-layout-constrained wp-block-group-is-layout-constrained is-style-ext-preset--group--natural-1--item-card-1--align-center--7\">\n<div class=\"wp-block-group is-style-default has-global-padding is-layout-constrained wp-block-group-is-layout-constrained\">\n<h3 class=\"wp-block-heading has-text-align-center\">Krok pierwszy: Zg\u0142oszenie zlecenia<\/h3>\n\n\n\n<p class=\"has-text-align-center\">Zacznij od przes\u0142ania szczeg\u00f3\u0142\u00f3w przesy\u0142ki \u2013 to pozwoli nam przygotowa\u0107 najlepsz\u0105 ofert\u0119 i zaplanowa\u0107 transport.<\/p>\n<\/div>\n<\/div>\n<\/div>\n\n\n\n<div class=\"wp-block-column is-vertically-aligned-stretch is-layout-flow wp-container-core-column-is-layout-f5bb311e wp-block-column-is-layout-flow\">\n<div class=\"wp-block-group is-style-ext-preset--group--natural-1--item-card-1--align-center has-global-padding is-layout-constrained wp-block-group-is-layout-constrained is-style-ext-preset--group--natural-1--item-card-1--align-center--8\">\n<div class=\"wp-block-group is-style-default has-global-padding is-layout-constrained wp-block-group-is-layout-constrained\">\n<h3 class=\"wp-block-heading has-text-align-center\">Krok drugi: Realizacja transportu<\/h3>\n\n\n\n<p class=\"has-text-align-center\">Nasi specjali\u015bci organizuj\u0105 przew\u00f3z, monitoruj\u0105c ca\u0142y przebieg, by zapewni\u0107 pe\u0142n\u0105 kontrol\u0119 i bezpiecze\u0144stwo przesy\u0142ki.<\/p>\n<\/div>\n<\/div>\n<\/div>\n\n\n\n<div class=\"wp-block-column is-vertically-aligned-stretch is-layout-flow wp-container-core-column-is-layout-f5bb311e wp-block-column-is-layout-flow\">\n<div class=\"wp-block-group is-style-ext-preset--group--natural-1--item-card-1--align-center has-global-padding is-layout-constrained wp-block-group-is-layout-constrained is-style-ext-preset--group--natural-1--item-card-1--align-center--9\">\n<div class=\"wp-block-group is-style-default has-global-padding is-layout-constrained wp-block-group-is-layout-constrained\">\n<h3 class=\"wp-block-heading has-text-align-center\">Krok trzeci: Dostawa i potwierdzenie<\/h3>\n\n\n\n<p class=\"has-text-align-center\">Zapewniamy terminowe dor\u0119czenie towar\u00f3w oraz dokumentacj\u0119 potwierdzaj\u0105c\u0105 wykonanie us\u0142ugi na najwy\u017cszym poziomie.<\/p>\n<\/div>\n<\/div>\n<\/div>\n<\/div>\n\n\n\n<div class=\"wp-block-columns alignwide is-layout-flex wp-container-core-columns-is-layout-28f84493 wp-block-columns-is-layout-flex\">\n<div class=\"wp-block-column is-layout-flow wp-block-column-is-layout-flow\">\n<p><strong><strong>Pe\u0142na satysfakcja Klienta niezale\u017cnie od rodzaju transportu<\/strong><\/strong><\/p>\n\n\n\n<p><strong>Cho\u0107 przew\u00f3z towar\u00f3w o charakterze neutralnym nie wi\u0105\u017ce si\u0119 z konieczno\u015bci\u0105 spe\u0142niania szczeg\u00f3lnych wymaga\u0144, dla LOGGINS niezmiennie priorytetem pozostaje pe\u0142na satysfakcja Klienta oraz realizacja us\u0142ug logistycznych na najwy\u017cszym poziomie.<\/strong><\/p>\n\n\n\n<p>Dlatego dok\u0142adamy wszelkich stara\u0144, aby transport towar\u00f3w neutralnych by\u0142 realizowany zgodnie z warto\u015bciami LOGGINS \u2013 z zachowaniem najwy\u017cszej jako\u015bci, rzetelno\u015bci oraz obowi\u0105zuj\u0105cych standard\u00f3w obs\u0142ugi.<\/p>\n\n\n\n<div class=\"wp-block-buttons alignwide is-content-justification-center is-layout-flex wp-container-core-buttons-is-layout-a89b3969 wp-block-buttons-is-layout-flex\">\n<div class=\"wp-block-button\"><a class=\"wp-block-button__link wp-element-button\" href=\"https:\/\/serwer402651.lh.pl\/autoinstalator\/serwer402651.lh.pl\/aiwordpress1120\/kalkulator-frachtu\/\">Wyce\u0144 fracht<\/a><\/div>\n<\/div>\n<\/div>\n\n\n\n<div class=\"wp-block-column is-layout-flow wp-block-column-is-layout-flow\">\n<figure class=\"wp-block-image size-large has-custom-border\"><img loading=\"lazy\" decoding=\"async\" width=\"1024\" height=\"683\" src=\"http:\/\/serwer402651.lh.pl\/autoinstalator\/serwer402651.lh.pl\/aiwordpress1120\/wp-content\/uploads\/2025\/12\/neutral2-1024x683.jpg\" alt=\"\" class=\"wp-image-768\" style=\"border-style:none;border-width:0px\" srcset=\"https:\/\/loggins.eu\/wp-content\/uploads\/2025\/12\/neutral2-1024x683.jpg 1024w, https:\/\/loggins.eu\/wp-content\/uploads\/2025\/12\/neutral2-300x200.jpg 300w, https:\/\/loggins.eu\/wp-content\/uploads\/2025\/12\/neutral2-768x512.jpg 768w, https:\/\/loggins.eu\/wp-content\/uploads\/2025\/12\/neutral2-1536x1024.jpg 1536w, https:\/\/loggins.eu\/wp-content\/uploads\/2025\/12\/neutral2.jpg 1728w\" sizes=\"auto, (max-width: 1024px) 100vw, 1024px\" \/><\/figure>\n<\/div>\n<\/div>\n<\/div>\n\n\n\n<p><\/p>\n","protected":false},"excerpt":{"rendered":"<p>Spedycja towar\u00f3w neutralnych \u2013 nasza specjalizacja Oferujemy kompleksowe us\u0142ugi spedycyjne, gwarantuj\u0105ce terminowo\u015b\u0107 oraz bezpiecze\u0144stwo ka\u017cdej przesy\u0142ki. Transport krajowy Zapewniamy bezpieczny i szybki przew\u00f3z towar\u00f3w neutralnych na terenie ca\u0142ego kraju. Transport mi\u0119dzynarodowy Organizujemy przewozy zagraniczne z pe\u0142n\u0105 kontrol\u0105 oraz dostosowaniem do wymog\u00f3w klienta. Obs\u0142uga logistyczna Zarz\u0105dzamy ca\u0142ym procesem spedycyjnym, dbaj\u0105c o optymalizacj\u0119 i terminow\u0105 realizacj\u0119. Monitoring [&hellip;]<\/p>\n","protected":false},"author":1,"featured_media":0,"parent":0,"menu_order":0,"comment_status":"closed","ping_status":"closed","template":"page-with-title","meta":{"_uag_custom_page_level_css":"","footnotes":""},"class_list":["post-454","page","type-page","status-publish","hentry"],"aioseo_notices":[],"uagb_featured_image_src":{"full":false,"thumbnail":false,"medium":false,"medium_large":false,"large":false,"1536x1536":false,"2048x2048":false},"uagb_author_info":{"display_name":"admin-qR73qRrA","author_link":"https:\/\/loggins.eu\/?author=1"},"uagb_comment_info":0,"uagb_excerpt":"Spedycja towar\u00f3w neutralnych \u2013 nasza specjalizacja Oferujemy kompleksowe us\u0142ugi spedycyjne, gwarantuj\u0105ce terminowo\u015b\u0107 oraz bezpiecze\u0144stwo ka\u017cdej przesy\u0142ki. Transport krajowy Zapewniamy bezpieczny i szybki przew\u00f3z towar\u00f3w neutralnych na terenie ca\u0142ego kraju. Transport mi\u0119dzynarodowy Organizujemy przewozy zagraniczne z pe\u0142n\u0105 kontrol\u0105 oraz dostosowaniem do wymog\u00f3w klienta. Obs\u0142uga logistyczna Zarz\u0105dzamy ca\u0142ym procesem spedycyjnym, dbaj\u0105c o optymalizacj\u0119 i terminow\u0105 realizacj\u0119. Monitoring&hellip;","_links":{"self":[{"href":"https:\/\/loggins.eu\/index.php?rest_route=\/wp\/v2\/pages\/454","targetHints":{"allow":["GET"]}}],"collection":[{"href":"https:\/\/loggins.eu\/index.php?rest_route=\/wp\/v2\/pages"}],"about":[{"href":"https:\/\/loggins.eu\/index.php?rest_route=\/wp\/v2\/types\/page"}],"author":[{"embeddable":true,"href":"https:\/\/loggins.eu\/index.php?rest_route=\/wp\/v2\/users\/1"}],"replies":[{"embeddable":true,"href":"https:\/\/loggins.eu\/index.php?rest_route=%2Fwp%2Fv2%2Fcomments&post=454"}],"version-history":[{"count":12,"href":"https:\/\/loggins.eu\/index.php?rest_route=\/wp\/v2\/pages\/454\/revisions"}],"predecessor-version":[{"id":1000,"href":"https:\/\/loggins.eu\/index.php?rest_route=\/wp\/v2\/pages\/454\/revisions\/1000"}],"wp:attachment":[{"href":"https:\/\/loggins.eu\/index.php?rest_route=%2Fwp%2Fv2%2Fmedia&parent=454"}],"curies":[{"name":"wp","href":"https:\/\/api.w.org\/{rel}","templated":true}]}}