{"id":456,"date":"2025-12-11T17:07:31","date_gmt":"2025-12-11T16:07:31","guid":{"rendered":"https:\/\/serwer402651.lh.pl\/autoinstalator\/serwer402651.lh.pl\/aiwordpress1120\/?page_id=456"},"modified":"2026-01-18T13:17:20","modified_gmt":"2026-01-18T12:17:20","slug":"transport-termiczny","status":"publish","type":"page","link":"https:\/\/loggins.eu\/?page_id=456","title":{"rendered":"Spedycja ch\u0142odniczo-grzewcza"},"content":{"rendered":"\n<div class=\"wp-block-cover alignfull\" style=\"border-style:none;border-width:0px\"><img loading=\"lazy\" decoding=\"async\" width=\"1024\" height=\"683\" class=\"wp-block-cover__image-background wp-image-561\" alt=\"\" src=\"http:\/\/serwer402651.lh.pl\/autoinstalator\/serwer402651.lh.pl\/aiwordpress1120\/wp-content\/uploads\/2025\/12\/truck3-1024x683.jpg\" data-object-fit=\"cover\" srcset=\"https:\/\/loggins.eu\/wp-content\/uploads\/2025\/12\/truck3-1024x683.jpg 1024w, https:\/\/loggins.eu\/wp-content\/uploads\/2025\/12\/truck3-300x200.jpg 300w, https:\/\/loggins.eu\/wp-content\/uploads\/2025\/12\/truck3-768x512.jpg 768w, https:\/\/loggins.eu\/wp-content\/uploads\/2025\/12\/truck3-1536x1024.jpg 1536w, https:\/\/loggins.eu\/wp-content\/uploads\/2025\/12\/truck3-2048x1366.jpg 2048w\" sizes=\"auto, (max-width: 1024px) 100vw, 1024px\" \/><span aria-hidden=\"true\" class=\"wp-block-cover__background has-background-dim\"><\/span><div class=\"wp-block-cover__inner-container has-global-padding is-layout-constrained wp-container-core-cover-is-layout-1b1bd8c2 wp-block-cover-is-layout-constrained\">\n<p class=\"has-text-align-center has-foreground-color has-text-color has-link-color has-x-large-font-size wp-elements-d54ea71052702defaf5f37d67127272d\" style=\"border-width:1px;font-style:normal;font-weight:300\">Spedycja towar\u00f3w ch\u0142odniczych i grzewczych<\/p>\n<\/div><\/div>\n\n\n\n<div class=\"wp-block-group alignfull is-style-ext-preset--group--natural-1--section has-background-background-color has-background has-global-padding is-layout-constrained wp-container-core-group-is-layout-e955bbaf wp-block-group-is-layout-constrained\" style=\"margin-top:0;margin-bottom:0;padding-top:var(--wp--preset--spacing--70);padding-bottom:var(--wp--preset--spacing--70)\">\n<div class=\"wp-block-columns alignwide is-layout-flex wp-container-core-columns-is-layout-08c01c1c wp-block-columns-is-layout-flex\">\n<div class=\"wp-block-column is-layout-flow wp-block-column-is-layout-flow\">\n<div class=\"wp-block-group is-style-ext-preset--group--natural-1--item-card-1--align-center has-global-padding is-layout-constrained wp-block-group-is-layout-constrained is-style-ext-preset--group--natural-1--item-card-1--align-center--2\">\n<div class=\"wp-block-group is-style-default has-global-padding is-layout-constrained wp-block-group-is-layout-constrained\">\n<h3 class=\"wp-block-heading has-text-align-center\">Transport ch\u0142odniczy<\/h3>\n\n\n\n<p class=\"has-text-align-center\">Zapewniamy precyzyjne warunki ch\u0142odnicze, idealne dla produkt\u00f3w \u0142atwo psuj\u0105cych si\u0119.<\/p>\n<\/div>\n<\/div>\n<\/div>\n\n\n\n<div class=\"wp-block-column is-layout-flow wp-block-column-is-layout-flow\">\n<div class=\"wp-block-group is-style-ext-preset--group--natural-1--item-card-1--align-center has-global-padding is-layout-constrained wp-block-group-is-layout-constrained is-style-ext-preset--group--natural-1--item-card-1--align-center--3\">\n<div class=\"wp-block-group is-style-default has-global-padding is-layout-constrained wp-block-group-is-layout-constrained\">\n<h3 class=\"wp-block-heading has-text-align-center\">Transport grzewczy<\/h3>\n\n\n\n<p class=\"has-text-align-center\">Oferujemy bezpieczne przewozy \u0142adunk\u00f3w wymagaj\u0105cych utrzymania sta\u0142ej, podwy\u017cszonej temperatury.<\/p>\n<\/div>\n<\/div>\n<\/div>\n\n\n\n<div class=\"wp-block-column is-layout-flow wp-block-column-is-layout-flow\">\n<div class=\"wp-block-group is-style-ext-preset--group--natural-1--item-card-1--align-center has-global-padding is-layout-constrained wp-block-group-is-layout-constrained is-style-ext-preset--group--natural-1--item-card-1--align-center--4\">\n<div class=\"wp-block-group is-style-default has-global-padding is-layout-constrained wp-block-group-is-layout-constrained\">\n<h3 class=\"wp-block-heading has-text-align-center\">Kontrola i monitoring<\/h3>\n\n\n\n<p class=\"has-text-align-center\">Stosujemy nowoczesne systemy monitoringu, kt\u00f3re zapewniaj\u0105 ci\u0105g\u0142o\u015b\u0107 nadzoru nad temperatur\u0105 \u0142adunku.<\/p>\n<\/div>\n<\/div>\n<\/div>\n<\/div>\n\n\n\n<div class=\"wp-block-columns alignwide is-layout-flex wp-container-core-columns-is-layout-28f84493 wp-block-columns-is-layout-flex\">\n<div class=\"wp-block-column is-vertically-aligned-bottom is-layout-flow wp-block-column-is-layout-flow\">\n<p>Ten rodzaj transportu doskonale sprawdza si\u0119 przy przewozie szybko psuj\u0105cych si\u0119 produkt\u00f3w spo\u017cywczych, kt\u00f3re wymagaj\u0105 kontrolowanej temperatury, w tym tak\u017ce ogrzewania. Jest szczeg\u00f3lnie odpowiedni do transportu takich towar\u00f3w jak ryby, mi\u0119so czy owoce.<\/p>\n\n\n\n<p>Pojazdy transportowe maj\u0105 pojemno\u015b\u0107 do <strong>33 europalet<\/strong>, a ich standardowa \u0142adowno\u015b\u0107 wynosi <strong>do 22 ton<\/strong>. W zale\u017cno\u015bci od specyfiki przewo\u017conego produktu wykorzystujemy <strong>ch\u0142odnie, izotermy lub hak\u00f3wki<\/strong>, wszystkie wyposa\u017cone w nowoczesne urz\u0105dzenia ch\u0142odz\u0105co-grzewcze, zapewniaj\u0105ce utrzymanie odpowiednich warunk\u00f3w podczas ca\u0142ej trasy.<\/p>\n<\/div>\n\n\n\n<div class=\"wp-block-column is-vertically-aligned-top is-layout-flow wp-block-column-is-layout-flow\">\n<figure class=\"wp-block-image aligncenter size-large has-custom-border\"><img loading=\"lazy\" decoding=\"async\" width=\"1024\" height=\"448\" src=\"https:\/\/serwer402651.lh.pl\/autoinstalator\/serwer402651.lh.pl\/aiwordpress1120\/wp-content\/uploads\/2025\/12\/controlcheck-1024x448.jpg\" alt=\"\" class=\"wp-image-777\" style=\"border-style:none;border-width:0px\" srcset=\"https:\/\/loggins.eu\/wp-content\/uploads\/2025\/12\/controlcheck-1024x448.jpg 1024w, https:\/\/loggins.eu\/wp-content\/uploads\/2025\/12\/controlcheck-300x131.jpg 300w, https:\/\/loggins.eu\/wp-content\/uploads\/2025\/12\/controlcheck-768x336.jpg 768w, https:\/\/loggins.eu\/wp-content\/uploads\/2025\/12\/controlcheck.jpg 1500w\" sizes=\"auto, (max-width: 1024px) 100vw, 1024px\" \/><\/figure>\n<\/div>\n<\/div>\n\n\n\n<div class=\"wp-block-columns alignwide is-layout-flex wp-container-core-columns-is-layout-28f84493 wp-block-columns-is-layout-flex\" style=\"border-style:none;border-width:0px\">\n<div class=\"wp-block-column is-vertically-aligned-center is-layout-flow wp-block-column-is-layout-flow\" style=\"border-style:none;border-width:0px\">\n<h3 class=\"wp-block-heading\">Dbamy o najlepsze warunki transportu<\/h3>\n\n\n\n<p>Obs\u0142uga transportu towar\u00f3w ch\u0142odniczych i grzewczych to szczeg\u00f3lnie wymagaj\u0105ce zadanie. Takie \u0142adunki to zazwyczaj towary spo\u017cywcze, a wi\u0119c potrzebuj\u0105ce wyj\u0105tkowych warunk\u00f3w gwarantuj\u0105cych podtrzymanie \u015bwie\u017co\u015bci. W LOGGINS troszczymy si\u0119 o to, aby transport towar\u00f3w odbywa\u0142 si\u0119 w najlepszych warunkach z gwarancj\u0105 jako\u015bci oraz nieskazitelno\u015bci \u0142adunku. Dlatego te\u017c jeste\u015bmy \u015bwietnie przygotowani do obs\u0142ugi przewozu wymaganego przez Klienta towaru.<\/p>\n\n\n\n<figure class=\"wp-block-image size-large\"><img loading=\"lazy\" decoding=\"async\" width=\"1024\" height=\"683\" src=\"http:\/\/serwer402651.lh.pl\/autoinstalator\/serwer402651.lh.pl\/aiwordpress1120\/wp-content\/uploads\/2025\/12\/temp-1024x683.jpg\" alt=\"\" class=\"wp-image-778\" srcset=\"https:\/\/loggins.eu\/wp-content\/uploads\/2025\/12\/temp-1024x683.jpg 1024w, https:\/\/loggins.eu\/wp-content\/uploads\/2025\/12\/temp-300x200.jpg 300w, https:\/\/loggins.eu\/wp-content\/uploads\/2025\/12\/temp-768x512.jpg 768w, https:\/\/loggins.eu\/wp-content\/uploads\/2025\/12\/temp-1536x1024.jpg 1536w, https:\/\/loggins.eu\/wp-content\/uploads\/2025\/12\/temp-2048x1366.jpg 2048w\" sizes=\"auto, (max-width: 1024px) 100vw, 1024px\" \/><\/figure>\n<\/div>\n<\/div>\n<\/div>\n\n\n\n<div class=\"wp-block-group alignfull is-style-ext-preset--group--natural-1--section has-tertiary-background-color has-background has-global-padding is-layout-constrained wp-container-core-group-is-layout-e955bbaf wp-block-group-is-layout-constrained\" style=\"border-style:none;border-width:0px;margin-top:0;margin-bottom:0;padding-top:var(--wp--preset--spacing--70);padding-bottom:var(--wp--preset--spacing--70)\">\n<div class=\"wp-block-group alignwide is-vertical is-content-justification-center is-layout-flex wp-container-core-group-is-layout-c9ee0c5a wp-block-group-is-layout-flex\" style=\"border-style:none;border-width:0px\">\n<div class=\"wp-block-group has-global-padding is-layout-constrained wp-container-core-group-is-layout-5e05634a wp-block-group-is-layout-constrained\">\n<h2 class=\"wp-block-heading has-text-align-center\">Krok po kroku<\/h2>\n\n\n\n<p class=\"has-text-align-center\">Jak zapewniamy kontrol\u0119 temperatury podczas przewozu towar\u00f3w wymagaj\u0105cych ch\u0142odzenia i ogrzewania.<\/p>\n<\/div>\n<\/div>\n\n\n\n<div class=\"wp-block-columns alignwide is-layout-flex wp-container-core-columns-is-layout-08c01c1c wp-block-columns-is-layout-flex\">\n<div class=\"wp-block-column is-vertically-aligned-stretch is-layout-flow wp-container-core-column-is-layout-f5bb311e wp-block-column-is-layout-flow\">\n<div class=\"wp-block-group is-style-ext-preset--group--natural-1--item-card-1--align-center has-global-padding is-layout-constrained wp-block-group-is-layout-constrained is-style-ext-preset--group--natural-1--item-card-1--align-center--6\">\n<div class=\"wp-block-group is-style-default has-global-padding is-layout-constrained wp-block-group-is-layout-constrained\">\n<h3 class=\"wp-block-heading has-text-align-center\">Krok pierwszy: Przygotowanie \u0142adunku<\/h3>\n\n\n\n<p class=\"has-text-align-center\">Dok\u0142adnie zabezpieczamy i pakujemy towary, zapewniaj\u0105c optymalne warunki termiczne przed za\u0142adunkiem.<\/p>\n<\/div>\n<\/div>\n<\/div>\n\n\n\n<div class=\"wp-block-column is-vertically-aligned-stretch is-layout-flow wp-container-core-column-is-layout-f5bb311e wp-block-column-is-layout-flow\">\n<div class=\"wp-block-group is-style-ext-preset--group--natural-1--item-card-1--align-center has-global-padding is-layout-constrained wp-block-group-is-layout-constrained is-style-ext-preset--group--natural-1--item-card-1--align-center--7\">\n<div class=\"wp-block-group is-style-default has-global-padding is-layout-constrained wp-block-group-is-layout-constrained\">\n<h3 class=\"wp-block-heading has-text-align-center\">Krok drugi: Transport i monitorowanie<\/h3>\n\n\n\n<p class=\"has-text-align-center\">Nasze jednostki transportowe utrzymuj\u0105 sta\u0142\u0105 temperatur\u0119, a system monitoringu pozwala na bie\u017c\u0105co kontrolowa\u0107 stan przewozu.<\/p>\n<\/div>\n<\/div>\n<\/div>\n\n\n\n<div class=\"wp-block-column is-vertically-aligned-stretch is-layout-flow wp-container-core-column-is-layout-f5bb311e wp-block-column-is-layout-flow\">\n<div class=\"wp-block-group is-style-ext-preset--group--natural-1--item-card-1--align-center has-global-padding is-layout-constrained wp-block-group-is-layout-constrained is-style-ext-preset--group--natural-1--item-card-1--align-center--8\">\n<div class=\"wp-block-group is-style-default has-global-padding is-layout-constrained wp-block-group-is-layout-constrained\">\n<h3 class=\"wp-block-heading has-text-align-center\">Krok trzeci: Dostawa i odbi\u00f3r<\/h3>\n\n\n\n<p class=\"has-text-align-center\">Gwarantujemy terminow\u0105 dostaw\u0119 z zachowaniem wszystkich standard\u00f3w higienicznych, zapewniaj\u0105c \u015bwie\u017co\u015b\u0107 i jako\u015b\u0107 produkt\u00f3w.<\/p>\n<\/div>\n<\/div>\n<\/div>\n<\/div>\n\n\n\n<div class=\"wp-block-columns alignwide is-layout-flex wp-container-core-columns-is-layout-28f84493 wp-block-columns-is-layout-flex\">\n<div class=\"wp-block-column is-layout-flow wp-block-column-is-layout-flow\">\n<p><strong>Jako\u015b\u0107 i najwy\u017cszy standard<\/strong><\/p>\n\n\n\n<p>Dbaj\u0105c o zachowanie najwy\u017cszej jako\u015bci przewo\u017conych \u0142adunk\u00f3w, stosujemy rygorystyczne standardy oraz wymagania dotycz\u0105ce transportu \u017cywno\u015bci:<\/p>\n\n\n\n<ul class=\"wp-block-list\">\n<li>zapewniamy utrzymanie maksymalnej \u015bwie\u017co\u015bci produkt\u00f3w dzi\u0119ki nowoczesnemu i wysokiej jako\u015bci wyposa\u017ceniu jednostek transportowych,<\/li>\n\n\n\n<li>gwarantujemy skuteczne zabezpieczenie towar\u00f3w przed kurzem, zabrudzeniami oraz szkodnikami,<\/li>\n\n\n\n<li>prowadzimy \u015bcis\u0142\u0105 kontrol\u0119 wyst\u0119powania obcych zapach\u00f3w, chroni\u0105c \u0142adunek przed utrat\u0105 jako\u015bci.<\/li>\n<\/ul>\n<\/div>\n\n\n\n<div class=\"wp-block-column is-layout-flow wp-block-column-is-layout-flow\">\n<figure class=\"wp-block-image size-large has-custom-border\"><img loading=\"lazy\" decoding=\"async\" width=\"1024\" height=\"683\" src=\"http:\/\/serwer402651.lh.pl\/autoinstalator\/serwer402651.lh.pl\/aiwordpress1120\/wp-content\/uploads\/2025\/12\/fruits-1-1024x683.jpg\" alt=\"\" class=\"wp-image-563\" style=\"border-style:none;border-width:0px\" srcset=\"https:\/\/loggins.eu\/wp-content\/uploads\/2025\/12\/fruits-1-1024x683.jpg 1024w, https:\/\/loggins.eu\/wp-content\/uploads\/2025\/12\/fruits-1-300x200.jpg 300w, https:\/\/loggins.eu\/wp-content\/uploads\/2025\/12\/fruits-1-768x512.jpg 768w, https:\/\/loggins.eu\/wp-content\/uploads\/2025\/12\/fruits-1-1536x1025.jpg 1536w, https:\/\/loggins.eu\/wp-content\/uploads\/2025\/12\/fruits-1.jpg 1988w\" sizes=\"auto, (max-width: 1024px) 100vw, 1024px\" \/><\/figure>\n<\/div>\n<\/div>\n<\/div>\n\n\n\n<div class=\"wp-block-group alignfull is-style-ext-preset--group--natural-1--section has-tertiary-background-color has-background has-global-padding is-layout-constrained wp-container-core-group-is-layout-e955bbaf wp-block-group-is-layout-constrained\" style=\"margin-top:0;margin-bottom:0;padding-top:var(--wp--preset--spacing--70);padding-bottom:var(--wp--preset--spacing--70)\">\n<div class=\"wp-block-group alignwide is-vertical is-layout-flex wp-container-core-group-is-layout-c35747d5 wp-block-group-is-layout-flex\">\n<div class=\"wp-block-group has-global-padding is-layout-constrained wp-container-core-group-is-layout-5e05634a wp-block-group-is-layout-constrained\">\n<h2 class=\"wp-block-heading\">Logistyka oparta na profesjonalizmie i precyzji<\/h2>\n\n\n\n<p>Wyr\u00f3\u017cniamy si\u0119 certyfikatami jako\u015bci, rygorystycznymi standardami bezpiecze\u0144stwa oraz uznaniem w bran\u017cy transportu termicznego, co gwarantuje niezawodno\u015b\u0107 i pe\u0142ne zaufanie klient\u00f3w.<\/p>\n<\/div>\n<\/div>\n\n\n\n<div class=\"wp-block-columns alignwide is-layout-flex wp-container-core-columns-is-layout-08c01c1c wp-block-columns-is-layout-flex\">\n<div class=\"wp-block-column is-vertically-aligned-stretch is-layout-flow wp-container-core-column-is-layout-f5bb311e wp-block-column-is-layout-flow\">\n<div class=\"wp-block-group is-style-ext-preset--group--natural-1--item-card-1--align-start has-global-padding is-layout-constrained wp-block-group-is-layout-constrained is-style-ext-preset--group--natural-1--item-card-1--align-start--10\">\n<div class=\"wp-block-group is-style-default has-global-padding is-layout-constrained wp-block-group-is-layout-constrained\">\n<h3 class=\"wp-block-heading\">Certyfikat HACCP<\/h3>\n\n\n\n<p>Potwierdza spe\u0142nienie najwy\u017cszych standard\u00f3w higieny i bezpiecze\u0144stwa w transporcie ch\u0142odniczym, zapewniaj\u0105c \u015bwie\u017co\u015b\u0107 produkt\u00f3w.<\/p>\n<\/div>\n<\/div>\n<\/div>\n\n\n\n<div class=\"wp-block-column is-vertically-aligned-stretch is-layout-flow wp-container-core-column-is-layout-f5bb311e wp-block-column-is-layout-flow\">\n<div class=\"wp-block-group is-style-ext-preset--group--natural-1--item-card-1--align-start has-global-padding is-layout-constrained wp-block-group-is-layout-constrained is-style-ext-preset--group--natural-1--item-card-1--align-start--11\">\n<div class=\"wp-block-group is-style-default has-global-padding is-layout-constrained wp-block-group-is-layout-constrained\">\n<h3 class=\"wp-block-heading\">ISO 9001:2015<\/h3>\n\n\n\n<p>\u015awiadczy o doskona\u0142o\u015bci systemu zarz\u0105dzania jako\u015bci\u0105, potwierdzaj\u0105c skuteczne i bezpieczne procedury transportowe.<\/p>\n<\/div>\n<\/div>\n<\/div>\n\n\n\n<div class=\"wp-block-column is-vertically-aligned-stretch is-layout-flow wp-container-core-column-is-layout-f5bb311e wp-block-column-is-layout-flow\">\n<div class=\"wp-block-group is-style-ext-preset--group--natural-1--item-card-1--align-start has-global-padding is-layout-constrained wp-block-group-is-layout-constrained is-style-ext-preset--group--natural-1--item-card-1--align-start--12\">\n<div class=\"wp-block-group is-style-default has-global-padding is-layout-constrained wp-block-group-is-layout-constrained\">\n<h3 class=\"wp-block-heading\">Gwarancja transportu kontrolowanego<\/h3>\n\n\n\n<p>Zapewnia pe\u0142n\u0105 kontrol\u0119 temperatury i bezpiecze\u0144stwo przewo\u017conych towar\u00f3w, minimalizuj\u0105c ryzyko uszkodze\u0144 podczas transportu.<\/p>\n<\/div>\n<\/div>\n<\/div>\n<\/div>\n<\/div>\n\n\n\n<div class=\"wp-block-group alignfull is-style-ext-preset--group--natural-1--section has-background-background-color has-background has-global-padding is-layout-constrained wp-container-core-group-is-layout-e955bbaf wp-block-group-is-layout-constrained\" style=\"margin-top:0;margin-bottom:0;padding-top:var(--wp--preset--spacing--70);padding-bottom:var(--wp--preset--spacing--70)\">\n<div class=\"wp-block-group alignwide is-vertical is-content-justification-center is-layout-flex wp-container-core-group-is-layout-c9ee0c5a wp-block-group-is-layout-flex\">\n<div class=\"wp-block-group has-global-padding is-layout-constrained wp-container-core-group-is-layout-2287c683 wp-block-group-is-layout-constrained\">\n<h2 class=\"wp-block-heading has-text-align-center\">Zapoznaj si\u0119 z naszym transportem termicznym.<\/h2>\n\n\n\n<p class=\"has-text-align-center\">Prezentujemy specjalistyczne rozwi\u0105zania w spedycji ch\u0142odniczej i grzewczej, kt\u00f3re gwarantuj\u0105 zachowanie optymalnej temperatury oraz bezpiecze\u0144stwo przewo\u017conych \u0142adunk\u00f3w.<\/p>\n<\/div>\n<\/div>\n\n\n\n<div class=\"wp-block-columns alignwide is-layout-flex wp-container-core-columns-is-layout-08c01c1c wp-block-columns-is-layout-flex\">\n<div class=\"wp-block-column is-layout-flow wp-block-column-is-layout-flow\">\n<div class=\"wp-block-group is-style-ext-preset--group--natural-1--item-card-1--align-center has-global-padding is-layout-constrained wp-block-group-is-layout-constrained is-style-ext-preset--group--natural-1--item-card-1--align-center--14\">\n<div class=\"wp-block-group is-style-default has-global-padding is-layout-constrained wp-block-group-is-layout-constrained\">\n<h3 class=\"wp-block-heading has-text-align-center\">Kontrola temperatury<\/h3>\n\n\n\n<p class=\"has-text-align-center\">Zapewniamy sta\u0142\u0105 i precyzyjn\u0105 kontrol\u0119 temperatury podczas ca\u0142ego transportu.<\/p>\n<\/div>\n<\/div>\n<\/div>\n\n\n\n<div class=\"wp-block-column is-layout-flow wp-block-column-is-layout-flow\">\n<div class=\"wp-block-group is-style-ext-preset--group--natural-1--item-card-1--align-center has-global-padding is-layout-constrained wp-block-group-is-layout-constrained is-style-ext-preset--group--natural-1--item-card-1--align-center--15\">\n<div class=\"wp-block-group is-style-default has-global-padding is-layout-constrained wp-block-group-is-layout-constrained\">\n<h3 class=\"wp-block-heading has-text-align-center\">Nowoczesna flota<\/h3>\n\n\n\n<p class=\"has-text-align-center\">Dysponujemy nowoczesnymi pojazdami wyposa\u017conymi w zaawansowane systemy termiczne.<\/p>\n<\/div>\n<\/div>\n<\/div>\n\n\n\n<div class=\"wp-block-column is-layout-flow wp-block-column-is-layout-flow\">\n<div class=\"wp-block-group is-style-ext-preset--group--natural-1--item-card-1--align-center has-global-padding is-layout-constrained wp-block-group-is-layout-constrained is-style-ext-preset--group--natural-1--item-card-1--align-center--16\">\n<div class=\"wp-block-group is-style-default has-global-padding is-layout-constrained wp-block-group-is-layout-constrained\">\n<h3 class=\"wp-block-heading has-text-align-center\">Standardy higieny<\/h3>\n\n\n\n<p class=\"has-text-align-center\">Stosujemy rygorystyczne procedury higieniczne dla maksymalnej ochrony towar\u00f3w.<\/p>\n<\/div>\n<\/div>\n<\/div>\n<\/div>\n\n\n\n<div class=\"wp-block-buttons is-content-justification-center is-layout-flex wp-container-core-buttons-is-layout-a89b3969 wp-block-buttons-is-layout-flex\">\n<div class=\"wp-block-button\"><a class=\"wp-block-button__link wp-element-button\" href=\"https:\/\/serwer402651.lh.pl\/autoinstalator\/serwer402651.lh.pl\/aiwordpress1120\/kalkulator-frachtu\/\">Wyce\u0144 fracht<\/a><\/div>\n<\/div>\n<\/div>\n","protected":false},"excerpt":{"rendered":"<p>Transport ch\u0142odniczy Zapewniamy precyzyjne warunki ch\u0142odnicze, idealne dla produkt\u00f3w \u0142atwo psuj\u0105cych si\u0119. Transport grzewczy Oferujemy bezpieczne przewozy \u0142adunk\u00f3w wymagaj\u0105cych utrzymania sta\u0142ej, podwy\u017cszonej temperatury. Kontrola i monitoring Stosujemy nowoczesne systemy monitoringu, kt\u00f3re zapewniaj\u0105 ci\u0105g\u0142o\u015b\u0107 nadzoru nad temperatur\u0105 \u0142adunku. Ten rodzaj transportu doskonale sprawdza si\u0119 przy przewozie szybko psuj\u0105cych si\u0119 produkt\u00f3w spo\u017cywczych, kt\u00f3re wymagaj\u0105 kontrolowanej temperatury, w [&hellip;]<\/p>\n","protected":false},"author":1,"featured_media":0,"parent":0,"menu_order":0,"comment_status":"closed","ping_status":"closed","template":"page-with-title","meta":{"_uag_custom_page_level_css":"","footnotes":""},"class_list":["post-456","page","type-page","status-publish","hentry"],"aioseo_notices":[],"uagb_featured_image_src":{"full":false,"thumbnail":false,"medium":false,"medium_large":false,"large":false,"1536x1536":false,"2048x2048":false},"uagb_author_info":{"display_name":"admin-qR73qRrA","author_link":"https:\/\/loggins.eu\/?author=1"},"uagb_comment_info":0,"uagb_excerpt":"Transport ch\u0142odniczy Zapewniamy precyzyjne warunki ch\u0142odnicze, idealne dla produkt\u00f3w \u0142atwo psuj\u0105cych si\u0119. Transport grzewczy Oferujemy bezpieczne przewozy \u0142adunk\u00f3w wymagaj\u0105cych utrzymania sta\u0142ej, podwy\u017cszonej temperatury. Kontrola i monitoring Stosujemy nowoczesne systemy monitoringu, kt\u00f3re zapewniaj\u0105 ci\u0105g\u0142o\u015b\u0107 nadzoru nad temperatur\u0105 \u0142adunku. Ten rodzaj transportu doskonale sprawdza si\u0119 przy przewozie szybko psuj\u0105cych si\u0119 produkt\u00f3w spo\u017cywczych, kt\u00f3re wymagaj\u0105 kontrolowanej temperatury, w&hellip;","_links":{"self":[{"href":"https:\/\/loggins.eu\/index.php?rest_route=\/wp\/v2\/pages\/456","targetHints":{"allow":["GET"]}}],"collection":[{"href":"https:\/\/loggins.eu\/index.php?rest_route=\/wp\/v2\/pages"}],"about":[{"href":"https:\/\/loggins.eu\/index.php?rest_route=\/wp\/v2\/types\/page"}],"author":[{"embeddable":true,"href":"https:\/\/loggins.eu\/index.php?rest_route=\/wp\/v2\/users\/1"}],"replies":[{"embeddable":true,"href":"https:\/\/loggins.eu\/index.php?rest_route=%2Fwp%2Fv2%2Fcomments&post=456"}],"version-history":[{"count":10,"href":"https:\/\/loggins.eu\/index.php?rest_route=\/wp\/v2\/pages\/456\/revisions"}],"predecessor-version":[{"id":985,"href":"https:\/\/loggins.eu\/index.php?rest_route=\/wp\/v2\/pages\/456\/revisions\/985"}],"wp:attachment":[{"href":"https:\/\/loggins.eu\/index.php?rest_route=%2Fwp%2Fv2%2Fmedia&parent=456"}],"curies":[{"name":"wp","href":"https:\/\/api.w.org\/{rel}","templated":true}]}}