{"id":461,"date":"2025-12-11T17:13:21","date_gmt":"2025-12-11T16:13:21","guid":{"rendered":"https:\/\/serwer402651.lh.pl\/autoinstalator\/serwer402651.lh.pl\/aiwordpress1120\/?page_id=461"},"modified":"2025-12-15T02:04:24","modified_gmt":"2025-12-15T01:04:24","slug":"transport-ponadgabarytowy","status":"publish","type":"page","link":"https:\/\/loggins.eu\/?page_id=461","title":{"rendered":"Spedycja ponadgabarytowa"},"content":{"rendered":"\n<div class=\"wp-block-cover alignfull has-x-large-font-size\" style=\"border-style:none;border-width:0px;margin-top:var(--wp--preset--spacing--30);margin-bottom:var(--wp--preset--spacing--30);padding-top:var(--wp--preset--spacing--20);padding-right:var(--wp--preset--spacing--20);padding-bottom:var(--wp--preset--spacing--20);padding-left:var(--wp--preset--spacing--20)\"><img loading=\"lazy\" decoding=\"async\" width=\"1024\" height=\"682\" class=\"wp-block-cover__image-background wp-image-667\" alt=\"\" src=\"https:\/\/serwer402651.lh.pl\/autoinstalator\/serwer402651.lh.pl\/aiwordpress1120\/wp-content\/uploads\/2025\/12\/oversize-1024x682.jpg\" data-object-fit=\"cover\" srcset=\"https:\/\/loggins.eu\/wp-content\/uploads\/2025\/12\/oversize-1024x682.jpg 1024w, https:\/\/loggins.eu\/wp-content\/uploads\/2025\/12\/oversize-300x200.jpg 300w, https:\/\/loggins.eu\/wp-content\/uploads\/2025\/12\/oversize-768x512.jpg 768w, https:\/\/loggins.eu\/wp-content\/uploads\/2025\/12\/oversize-1536x1024.jpg 1536w, https:\/\/loggins.eu\/wp-content\/uploads\/2025\/12\/oversize.jpg 2000w\" sizes=\"auto, (max-width: 1024px) 100vw, 1024px\" \/><span aria-hidden=\"true\" class=\"wp-block-cover__background has-background-dim\"><\/span><div class=\"wp-block-cover__inner-container has-global-padding is-layout-constrained wp-container-core-cover-is-layout-963a7cfa wp-block-cover-is-layout-constrained\">\n<p class=\"has-text-align-center has-foreground-color has-text-color has-link-color has-x-large-font-size wp-elements-09c79ff66dda68e1015944c9e10680d7\" style=\"border-width:1px;font-style:normal;font-weight:300\">Spedycja towar\u00f3w ponadgabarytowych<\/p>\n<\/div><\/div>\n\n\n\n<div class=\"wp-block-group alignfull is-style-ext-preset--group--natural-1--section has-background-background-color has-background has-global-padding is-layout-constrained wp-container-core-group-is-layout-3a222f2e wp-block-group-is-layout-constrained\" style=\"border-style:none;border-width:0px;margin-top:0;margin-bottom:0;padding-top:var(--wp--preset--spacing--70);padding-bottom:var(--wp--preset--spacing--70)\">\n<div class=\"wp-block-group alignwide is-vertical is-layout-flex wp-container-core-group-is-layout-c35747d5 wp-block-group-is-layout-flex\">\n<div class=\"wp-block-group has-global-padding is-layout-constrained wp-container-core-group-is-layout-5e05634a wp-block-group-is-layout-constrained\">\n<h2 class=\"wp-block-heading\">Nasza oferta transportu ponadgabarytowego<\/h2>\n\n\n\n<p class=\"has-text-align-left\">Oferujemy kompleksowe us\u0142ugi transportu \u0142adunk\u00f3w ponadgabarytowych z naciskiem na bezpiecze\u0144stwo i terminowo\u015b\u0107.<\/p>\n<\/div>\n<\/div>\n\n\n\n<div class=\"wp-block-columns alignwide is-layout-flex wp-container-core-columns-is-layout-08c01c1c wp-block-columns-is-layout-flex\">\n<div class=\"wp-block-column is-vertically-aligned-stretch is-layout-flow wp-container-core-column-is-layout-f5bb311e wp-block-column-is-layout-flow\">\n<div class=\"wp-block-group is-style-ext-preset--group--natural-1--item-card-1--align-start has-global-padding is-layout-constrained wp-block-group-is-layout-constrained is-style-ext-preset--group--natural-1--item-card-1--align-start--2\">\n<div class=\"wp-block-group is-style-default has-global-padding is-layout-constrained wp-block-group-is-layout-constrained\">\n<div class=\"wp-block-group is-nowrap is-layout-flex wp-container-core-group-is-layout-64fa2afa wp-block-group-is-layout-flex\" style=\"padding-top:0;padding-right:0;padding-bottom:0;padding-left:0\">\n<div class=\"wp-block-group wp-container-content-958eb9dc has-global-padding is-layout-constrained wp-container-core-group-is-layout-c06d165c wp-block-group-is-layout-constrained\" style=\"padding-top:0;padding-right:0;padding-bottom:0;padding-left:0\">\n<h3 class=\"wp-block-heading\">Transport konstrukcji<\/h3>\n\n\n\n<p>Zapewniamy przew\u00f3z du\u017cych konstrukcji z pe\u0142n\u0105 analiz\u0105 trasy i zgodno\u015bci\u0105 z przepisami.<\/p>\n<\/div>\n<\/div>\n<\/div>\n<\/div>\n<\/div>\n\n\n\n<div class=\"wp-block-column is-vertically-aligned-stretch is-layout-flow wp-container-core-column-is-layout-f5bb311e wp-block-column-is-layout-flow\">\n<div class=\"wp-block-group is-style-ext-preset--group--natural-1--item-card-1--align-start has-global-padding is-layout-constrained wp-block-group-is-layout-constrained is-style-ext-preset--group--natural-1--item-card-1--align-start--3\">\n<div class=\"wp-block-group is-style-default has-global-padding is-layout-constrained wp-block-group-is-layout-constrained\">\n<div class=\"wp-block-group is-nowrap is-layout-flex wp-container-core-group-is-layout-64fa2afa wp-block-group-is-layout-flex\" style=\"padding-top:0;padding-right:0;padding-bottom:0;padding-left:0\">\n<div class=\"wp-block-group wp-container-content-958eb9dc has-global-padding is-layout-constrained wp-container-core-group-is-layout-c06d165c wp-block-group-is-layout-constrained\" style=\"padding-top:0;padding-right:0;padding-bottom:0;padding-left:0\">\n<h3 class=\"wp-block-heading\">Transport maszyn<\/h3>\n\n\n\n<p>Specjalizujemy si\u0119 w bezpiecznym przewozie maszyn i urz\u0105dze\u0144 przemys\u0142owych.<\/p>\n<\/div>\n<\/div>\n<\/div>\n<\/div>\n<\/div>\n\n\n\n<div class=\"wp-block-column is-vertically-aligned-stretch is-layout-flow wp-container-core-column-is-layout-f5bb311e wp-block-column-is-layout-flow\">\n<div class=\"wp-block-group is-style-ext-preset--group--natural-1--item-card-1--align-start has-global-padding is-layout-constrained wp-block-group-is-layout-constrained is-style-ext-preset--group--natural-1--item-card-1--align-start--4\">\n<div class=\"wp-block-group is-style-default has-global-padding is-layout-constrained wp-block-group-is-layout-constrained\">\n<div class=\"wp-block-group is-nowrap is-layout-flex wp-container-core-group-is-layout-64fa2afa wp-block-group-is-layout-flex\" style=\"padding-top:0;padding-right:0;padding-bottom:0;padding-left:0\">\n<div class=\"wp-block-group wp-container-content-958eb9dc has-global-padding is-layout-constrained wp-container-core-group-is-layout-c06d165c wp-block-group-is-layout-constrained\" style=\"padding-top:0;padding-right:0;padding-bottom:0;padding-left:0\">\n<h3 class=\"wp-block-heading\">Obs\u0142uga logistyczna<\/h3>\n\n\n\n<p>Oferujemy indywidualne planowanie i koordynacj\u0119 transportu ponadgabarytowego.<\/p>\n<\/div>\n<\/div>\n<\/div>\n<\/div>\n<\/div>\n<\/div>\n\n\n\n<div class=\"wp-block-columns alignwide is-layout-flex wp-container-core-columns-is-layout-28f84493 wp-block-columns-is-layout-flex\">\n<div class=\"wp-block-column is-layout-flow wp-block-column-is-layout-flow\">\n<p>Realizujemy transport \u0142adunk\u00f3w o du\u017cych gabarytach oraz znacznej masie, wykorzystuj\u0105c platformy oraz naczepy rozci\u0105gane i niskopodwoziowe.<\/p>\n\n\n\n<p>W LOGGINS ka\u017cde zlecenie planujemy indywidualnie, uwzgl\u0119dniaj\u0105c wszystkie niezb\u0119dne czynniki oraz dobieraj\u0105c najbardziej optymalne trasy przejazdu:<\/p>\n\n\n\n<ul class=\"wp-block-list\">\n<li>szczeg\u00f3\u0142owo analizujemy nat\u0119\u017cenie ruchu, obecno\u015b\u0107 wiadukt\u00f3w, rond oraz ostrych zakr\u0119t\u00f3w, aby zapewni\u0107 maksymalne bezpiecze\u0144stwo transportu,<\/li>\n\n\n\n<li>indywidualnie ustalamy r\u00f3wnie\u017c koszty wymaganych zezwole\u0144 na przew\u00f3z \u0142adunk\u00f3w ponadgabarytowych.<\/li>\n<\/ul>\n<\/div>\n\n\n\n<div class=\"wp-block-column is-layout-flow wp-block-column-is-layout-flow\">\n<figure class=\"wp-block-image size-large has-custom-border\"><img loading=\"lazy\" decoding=\"async\" width=\"1024\" height=\"682\" src=\"https:\/\/serwer402651.lh.pl\/autoinstalator\/serwer402651.lh.pl\/aiwordpress1120\/wp-content\/uploads\/2025\/12\/over-1024x682.jpg\" alt=\"\" class=\"wp-image-781\" style=\"border-style:none;border-width:0px\" srcset=\"https:\/\/loggins.eu\/wp-content\/uploads\/2025\/12\/over-1024x682.jpg 1024w, https:\/\/loggins.eu\/wp-content\/uploads\/2025\/12\/over-300x200.jpg 300w, https:\/\/loggins.eu\/wp-content\/uploads\/2025\/12\/over-768x511.jpg 768w, https:\/\/loggins.eu\/wp-content\/uploads\/2025\/12\/over-1536x1023.jpg 1536w, https:\/\/loggins.eu\/wp-content\/uploads\/2025\/12\/over.jpg 1637w\" sizes=\"auto, (max-width: 1024px) 100vw, 1024px\" \/><\/figure>\n<\/div>\n<\/div>\n<\/div>\n\n\n\n<div class=\"wp-block-columns alignwide are-vertically-aligned-center is-layout-flex wp-container-core-columns-is-layout-28f84493 wp-block-columns-is-layout-flex\">\n<div class=\"wp-block-column is-vertically-aligned-center is-layout-flow wp-block-column-is-layout-flow\">\n<figure class=\"wp-block-image size-large\"><img loading=\"lazy\" decoding=\"async\" width=\"1024\" height=\"682\" src=\"http:\/\/serwer402651.lh.pl\/autoinstalator\/serwer402651.lh.pl\/aiwordpress1120\/wp-content\/uploads\/2025\/12\/wind-1024x682.jpg\" alt=\"\" class=\"wp-image-783\" srcset=\"https:\/\/loggins.eu\/wp-content\/uploads\/2025\/12\/wind-1024x682.jpg 1024w, https:\/\/loggins.eu\/wp-content\/uploads\/2025\/12\/wind-300x200.jpg 300w, https:\/\/loggins.eu\/wp-content\/uploads\/2025\/12\/wind-768x512.jpg 768w, https:\/\/loggins.eu\/wp-content\/uploads\/2025\/12\/wind-1536x1024.jpg 1536w, https:\/\/loggins.eu\/wp-content\/uploads\/2025\/12\/wind.jpg 1685w\" sizes=\"auto, (max-width: 1024px) 100vw, 1024px\" \/><\/figure>\n<\/div>\n\n\n\n<div class=\"wp-block-column is-vertically-aligned-center is-layout-flow wp-block-column-is-layout-flow\">\n<p>To w\u0142a\u015bnie dzi\u0119ki wnikliwej analizie i eksperckiej wiedzy LOGGINS jest w stanie zaoferowa\u0107 najwy\u017cszej jako\u015bci us\u0142ugi logistyczne w dziedzinie przewozu towar\u00f3w ponadgabarytowych.<\/p>\n<\/div>\n<\/div>\n\n\n\n<div class=\"wp-block-group alignfull is-style-ext-preset--group--natural-1--section has-tertiary-background-color has-background has-global-padding is-layout-constrained wp-container-core-group-is-layout-731f801a wp-block-group-is-layout-constrained\" style=\"border-style:none;border-width:0px;margin-top:var(--wp--preset--spacing--40);margin-bottom:var(--wp--preset--spacing--40);padding-top:var(--wp--preset--spacing--70);padding-bottom:var(--wp--preset--spacing--70)\">\n<div class=\"wp-block-group alignwide is-vertical is-layout-flex wp-container-core-group-is-layout-c35747d5 wp-block-group-is-layout-flex\">\n<div class=\"wp-block-group has-global-padding is-layout-constrained wp-container-core-group-is-layout-5e05634a wp-block-group-is-layout-constrained\">\n<h2 class=\"wp-block-heading\">Profesjonalny transport \u0142adunk\u00f3w ponadgabarytowych dla Twojej firmy.<\/h2>\n\n\n\n<p class=\"has-text-align-left\">Om\u00f3wienie wyzwa\u0144 przewozu du\u017cych konstrukcji i spos\u00f3b, w jaki nasza logistyka zapewnia bezpieczne oraz zgodne z przepisami rozwi\u0105zania.<\/p>\n<\/div>\n<\/div>\n\n\n\n<div class=\"wp-block-columns alignwide is-layout-flex wp-container-core-columns-is-layout-174606dc wp-block-columns-is-layout-flex\">\n<div class=\"wp-block-column is-vertically-aligned-center is-layout-flow wp-block-column-is-layout-flow\">\n<div class=\"wp-block-group is-style-ext-preset--group--natural-1--item-card-1--align-start has-global-padding is-layout-constrained wp-block-group-is-layout-constrained is-style-ext-preset--group--natural-1--item-card-1--align-start--6\">\n<div class=\"wp-block-group is-style-default has-global-padding is-layout-constrained wp-block-group-is-layout-constrained\">\n<div class=\"wp-block-group is-nowrap is-layout-flex wp-container-core-group-is-layout-64fa2afa wp-block-group-is-layout-flex\" style=\"padding-top:0;padding-right:0;padding-bottom:0;padding-left:0\">\n<div class=\"wp-block-group wp-container-content-958eb9dc has-global-padding is-layout-constrained wp-container-core-group-is-layout-c06d165c wp-block-group-is-layout-constrained\" style=\"padding-top:0;padding-right:0;padding-bottom:0;padding-left:0\">\n<h3 class=\"wp-block-heading\">Kompleksowa analiza i planowanie trasy<\/h3>\n\n\n\n<p>Szczeg\u00f3\u0142owa ocena trasy pozwala na wyb\u00f3r najbezpieczniejszej drogi, minimalizuj\u0105c ryzyko oraz op\u00f3\u017anienia.<\/p>\n<\/div>\n<\/div>\n<\/div>\n<\/div>\n\n\n\n<div class=\"wp-block-group is-style-ext-preset--group--natural-1--item-card-1--align-start has-global-padding is-layout-constrained wp-block-group-is-layout-constrained is-style-ext-preset--group--natural-1--item-card-1--align-start--7\">\n<div class=\"wp-block-group is-style-default has-global-padding is-layout-constrained wp-block-group-is-layout-constrained\">\n<div class=\"wp-block-group is-nowrap is-layout-flex wp-container-core-group-is-layout-64fa2afa wp-block-group-is-layout-flex\" style=\"padding-top:0;padding-right:0;padding-bottom:0;padding-left:0\">\n<div class=\"wp-block-group wp-container-content-958eb9dc has-global-padding is-layout-constrained wp-container-core-group-is-layout-c06d165c wp-block-group-is-layout-constrained\" style=\"padding-top:0;padding-right:0;padding-bottom:0;padding-left:0\">\n<h3 class=\"wp-block-heading\">Specjalistyczny sprz\u0119t do transportu ponadgabarytowego<\/h3>\n\n\n\n<p>Wykorzystujemy nowoczesne urz\u0105dzenia, kt\u00f3re umo\u017cliwiaj\u0105 przew\u00f3z nawet najbardziej wymagaj\u0105cych \u0142adunk\u00f3w bez uszkodze\u0144.<\/p>\n<\/div>\n<\/div>\n<\/div>\n<\/div>\n\n\n\n<div class=\"wp-block-group is-style-ext-preset--group--natural-1--item-card-1--align-start has-global-padding is-layout-constrained wp-block-group-is-layout-constrained is-style-ext-preset--group--natural-1--item-card-1--align-start--8\">\n<div class=\"wp-block-group is-style-default has-global-padding is-layout-constrained wp-block-group-is-layout-constrained\">\n<div class=\"wp-block-group is-nowrap is-layout-flex wp-container-core-group-is-layout-64fa2afa wp-block-group-is-layout-flex\" style=\"padding-top:0;padding-right:0;padding-bottom:0;padding-left:0\">\n<div class=\"wp-block-group wp-container-content-958eb9dc has-global-padding is-layout-constrained wp-container-core-group-is-layout-c06d165c wp-block-group-is-layout-constrained\" style=\"padding-top:0;padding-right:0;padding-bottom:0;padding-left:0\">\n<h3 class=\"wp-block-heading\">Zgodno\u015b\u0107 z przepisami i bezpiecze\u0144stwo<\/h3>\n\n\n\n<p>Nasze us\u0142ugi spe\u0142niaj\u0105 wszystkie normy prawne i techniczne, co gwarantuje spokojny i legalny przew\u00f3z du\u017cych element\u00f3w.<\/p>\n<\/div>\n<\/div>\n<\/div>\n<\/div>\n<\/div>\n<\/div>\n\n\n\n<div class=\"wp-block-buttons is-content-justification-center is-layout-flex wp-container-core-buttons-is-layout-a89b3969 wp-block-buttons-is-layout-flex\">\n<div class=\"wp-block-button\"><a class=\"wp-block-button__link wp-element-button\">Przejd\u017a do wyceny<\/a><\/div>\n<\/div>\n<\/div>\n","protected":false},"excerpt":{"rendered":"<p>Nasza oferta transportu ponadgabarytowego Oferujemy kompleksowe us\u0142ugi transportu \u0142adunk\u00f3w ponadgabarytowych z naciskiem na bezpiecze\u0144stwo i terminowo\u015b\u0107. Transport konstrukcji Zapewniamy przew\u00f3z du\u017cych konstrukcji z pe\u0142n\u0105 analiz\u0105 trasy i zgodno\u015bci\u0105 z przepisami. Transport maszyn Specjalizujemy si\u0119 w bezpiecznym przewozie maszyn i urz\u0105dze\u0144 przemys\u0142owych. Obs\u0142uga logistyczna Oferujemy indywidualne planowanie i koordynacj\u0119 transportu ponadgabarytowego. Realizujemy transport \u0142adunk\u00f3w o du\u017cych [&hellip;]<\/p>\n","protected":false},"author":1,"featured_media":0,"parent":0,"menu_order":0,"comment_status":"closed","ping_status":"closed","template":"page-with-title","meta":{"_uag_custom_page_level_css":"","footnotes":""},"class_list":["post-461","page","type-page","status-publish","hentry"],"aioseo_notices":[],"uagb_featured_image_src":{"full":false,"thumbnail":false,"medium":false,"medium_large":false,"large":false,"1536x1536":false,"2048x2048":false},"uagb_author_info":{"display_name":"admin-qR73qRrA","author_link":"https:\/\/loggins.eu\/?author=1"},"uagb_comment_info":0,"uagb_excerpt":"Nasza oferta transportu ponadgabarytowego Oferujemy kompleksowe us\u0142ugi transportu \u0142adunk\u00f3w ponadgabarytowych z naciskiem na bezpiecze\u0144stwo i terminowo\u015b\u0107. Transport konstrukcji Zapewniamy przew\u00f3z du\u017cych konstrukcji z pe\u0142n\u0105 analiz\u0105 trasy i zgodno\u015bci\u0105 z przepisami. Transport maszyn Specjalizujemy si\u0119 w bezpiecznym przewozie maszyn i urz\u0105dze\u0144 przemys\u0142owych. Obs\u0142uga logistyczna Oferujemy indywidualne planowanie i koordynacj\u0119 transportu ponadgabarytowego. Realizujemy transport \u0142adunk\u00f3w o du\u017cych&hellip;","_links":{"self":[{"href":"https:\/\/loggins.eu\/index.php?rest_route=\/wp\/v2\/pages\/461","targetHints":{"allow":["GET"]}}],"collection":[{"href":"https:\/\/loggins.eu\/index.php?rest_route=\/wp\/v2\/pages"}],"about":[{"href":"https:\/\/loggins.eu\/index.php?rest_route=\/wp\/v2\/types\/page"}],"author":[{"embeddable":true,"href":"https:\/\/loggins.eu\/index.php?rest_route=\/wp\/v2\/users\/1"}],"replies":[{"embeddable":true,"href":"https:\/\/loggins.eu\/index.php?rest_route=%2Fwp%2Fv2%2Fcomments&post=461"}],"version-history":[{"count":9,"href":"https:\/\/loggins.eu\/index.php?rest_route=\/wp\/v2\/pages\/461\/revisions"}],"predecessor-version":[{"id":862,"href":"https:\/\/loggins.eu\/index.php?rest_route=\/wp\/v2\/pages\/461\/revisions\/862"}],"wp:attachment":[{"href":"https:\/\/loggins.eu\/index.php?rest_route=%2Fwp%2Fv2%2Fmedia&parent=461"}],"curies":[{"name":"wp","href":"https:\/\/api.w.org\/{rel}","templated":true}]}}