{"id":463,"date":"2025-12-11T17:16:16","date_gmt":"2025-12-11T16:16:16","guid":{"rendered":"https:\/\/serwer402651.lh.pl\/autoinstalator\/serwer402651.lh.pl\/aiwordpress1120\/?page_id=463"},"modified":"2026-01-18T15:54:38","modified_gmt":"2026-01-18T14:54:38","slug":"spedycja-towarow-sypkich","status":"publish","type":"page","link":"https:\/\/loggins.eu\/?page_id=463","title":{"rendered":"Spedycja towar\u00f3w sypkich"},"content":{"rendered":"\n<div style=\"aspect-ratio:16\/9;min-height:unset;\" class=\"wp-block-cover alignfull is-style-default has-aspect-ratio\"><img loading=\"lazy\" decoding=\"async\" width=\"1024\" height=\"682\" class=\"wp-block-cover__image-background wp-image-692 size-large\" alt=\"towary sypkie\" src=\"http:\/\/serwer402651.lh.pl\/autoinstalator\/serwer402651.lh.pl\/aiwordpress1120\/wp-content\/uploads\/2025\/12\/dirst-1024x682.jpg\" data-object-fit=\"cover\" srcset=\"https:\/\/loggins.eu\/wp-content\/uploads\/2025\/12\/dirst-1024x682.jpg 1024w, https:\/\/loggins.eu\/wp-content\/uploads\/2025\/12\/dirst-300x200.jpg 300w, https:\/\/loggins.eu\/wp-content\/uploads\/2025\/12\/dirst-768x512.jpg 768w, https:\/\/loggins.eu\/wp-content\/uploads\/2025\/12\/dirst-1536x1024.jpg 1536w, https:\/\/loggins.eu\/wp-content\/uploads\/2025\/12\/dirst.jpg 2000w\" sizes=\"auto, (max-width: 1024px) 100vw, 1024px\" \/><span aria-hidden=\"true\" class=\"wp-block-cover__background has-background-dim\"><\/span><div class=\"wp-block-cover__inner-container is-layout-flow wp-block-cover-is-layout-flow\">\n<p class=\"has-text-align-center has-xx-large-font-size\" style=\"border-width:1px;font-style:normal;font-weight:300\">Towary sypkie<\/p>\n<\/div><\/div>\n\n\n\n<div class=\"wp-block-columns alignwide is-layout-flex wp-container-core-columns-is-layout-28f84493 wp-block-columns-is-layout-flex\">\n<div class=\"wp-block-column is-layout-flow wp-block-column-is-layout-flow\" style=\"flex-basis:100%\">\n<div class=\"wp-block-group alignfull is-style-ext-preset--group--natural-1--section has-tertiary-background-color has-background is-layout-flow wp-container-core-group-is-layout-0bf43991 wp-block-group-is-layout-flow\" style=\"border-style:none;border-width:0px;margin-top:var(--wp--preset--spacing--40);margin-bottom:var(--wp--preset--spacing--40);padding-top:var(--wp--preset--spacing--20);padding-right:var(--wp--preset--spacing--20);padding-bottom:var(--wp--preset--spacing--20);padding-left:var(--wp--preset--spacing--20)\">\n<div class=\"wp-block-group alignwide has-global-padding is-layout-constrained wp-container-core-group-is-layout-2a334cce wp-block-group-is-layout-constrained\" style=\"padding-top:var(--wp--preset--spacing--20);padding-bottom:var(--wp--preset--spacing--20)\">\n<div class=\"wp-block-group is-vertical is-content-justification-center is-layout-flex wp-container-core-group-is-layout-765bbc92 wp-block-group-is-layout-flex\">\n<h2 class=\"wp-block-heading\">Jak przebiega spedycja?<\/h2>\n<\/div>\n<\/div>\n\n\n\n<div class=\"wp-block-columns alignwide is-layout-flex wp-container-core-columns-is-layout-08c01c1c wp-block-columns-is-layout-flex\">\n<div class=\"wp-block-column is-vertically-aligned-stretch is-layout-flow wp-container-core-column-is-layout-f5bb311e wp-block-column-is-layout-flow\">\n<div class=\"wp-block-group is-style-ext-preset--group--natural-1--item-card-1--align-start has-global-padding is-layout-constrained wp-block-group-is-layout-constrained is-style-ext-preset--group--natural-1--item-card-1--align-start--2\">\n<div class=\"wp-block-group is-style-default has-global-padding is-layout-constrained wp-block-group-is-layout-constrained\">\n<h3 class=\"wp-block-heading\">Pierwszy etap: Przygotowanie \u0142adunku<\/h3>\n\n\n\n<p>W tym kroku dobieramy odpowiednie metody zabezpieczenia oraz \u015brodki transportu dostosowane do rodzaju materia\u0142u i wymaga\u0144 klienta np. transport luzem.<\/p>\n<\/div>\n<\/div>\n<\/div>\n\n\n\n<div class=\"wp-block-column is-vertically-aligned-stretch is-layout-flow wp-container-core-column-is-layout-f5bb311e wp-block-column-is-layout-flow\">\n<div class=\"wp-block-group is-style-ext-preset--group--natural-1--item-card-1--align-start has-global-padding is-layout-constrained wp-block-group-is-layout-constrained is-style-ext-preset--group--natural-1--item-card-1--align-start--3\">\n<div class=\"wp-block-group is-style-default has-global-padding is-layout-constrained wp-block-group-is-layout-constrained\">\n<h3 class=\"wp-block-heading\">Drugi etap: Transport i monitoring<\/h3>\n\n\n\n<p>Realizujemy przew\u00f3z z zastosowaniem nowoczesnej floty, dbaj\u0105c o sta\u0142y nadz\u00f3r i bezpiecze\u0144stwo \u0142adunku przez ca\u0142y czas trwania transportu.<\/p>\n<\/div>\n<\/div>\n<\/div>\n\n\n\n<div class=\"wp-block-column is-vertically-aligned-stretch is-layout-flow wp-container-core-column-is-layout-f5bb311e wp-block-column-is-layout-flow\">\n<div class=\"wp-block-group is-style-ext-preset--group--natural-1--item-card-1--align-start has-global-padding is-layout-constrained wp-block-group-is-layout-constrained is-style-ext-preset--group--natural-1--item-card-1--align-start--4\">\n<div class=\"wp-block-group is-style-default has-global-padding is-layout-constrained wp-block-group-is-layout-constrained\">\n<h3 class=\"wp-block-heading\">Trzeci etap: Dostawa i roz\u0142adunek<\/h3>\n\n\n\n<p>Zapewniamy sprawne dostarczenie oraz roz\u0142adunek towar\u00f3w, gwarantuj\u0105c minimalizacj\u0119 ryzyka uszkodze\u0144 i terminowo\u015b\u0107 realizacji.<\/p>\n<\/div>\n<\/div>\n<\/div>\n<\/div>\n\n\n\n<div class=\"wp-block-columns alignwide is-layout-flex wp-container-core-columns-is-layout-28f84493 wp-block-columns-is-layout-flex\">\n<div class=\"wp-block-column is-vertically-aligned-center is-layout-flow wp-block-column-is-layout-flow\">\n<p>W transporcie towar\u00f3w sypkich wykorzystujemy r\u00f3\u017cne ga\u0142\u0119zie transportu \u2013 drogowy, kolejowy oraz morski i rzeczny \u2013 aby zapewni\u0107 bezpieczne i terminowe dostarczenie \u0142adunku do miejsca docelowego.<\/p>\n\n\n\n<p>Ka\u017cdorazowo dbamy o w\u0142a\u015bciwe zabezpieczenie towaru, chroni\u0105c go przed czynnikami mog\u0105cymi wp\u0142yn\u0105\u0107 na jego jako\u015b\u0107. Stosujemy rozwi\u0105zania zapobiegaj\u0105ce rozpyleniu, zwietrzeniu oraz ryzyku samozap\u0142onu, zapewniaj\u0105c najwy\u017cszy poziom bezpiecze\u0144stwa podczas ca\u0142ego procesu transportowego.<\/p>\n<\/div>\n<\/div>\n<\/div>\n<\/div>\n<\/div>\n\n\n\n<div class=\"wp-block-group alignfull is-style-ext-preset--group--natural-1--section has-tertiary-background-color has-background has-global-padding is-layout-constrained wp-container-core-group-is-layout-e955bbaf wp-block-group-is-layout-constrained\" style=\"border-style:none;border-width:0px;margin-top:0;margin-bottom:0;padding-top:var(--wp--preset--spacing--70);padding-bottom:var(--wp--preset--spacing--70)\">\n<div class=\"wp-block-group alignwide is-vertical is-content-justification-center is-layout-flex wp-container-core-group-is-layout-c9ee0c5a wp-block-group-is-layout-flex\">\n<div class=\"wp-block-group has-global-padding is-layout-constrained wp-container-core-group-is-layout-5e05634a wp-block-group-is-layout-constrained\">\n<h2 class=\"wp-block-heading has-text-align-center\">Zyskaj przewag\u0119 dzi\u0119ki sprawnej logistyce.<\/h2>\n\n\n\n<p class=\"has-text-align-center\">Kompleksowo zabezpieczamy i transportujemy towary sypkie, gwarantuj\u0105c bezpiecze\u0144stwo i terminowo\u015b\u0107.<\/p>\n<\/div>\n<\/div>\n\n\n\n<div class=\"wp-block-columns alignwide is-layout-flex wp-container-core-columns-is-layout-08c01c1c wp-block-columns-is-layout-flex\">\n<div class=\"wp-block-column is-vertically-aligned-stretch is-layout-flow wp-container-core-column-is-layout-f5bb311e wp-block-column-is-layout-flow\">\n<div class=\"wp-block-group is-style-ext-preset--group--natural-1--item-card-1--align-center has-global-padding is-layout-constrained wp-block-group-is-layout-constrained is-style-ext-preset--group--natural-1--item-card-1--align-center--6\">\n<div class=\"wp-block-group is-style-default has-global-padding is-layout-constrained wp-block-group-is-layout-constrained\">\n<h3 class=\"wp-block-heading has-text-align-center\">Dostosowane metody zabezpieczania \u0142adunku.<\/h3>\n\n\n\n<p class=\"has-text-align-center\">Wybieramy optymalne rozwi\u0105zania ochrony towar\u00f3w sypkich, kt\u00f3re minimalizuj\u0105 ryzyko uszkodze\u0144 podczas transportu, zwi\u0119kszaj\u0105c bezpiecze\u0144stwo ka\u017cdego \u0142adunku.<\/p>\n<\/div>\n<\/div>\n<\/div>\n\n\n\n<div class=\"wp-block-column is-vertically-aligned-stretch is-layout-flow wp-container-core-column-is-layout-f5bb311e wp-block-column-is-layout-flow\">\n<div class=\"wp-block-group is-style-ext-preset--group--natural-1--item-card-1--align-center has-global-padding is-layout-constrained wp-block-group-is-layout-constrained is-style-ext-preset--group--natural-1--item-card-1--align-center--7\">\n<div class=\"wp-block-group is-style-default has-global-padding is-layout-constrained wp-block-group-is-layout-constrained\">\n<h3 class=\"wp-block-heading has-text-align-center\">Nowoczesny i sprawdzony tabor transportowy.<\/h3>\n\n\n\n<p class=\"has-text-align-center\">Korzystamy z nowoczesnych, specjalistycznych \u015brodk\u00f3w transportu, kt\u00f3re efektywnie przewo\u017c\u0105 materia\u0142y sypkie, zapewniaj\u0105c terminowo\u015b\u0107 i minimalizacj\u0119 koszt\u00f3w.<\/p>\n<\/div>\n<\/div>\n<\/div>\n\n\n\n<div class=\"wp-block-column is-vertically-aligned-stretch is-layout-flow wp-container-core-column-is-layout-f5bb311e wp-block-column-is-layout-flow\">\n<div class=\"wp-block-group is-style-ext-preset--group--natural-1--item-card-1--align-center has-global-padding is-layout-constrained wp-block-group-is-layout-constrained is-style-ext-preset--group--natural-1--item-card-1--align-center--8\">\n<div class=\"wp-block-group is-style-default has-global-padding is-layout-constrained wp-block-group-is-layout-constrained\">\n<h3 class=\"wp-block-heading\">Do\u015bwiadczenie i profesjonalizm zespo\u0142u.<\/h3>\n\n\n\n<p class=\"has-text-align-center\">Nasza wieloletnia praktyka pozwala na skuteczne zarz\u0105dzanie logistyk\u0105 towar\u00f3w sypkich w r\u00f3\u017cnych bran\u017cach, podnosz\u0105c jako\u015b\u0107 us\u0142ug i zadowolenie klient\u00f3w.<\/p>\n<\/div>\n<\/div>\n<\/div>\n<\/div>\n<\/div>\n\n\n\n<div class=\"wp-block-columns alignwide is-layout-flex wp-container-core-columns-is-layout-28f84493 wp-block-columns-is-layout-flex\">\n<div class=\"wp-block-column is-layout-flow wp-block-column-is-layout-flow\" style=\"flex-basis:100%\">\n<p class=\"has-text-align-center has-large-font-size\" style=\"font-style:normal;font-weight:300\"><strong>Gwarancja i maksymalne bezpiecze\u0144stwo<\/strong><\/p>\n<\/div>\n<\/div>\n\n\n\n<div class=\"wp-block-columns alignwide is-layout-flex wp-container-core-columns-is-layout-28f84493 wp-block-columns-is-layout-flex\">\n<div class=\"wp-block-column is-layout-flow wp-block-column-is-layout-flow\" style=\"flex-basis:100%\">\n<p class=\"has-text-align-center has-medium-font-size\" style=\"font-style:normal;font-weight:300\">Zapewniamy ka\u017cdemu przewo\u017conemu \u0142adunkowi najwy\u017cszy poziom bezpiecze\u0144stwa oraz warunki gwarantuj\u0105ce zachowanie jego nienaruszonego stanu na ca\u0142ej trasie transportu. Dok\u0142adamy wszelkich stara\u0144, aby nasi Klienci mogli liczy\u0107 na niezawodn\u0105, profesjonaln\u0105 i w pe\u0142ni satysfakcjonuj\u0105c\u0105 obs\u0142ug\u0119 logistyczn\u0105.<\/p>\n<\/div>\n<\/div>\n\n\n\n<div class=\"wp-block-buttons is-content-justification-center is-layout-flex wp-container-core-buttons-is-layout-a89b3969 wp-block-buttons-is-layout-flex\">\n<div class=\"wp-block-button\"><a class=\"wp-block-button__link wp-element-button\" href=\"https:\/\/serwer402651.lh.pl\/autoinstalator\/serwer402651.lh.pl\/aiwordpress1120\/kalkulator-frachtu\/\">Wyce\u0144 fracht<\/a><\/div>\n<\/div>\n\n\n\n<p><\/p>\n","protected":false},"excerpt":{"rendered":"<p>Jak przebiega spedycja? Pierwszy etap: Przygotowanie \u0142adunku W tym kroku dobieramy odpowiednie metody zabezpieczenia oraz \u015brodki transportu dostosowane do rodzaju materia\u0142u i wymaga\u0144 klienta np. transport luzem. Drugi etap: Transport i monitoring Realizujemy przew\u00f3z z zastosowaniem nowoczesnej floty, dbaj\u0105c o sta\u0142y nadz\u00f3r i bezpiecze\u0144stwo \u0142adunku przez ca\u0142y czas trwania transportu. Trzeci etap: Dostawa i roz\u0142adunek [&hellip;]<\/p>\n","protected":false},"author":1,"featured_media":0,"parent":0,"menu_order":0,"comment_status":"closed","ping_status":"closed","template":"page-with-title","meta":{"_uag_custom_page_level_css":"","footnotes":""},"class_list":["post-463","page","type-page","status-publish","hentry"],"aioseo_notices":[],"uagb_featured_image_src":{"full":false,"thumbnail":false,"medium":false,"medium_large":false,"large":false,"1536x1536":false,"2048x2048":false},"uagb_author_info":{"display_name":"admin-qR73qRrA","author_link":"https:\/\/loggins.eu\/?author=1"},"uagb_comment_info":0,"uagb_excerpt":"Jak przebiega spedycja? Pierwszy etap: Przygotowanie \u0142adunku W tym kroku dobieramy odpowiednie metody zabezpieczenia oraz \u015brodki transportu dostosowane do rodzaju materia\u0142u i wymaga\u0144 klienta np. transport luzem. Drugi etap: Transport i monitoring Realizujemy przew\u00f3z z zastosowaniem nowoczesnej floty, dbaj\u0105c o sta\u0142y nadz\u00f3r i bezpiecze\u0144stwo \u0142adunku przez ca\u0142y czas trwania transportu. Trzeci etap: Dostawa i roz\u0142adunek&hellip;","_links":{"self":[{"href":"https:\/\/loggins.eu\/index.php?rest_route=\/wp\/v2\/pages\/463","targetHints":{"allow":["GET"]}}],"collection":[{"href":"https:\/\/loggins.eu\/index.php?rest_route=\/wp\/v2\/pages"}],"about":[{"href":"https:\/\/loggins.eu\/index.php?rest_route=\/wp\/v2\/types\/page"}],"author":[{"embeddable":true,"href":"https:\/\/loggins.eu\/index.php?rest_route=\/wp\/v2\/users\/1"}],"replies":[{"embeddable":true,"href":"https:\/\/loggins.eu\/index.php?rest_route=%2Fwp%2Fv2%2Fcomments&post=463"}],"version-history":[{"count":15,"href":"https:\/\/loggins.eu\/index.php?rest_route=\/wp\/v2\/pages\/463\/revisions"}],"predecessor-version":[{"id":1026,"href":"https:\/\/loggins.eu\/index.php?rest_route=\/wp\/v2\/pages\/463\/revisions\/1026"}],"wp:attachment":[{"href":"https:\/\/loggins.eu\/index.php?rest_route=%2Fwp%2Fv2%2Fmedia&parent=463"}],"curies":[{"name":"wp","href":"https:\/\/api.w.org\/{rel}","templated":true}]}}