{"id":470,"date":"2025-12-11T17:23:39","date_gmt":"2025-12-11T16:23:39","guid":{"rendered":"https:\/\/serwer402651.lh.pl\/autoinstalator\/serwer402651.lh.pl\/aiwordpress1120\/?page_id=470"},"modified":"2026-01-18T15:04:58","modified_gmt":"2026-01-18T14:04:58","slug":"towary-wartosciowe","status":"publish","type":"page","link":"https:\/\/loggins.eu\/?page_id=470","title":{"rendered":"Towary warto\u015bciowe"},"content":{"rendered":"\n<div style=\"aspect-ratio:16\/9;min-height:unset;\" class=\"wp-block-cover alignfull is-style-default has-aspect-ratio\"><img loading=\"lazy\" decoding=\"async\" width=\"1024\" height=\"576\" class=\"wp-block-cover__image-background wp-image-698 size-large\" alt=\"towary warto\u015bciowe\" src=\"http:\/\/serwer402651.lh.pl\/autoinstalator\/serwer402651.lh.pl\/aiwordpress1120\/wp-content\/uploads\/2025\/12\/prec-1024x576.jpg\" data-object-fit=\"cover\" srcset=\"https:\/\/loggins.eu\/wp-content\/uploads\/2025\/12\/prec-1024x576.jpg 1024w, https:\/\/loggins.eu\/wp-content\/uploads\/2025\/12\/prec-300x169.jpg 300w, https:\/\/loggins.eu\/wp-content\/uploads\/2025\/12\/prec-768x432.jpg 768w, https:\/\/loggins.eu\/wp-content\/uploads\/2025\/12\/prec-1536x864.jpg 1536w, https:\/\/loggins.eu\/wp-content\/uploads\/2025\/12\/prec-2048x1152.jpg 2048w\" sizes=\"auto, (max-width: 1024px) 100vw, 1024px\" \/><span aria-hidden=\"true\" class=\"wp-block-cover__background has-background-dim\"><\/span><div class=\"wp-block-cover__inner-container has-global-padding is-layout-constrained wp-block-cover-is-layout-constrained\">\n<p class=\"has-text-align-center has-xx-large-font-size\" style=\"border-width:1px;font-style:normal;font-weight:300\">Towary warto\u015bciowe<\/p>\n<\/div><\/div>\n\n\n\n<div class=\"wp-block-group alignfull is-style-ext-preset--group--natural-1--section has-background-background-color has-background has-global-padding is-layout-constrained wp-container-core-group-is-layout-e955bbaf wp-block-group-is-layout-constrained\" style=\"margin-top:0;margin-bottom:0;padding-top:var(--wp--preset--spacing--70);padding-bottom:var(--wp--preset--spacing--70)\">\n<div class=\"wp-block-group alignfull is-vertical is-content-justification-stretch is-layout-flex wp-container-core-group-is-layout-8a61f90a wp-block-group-is-layout-flex\">\n<div class=\"wp-block-group has-global-padding is-layout-constrained wp-container-core-group-is-layout-5e05634a wp-block-group-is-layout-constrained\">\n<h2 class=\"wp-block-heading has-text-align-center has-large-font-size\" style=\"font-style:normal;font-weight:300\">Bezpieczny transport towar\u00f3w warto\u015bciowych z pe\u0142n\u0105 kontrol\u0105.<\/h2>\n\n\n\n<p class=\"has-text-align-center has-medium-font-size\" style=\"font-style:normal;font-weight:400\">Zapewniamy dyskrecj\u0119, zaawansowany monitoring i indywidualne procedury ochronne.<\/p>\n<\/div>\n<\/div>\n\n\n\n<div class=\"wp-block-columns alignwide is-layout-flex wp-container-core-columns-is-layout-08c01c1c wp-block-columns-is-layout-flex\">\n<div class=\"wp-block-column is-vertically-aligned-stretch is-layout-flow wp-container-core-column-is-layout-f5bb311e wp-block-column-is-layout-flow\">\n<div class=\"wp-block-group is-style-ext-preset--group--natural-1--item-card-1--align-center has-global-padding is-layout-constrained wp-block-group-is-layout-constrained is-style-ext-preset--group--natural-1--item-card-1--align-center--2\">\n<div class=\"wp-block-group is-style-default has-global-padding is-layout-constrained wp-block-group-is-layout-constrained\">\n<h3 class=\"wp-block-heading has-text-align-center\">Maksymalne bezpiecze\u0144stwo przesy\u0142ek.<\/h3>\n\n\n\n<p class=\"has-text-align-center\">Stosujemy nowoczesne technologie, kt\u00f3re pozwalaj\u0105 \u015bledzi\u0107 \u0142adunek w czasie rzeczywistym i natychmiast reagowa\u0107 na nieprzewidziane sytuacje.<\/p>\n<\/div>\n<\/div>\n<\/div>\n\n\n\n<div class=\"wp-block-column is-vertically-aligned-stretch is-layout-flow wp-container-core-column-is-layout-f5bb311e wp-block-column-is-layout-flow\">\n<div class=\"wp-block-group is-style-ext-preset--group--natural-1--item-card-1--align-center has-global-padding is-layout-constrained wp-block-group-is-layout-constrained is-style-ext-preset--group--natural-1--item-card-1--align-center--3\">\n<div class=\"wp-block-group is-style-default has-global-padding is-layout-constrained wp-block-group-is-layout-constrained\">\n<h3 class=\"wp-block-heading has-text-align-center\">Pe\u0142na dyskrecja i poufno\u015b\u0107.<\/h3>\n\n\n\n<p class=\"has-text-align-center\">Transport jest realizowany zgodnie z rygorystycznymi standardami ochrony danych i informacji o przesy\u0142ce, co minimalizuje ryzyko wycieku.<\/p>\n<\/div>\n<\/div>\n<\/div>\n\n\n\n<div class=\"wp-block-column is-vertically-aligned-stretch is-layout-flow wp-container-core-column-is-layout-f5bb311e wp-block-column-is-layout-flow\">\n<div class=\"wp-block-group is-style-ext-preset--group--natural-1--item-card-1--align-center has-global-padding is-layout-constrained wp-block-group-is-layout-constrained is-style-ext-preset--group--natural-1--item-card-1--align-center--4\">\n<div class=\"wp-block-group is-style-default has-global-padding is-layout-constrained wp-block-group-is-layout-constrained\">\n<h3 class=\"wp-block-heading\">Indywidualne dopasowanie \u015brodk\u00f3w transportu.<\/h3>\n\n\n\n<p class=\"has-text-align-center\">Dobieramy pojazdy i zabezpieczenia adekwatne do warto\u015bci i specyfiki przewo\u017conych towar\u00f3w, gwarantuj\u0105c terminowo\u015b\u0107 i niezawodno\u015b\u0107.<\/p>\n<\/div>\n<\/div>\n<\/div>\n<\/div>\n\n\n\n<div class=\"wp-block-columns alignwide are-vertically-aligned-center is-layout-flex wp-container-core-columns-is-layout-28f84493 wp-block-columns-is-layout-flex\">\n<div class=\"wp-block-column is-vertically-aligned-center has-global-padding is-content-justification-center is-layout-constrained wp-block-column-is-layout-constrained\">\n<p class=\"has-text-align-center\">Realizuj\u0105c transport towar\u00f3w warto\u015bciowych, mamy pe\u0142n\u0105 \u015bwiadomo\u015b\u0107 ich wysokiej warto\u015bci finansowej, dlatego zobowi\u0105zujemy si\u0119 do zapewnienia Klientom maksymalnego poziomu bezpiecze\u0144stwa na ka\u017cdym etapie przewozu.<\/p>\n<\/div>\n\n\n\n<div class=\"wp-block-column is-vertically-aligned-center is-layout-flow wp-block-column-is-layout-flow\">\n<figure class=\"wp-block-image aligncenter size-medium has-custom-border\"><img loading=\"lazy\" decoding=\"async\" width=\"300\" height=\"200\" src=\"https:\/\/serwer402651.lh.pl\/autoinstalator\/serwer402651.lh.pl\/aiwordpress1120\/wp-content\/uploads\/2025\/12\/wine-300x200.jpg\" alt=\"\" class=\"wp-image-795\" style=\"border-style:none;border-width:0px\" srcset=\"https:\/\/loggins.eu\/wp-content\/uploads\/2025\/12\/wine-300x200.jpg 300w, https:\/\/loggins.eu\/wp-content\/uploads\/2025\/12\/wine-1024x683.jpg 1024w, https:\/\/loggins.eu\/wp-content\/uploads\/2025\/12\/wine-768x512.jpg 768w, https:\/\/loggins.eu\/wp-content\/uploads\/2025\/12\/wine.jpg 1170w\" sizes=\"auto, (max-width: 300px) 100vw, 300px\" \/><\/figure>\n<\/div>\n<\/div>\n<\/div>\n\n\n\n<div class=\"wp-block-columns alignfull are-vertically-aligned-center is-layout-flex wp-container-core-columns-is-layout-28f84493 wp-block-columns-is-layout-flex\">\n<div class=\"wp-block-column is-vertically-aligned-center is-layout-flow wp-block-column-is-layout-flow\" style=\"flex-basis:100%\">\n<div class=\"wp-block-group alignfull is-style-ext-preset--group--natural-1--section has-tertiary-background-color has-background has-global-padding is-layout-constrained wp-container-core-group-is-layout-e955bbaf wp-block-group-is-layout-constrained\" style=\"border-style:none;border-width:0px;margin-top:0;margin-bottom:0;padding-top:var(--wp--preset--spacing--70);padding-bottom:var(--wp--preset--spacing--70)\">\n<div class=\"wp-block-group is-vertical is-layout-flex wp-container-core-group-is-layout-c35747d5 wp-block-group-is-layout-flex\">\n<div class=\"wp-block-group has-global-padding is-layout-constrained wp-container-core-group-is-layout-5e05634a wp-block-group-is-layout-constrained\">\n<h2 class=\"wp-block-heading has-text-align-center has-x-large-font-size\" style=\"font-style:normal;font-weight:300\">Jak zapewniamy bezpiecze\u0144stwo<\/h2>\n\n\n\n<p class=\"has-text-align-center has-medium-font-size\" style=\"font-style:normal;font-weight:300\">Przedstawiamy szczeg\u00f3\u0142owy proces przewozu towar\u00f3w warto\u015bciowych, gwarantuj\u0105c maksymaln\u0105 ochron\u0119 na ka\u017cdym etapie oraz pe\u0142n\u0105 kontrol\u0119 nad przesy\u0142k\u0105.<\/p>\n<\/div>\n<\/div>\n\n\n\n<div class=\"wp-block-columns alignwide is-layout-flex wp-container-core-columns-is-layout-08c01c1c wp-block-columns-is-layout-flex\">\n<div class=\"wp-block-column is-vertically-aligned-stretch is-layout-flow wp-container-core-column-is-layout-f5bb311e wp-block-column-is-layout-flow\">\n<div class=\"wp-block-group is-style-ext-preset--group--natural-1--item-card-1--align-start has-global-padding is-layout-constrained wp-block-group-is-layout-constrained is-style-ext-preset--group--natural-1--item-card-1--align-start--6\">\n<div class=\"wp-block-group is-style-default has-global-padding is-layout-constrained wp-block-group-is-layout-constrained\">\n<h3 class=\"wp-block-heading\">Krok pierwszy: Planowanie transportu<\/h3>\n\n\n\n<p>Rozpoczynamy od indywidualnej analizy potrzeb klienta, dobieraj\u0105c optymalne \u015brodki transportu i zabezpieczenia dopasowane do specyfiki przewo\u017conych towar\u00f3w.<\/p>\n<\/div>\n<\/div>\n<\/div>\n\n\n\n<div class=\"wp-block-column is-vertically-aligned-stretch is-layout-flow wp-container-core-column-is-layout-f5bb311e wp-block-column-is-layout-flow\">\n<div class=\"wp-block-group is-style-ext-preset--group--natural-1--item-card-1--align-start has-global-padding is-layout-constrained wp-block-group-is-layout-constrained is-style-ext-preset--group--natural-1--item-card-1--align-start--7\">\n<div class=\"wp-block-group is-style-default has-global-padding is-layout-constrained wp-block-group-is-layout-constrained\">\n<h3 class=\"wp-block-heading\">Krok drugi: Realizacja przewozu<\/h3>\n\n\n\n<p>Przeprowadzamy przew\u00f3z z wykorzystaniem zaawansowanych technologii monitoringu oraz zespo\u0142u ekspert\u00f3w dbaj\u0105cych o dyskrecj\u0119 i bezpiecze\u0144stwo przesy\u0142ki.<\/p>\n<\/div>\n<\/div>\n<\/div>\n\n\n\n<div class=\"wp-block-column is-vertically-aligned-stretch is-layout-flow wp-container-core-column-is-layout-f5bb311e wp-block-column-is-layout-flow\">\n<div class=\"wp-block-group is-style-ext-preset--group--natural-1--item-card-1--align-start has-global-padding is-layout-constrained wp-block-group-is-layout-constrained is-style-ext-preset--group--natural-1--item-card-1--align-start--8\">\n<div class=\"wp-block-group is-style-default has-global-padding is-layout-constrained wp-block-group-is-layout-constrained\">\n<h3 class=\"wp-block-heading\">Krok trzeci: Kontrola i raportowanie<\/h3>\n\n\n\n<p>Zapewniamy sta\u0142y nadz\u00f3r nad transportem oraz przekazujemy szczeg\u00f3\u0142owe raporty, dzi\u0119ki czemu klient ma pe\u0142n\u0105 wiedz\u0119 o statusie i przebiegu realizacji.<\/p>\n<\/div>\n<\/div>\n<\/div>\n<\/div>\n\n\n\n<div class=\"wp-block-columns alignwide is-layout-flex wp-container-core-columns-is-layout-28f84493 wp-block-columns-is-layout-flex\">\n<div class=\"wp-block-column is-layout-flow wp-block-column-is-layout-flow\">\n<p><strong>Stosujemy starannie zaplanowane i realizowane z najwy\u017csz\u0105 ostro\u017cno\u015bci\u0105 \u015brodki zapobiegawcze:<\/strong><\/p>\n\n\n\n<ul class=\"wp-block-list\">\n<li>zapewniamy pe\u0142n\u0105 poufno\u015b\u0107 informacji \u2013 szczeg\u00f3\u0142y dotycz\u0105ce \u0142adunku s\u0105 znane wy\u0142\u0105cznie odpowiednio upowa\u017cnionym osobom, a dyskrecja pozostaje dla nas priorytetem,<\/li>\n\n\n\n<li>ograniczamy ryzyko po stronie nadawcy, odbiorcy oraz przewo\u017anika dzi\u0119ki pracy rzetelnych i wysoko wykwalifikowanych specjalist\u00f3w,<\/li>\n\n\n\n<li>wsp\u00f3\u0142pracujemy wy\u0142\u0105cznie z do\u015bwiadczonymi, sprawdzonymi i zaufanymi przewo\u017anikami, aby transport przebiega\u0142 w warunkach maksymalnego bezpiecze\u0144stwa,<\/li>\n\n\n\n<li>przyk\u0142adamy szczeg\u00f3ln\u0105 wag\u0119 do przewozu towar\u00f3w warto\u015bciowych, stosuj\u0105c rygorystycznie dobrane \u015brodki zabezpieczaj\u0105ce i najwy\u017csze standardy ostro\u017cno\u015bci.<\/li>\n<\/ul>\n\n\n\n<p><strong>Dzi\u0119ki temu gwarantujemy maksymaln\u0105 ochron\u0119 \u0142adunk\u00f3w o wysokiej warto\u015bci na ka\u017cdym etapie transportu.<\/strong><\/p>\n<\/div>\n\n\n\n<div class=\"wp-block-column is-layout-flow wp-block-column-is-layout-flow\">\n<figure class=\"wp-block-image size-large\"><img loading=\"lazy\" decoding=\"async\" width=\"1024\" height=\"683\" src=\"https:\/\/serwer402651.lh.pl\/autoinstalator\/serwer402651.lh.pl\/aiwordpress1120\/wp-content\/uploads\/2025\/12\/case-1024x683.jpg\" alt=\"\" class=\"wp-image-796\" srcset=\"https:\/\/loggins.eu\/wp-content\/uploads\/2025\/12\/case-1024x683.jpg 1024w, https:\/\/loggins.eu\/wp-content\/uploads\/2025\/12\/case-300x200.jpg 300w, https:\/\/loggins.eu\/wp-content\/uploads\/2025\/12\/case-768x512.jpg 768w, https:\/\/loggins.eu\/wp-content\/uploads\/2025\/12\/case-1536x1024.jpg 1536w, https:\/\/loggins.eu\/wp-content\/uploads\/2025\/12\/case.jpg 1555w\" sizes=\"auto, (max-width: 1024px) 100vw, 1024px\" \/><\/figure>\n<\/div>\n<\/div>\n<\/div>\n<\/div>\n<\/div>\n\n\n\n<div class=\"wp-block-columns alignfull is-layout-flex wp-container-core-columns-is-layout-28f84493 wp-block-columns-is-layout-flex\">\n<div class=\"wp-block-column is-layout-flow wp-block-column-is-layout-flow\" style=\"flex-basis:100%\">\n<div class=\"wp-block-group alignfull is-style-ext-preset--group--natural-1--section has-background-background-color has-background has-global-padding is-layout-constrained wp-container-core-group-is-layout-e955bbaf wp-block-group-is-layout-constrained\" style=\"margin-top:0;margin-bottom:0;padding-top:var(--wp--preset--spacing--70);padding-bottom:var(--wp--preset--spacing--70)\">\n<div class=\"wp-block-columns alignfull is-layout-flex wp-container-core-columns-is-layout-28f84493 wp-block-columns-is-layout-flex\">\n<div class=\"wp-block-column is-vertically-aligned-center is-layout-flow wp-block-column-is-layout-flow\" style=\"flex-basis:100%\">\n<div class=\"wp-block-columns is-layout-flex wp-container-core-columns-is-layout-28f84493 wp-block-columns-is-layout-flex\">\n<div class=\"wp-block-column is-vertically-aligned-center is-layout-flow wp-block-column-is-layout-flow\" style=\"flex-basis:100%\">\n<div class=\"wp-block-group alignwide has-global-padding is-layout-constrained wp-container-core-group-is-layout-92b9201d wp-block-group-is-layout-constrained\">\n<div class=\"wp-block-group has-global-padding is-layout-constrained wp-container-core-group-is-layout-5e05634a wp-block-group-is-layout-constrained\">\n<h2 class=\"wp-block-heading alignwide has-text-align-center has-large-font-size\" style=\"font-style:normal;font-weight:300\">Zapewniamy pe\u0142ne bezpiecze\u0144stwo transportu.<\/h2>\n\n\n\n<p class=\"has-text-align-center has-medium-font-size\" style=\"font-style:normal;font-weight:100\">Najwa\u017cniejsze zalety naszych us\u0142ug przewozu towar\u00f3w warto\u015bciowych, gwarantuj\u0105ce bezpiecze\u0144stwo, dyskrecj\u0119 i kontrol\u0119 na ka\u017cdym etapie.<\/p>\n<\/div>\n<\/div>\n<\/div>\n<\/div>\n<\/div>\n<\/div>\n\n\n\n<div class=\"wp-block-columns alignwide is-layout-flex wp-container-core-columns-is-layout-174606dc wp-block-columns-is-layout-flex\">\n<div class=\"wp-block-column is-vertically-aligned-center is-layout-flow wp-block-column-is-layout-flow\">\n<div class=\"wp-block-group is-style-ext-preset--group--natural-1--item-card-1--align-start has-global-padding is-layout-constrained wp-block-group-is-layout-constrained is-style-ext-preset--group--natural-1--item-card-1--align-start--10\">\n<div class=\"wp-block-group is-style-default has-global-padding is-layout-constrained wp-block-group-is-layout-constrained\">\n<div class=\"wp-block-group is-nowrap is-layout-flex wp-container-core-group-is-layout-64fa2afa wp-block-group-is-layout-flex\" style=\"padding-top:0;padding-right:0;padding-bottom:0;padding-left:0\">\n<div class=\"wp-block-group wp-container-content-958eb9dc has-global-padding is-layout-constrained wp-container-core-group-is-layout-c06d165c wp-block-group-is-layout-constrained\" style=\"padding-top:0;padding-right:0;padding-bottom:0;padding-left:0\">\n<h3 class=\"wp-block-heading\">Zaawansowany monitoring GPS<\/h3>\n\n\n\n<p>Ca\u0142odobowy system lokalizacji zapewnia sta\u0142\u0105 kontrol\u0119 przesy\u0142ek.<\/p>\n<\/div>\n<\/div>\n<\/div>\n<\/div>\n\n\n\n<div class=\"wp-block-group is-style-ext-preset--group--natural-1--item-card-1--align-start has-global-padding is-layout-constrained wp-block-group-is-layout-constrained is-style-ext-preset--group--natural-1--item-card-1--align-start--11\">\n<div class=\"wp-block-group is-style-default has-global-padding is-layout-constrained wp-block-group-is-layout-constrained\">\n<div class=\"wp-block-group is-nowrap is-layout-flex wp-container-core-group-is-layout-64fa2afa wp-block-group-is-layout-flex\" style=\"padding-top:0;padding-right:0;padding-bottom:0;padding-left:0\">\n<div class=\"wp-block-group wp-container-content-958eb9dc has-global-padding is-layout-constrained wp-container-core-group-is-layout-c06d165c wp-block-group-is-layout-constrained\" style=\"padding-top:0;padding-right:0;padding-bottom:0;padding-left:0\">\n<h3 class=\"wp-block-heading\">Indywidualne procedury ochronne<\/h3>\n\n\n\n<p>Specjalistyczne zabezpieczenia dostosowane do charakteru przewo\u017conych d\u00f3br.<\/p>\n<\/div>\n<\/div>\n<\/div>\n<\/div>\n\n\n\n<div class=\"wp-block-group is-style-ext-preset--group--natural-1--item-card-1--align-start has-global-padding is-layout-constrained wp-block-group-is-layout-constrained is-style-ext-preset--group--natural-1--item-card-1--align-start--12\">\n<div class=\"wp-block-group is-style-default has-global-padding is-layout-constrained wp-block-group-is-layout-constrained\">\n<div class=\"wp-block-group is-nowrap is-layout-flex wp-container-core-group-is-layout-64fa2afa wp-block-group-is-layout-flex\" style=\"padding-top:0;padding-right:0;padding-bottom:0;padding-left:0\">\n<div class=\"wp-block-group wp-container-content-958eb9dc has-global-padding is-layout-constrained wp-container-core-group-is-layout-c06d165c wp-block-group-is-layout-constrained\" style=\"padding-top:0;padding-right:0;padding-bottom:0;padding-left:0\">\n<h3 class=\"wp-block-heading\">Dedykowany transport<\/h3>\n\n\n\n<p>Pojazdy wyposa\u017cone w \u015brodki ochrony oraz zapewniaj\u0105ce dyskrecj\u0119 podczas transportu.<\/p>\n<\/div>\n<\/div>\n<\/div>\n<\/div>\n<\/div>\n<\/div>\n\n\n\n<div class=\"wp-block-buttons is-content-justification-center is-layout-flex wp-container-core-buttons-is-layout-a89b3969 wp-block-buttons-is-layout-flex\">\n<div class=\"wp-block-button\"><a class=\"wp-block-button__link wp-element-button\" href=\"https:\/\/serwer402651.lh.pl\/autoinstalator\/serwer402651.lh.pl\/aiwordpress1120\/kalkulator-frachtu\/\">Wyce\u0144 fracht<\/a><\/div>\n<\/div>\n<\/div>\n<\/div>\n<\/div>\n","protected":false},"excerpt":{"rendered":"<p>Bezpieczny transport towar\u00f3w warto\u015bciowych z pe\u0142n\u0105 kontrol\u0105. Zapewniamy dyskrecj\u0119, zaawansowany monitoring i indywidualne procedury ochronne. Maksymalne bezpiecze\u0144stwo przesy\u0142ek. Stosujemy nowoczesne technologie, kt\u00f3re pozwalaj\u0105 \u015bledzi\u0107 \u0142adunek w czasie rzeczywistym i natychmiast reagowa\u0107 na nieprzewidziane sytuacje. Pe\u0142na dyskrecja i poufno\u015b\u0107. Transport jest realizowany zgodnie z rygorystycznymi standardami ochrony danych i informacji o przesy\u0142ce, co minimalizuje ryzyko wycieku. [&hellip;]<\/p>\n","protected":false},"author":1,"featured_media":0,"parent":0,"menu_order":0,"comment_status":"closed","ping_status":"closed","template":"page-with-title","meta":{"_uag_custom_page_level_css":"","footnotes":""},"class_list":["post-470","page","type-page","status-publish","hentry"],"aioseo_notices":[],"uagb_featured_image_src":{"full":false,"thumbnail":false,"medium":false,"medium_large":false,"large":false,"1536x1536":false,"2048x2048":false},"uagb_author_info":{"display_name":"admin-qR73qRrA","author_link":"https:\/\/loggins.eu\/?author=1"},"uagb_comment_info":0,"uagb_excerpt":"Bezpieczny transport towar\u00f3w warto\u015bciowych z pe\u0142n\u0105 kontrol\u0105. Zapewniamy dyskrecj\u0119, zaawansowany monitoring i indywidualne procedury ochronne. Maksymalne bezpiecze\u0144stwo przesy\u0142ek. Stosujemy nowoczesne technologie, kt\u00f3re pozwalaj\u0105 \u015bledzi\u0107 \u0142adunek w czasie rzeczywistym i natychmiast reagowa\u0107 na nieprzewidziane sytuacje. Pe\u0142na dyskrecja i poufno\u015b\u0107. Transport jest realizowany zgodnie z rygorystycznymi standardami ochrony danych i informacji o przesy\u0142ce, co minimalizuje ryzyko wycieku.&hellip;","_links":{"self":[{"href":"https:\/\/loggins.eu\/index.php?rest_route=\/wp\/v2\/pages\/470","targetHints":{"allow":["GET"]}}],"collection":[{"href":"https:\/\/loggins.eu\/index.php?rest_route=\/wp\/v2\/pages"}],"about":[{"href":"https:\/\/loggins.eu\/index.php?rest_route=\/wp\/v2\/types\/page"}],"author":[{"embeddable":true,"href":"https:\/\/loggins.eu\/index.php?rest_route=\/wp\/v2\/users\/1"}],"replies":[{"embeddable":true,"href":"https:\/\/loggins.eu\/index.php?rest_route=%2Fwp%2Fv2%2Fcomments&post=470"}],"version-history":[{"count":10,"href":"https:\/\/loggins.eu\/index.php?rest_route=\/wp\/v2\/pages\/470\/revisions"}],"predecessor-version":[{"id":1013,"href":"https:\/\/loggins.eu\/index.php?rest_route=\/wp\/v2\/pages\/470\/revisions\/1013"}],"wp:attachment":[{"href":"https:\/\/loggins.eu\/index.php?rest_route=%2Fwp%2Fv2%2Fmedia&parent=470"}],"curies":[{"name":"wp","href":"https:\/\/api.w.org\/{rel}","templated":true}]}}