{"id":565,"date":"2025-12-12T00:00:17","date_gmt":"2025-12-11T23:00:17","guid":{"rendered":"https:\/\/serwer402651.lh.pl\/autoinstalator\/serwer402651.lh.pl\/aiwordpress1120\/?page_id=565"},"modified":"2025-12-15T22:57:21","modified_gmt":"2025-12-15T21:57:21","slug":"spedycja-drogowa","status":"publish","type":"page","link":"https:\/\/loggins.eu\/?page_id=565","title":{"rendered":"Spedycja drogowa"},"content":{"rendered":"\n<div style=\"aspect-ratio:16\/9;min-height:unset;\" class=\"wp-block-cover alignfull is-style-default has-aspect-ratio\"><img loading=\"lazy\" decoding=\"async\" width=\"1024\" height=\"576\" class=\"wp-block-cover__image-background wp-image-919 size-large\" alt=\"\" src=\"https:\/\/serwer402651.lh.pl\/autoinstalator\/serwer402651.lh.pl\/aiwordpress1120\/wp-content\/uploads\/2025\/12\/spedycja_drogowa1-1024x576.jpg\" data-object-fit=\"cover\" srcset=\"https:\/\/loggins.eu\/wp-content\/uploads\/2025\/12\/spedycja_drogowa1-1024x576.jpg 1024w, https:\/\/loggins.eu\/wp-content\/uploads\/2025\/12\/spedycja_drogowa1-300x169.jpg 300w, https:\/\/loggins.eu\/wp-content\/uploads\/2025\/12\/spedycja_drogowa1-768x432.jpg 768w, https:\/\/loggins.eu\/wp-content\/uploads\/2025\/12\/spedycja_drogowa1-1536x864.jpg 1536w, https:\/\/loggins.eu\/wp-content\/uploads\/2025\/12\/spedycja_drogowa1-2048x1152.jpg 2048w\" sizes=\"auto, (max-width: 1024px) 100vw, 1024px\" \/><span aria-hidden=\"true\" class=\"wp-block-cover__background has-background-dim\" style=\"background-color:#403f27\"><\/span><div class=\"wp-block-cover__inner-container has-global-padding is-layout-constrained wp-block-cover-is-layout-constrained\">\n<p class=\"has-text-align-center has-xx-large-font-size\" style=\"border-width:1px;font-style:normal;font-weight:300\">Spedycja drogowa<\/p>\n<\/div><\/div>\n\n\n\n<div class=\"wp-block-group alignfull is-style-ext-preset--group--natural-1--section has-background-background-color has-background has-global-padding is-layout-constrained wp-container-core-group-is-layout-3a222f2e wp-block-group-is-layout-constrained\" style=\"margin-top:0;margin-bottom:0;padding-top:var(--wp--preset--spacing--70);padding-bottom:var(--wp--preset--spacing--70)\">\n<div class=\"wp-block-columns alignwide is-layout-flex wp-container-core-columns-is-layout-28f84493 wp-block-columns-is-layout-flex\">\n<div class=\"wp-block-column is-layout-flow wp-block-column-is-layout-flow\">\n<h2 class=\"wp-block-heading has-text-align-center\"><strong>Profesjonalna i niezawodna obs\u0142uga logistyczna<\/strong><\/h2>\n\n\n\n<p>Transport drogowy stanowi podstaw\u0119 wielu operacji logistycznych, g\u0142\u00f3wnie ze wzgl\u0119du na swoj\u0105 elastyczno\u015b\u0107 i uniwersalno\u015b\u0107.<\/p>\n\n\n\n<p>Dzi\u0119ki wieloletniemu do\u015bwiadczeniu oraz wysokim kompetencjom w zakresie spedycji, <strong>Northgate Logistics<\/strong> jest w stanie sprawnie zorganizowa\u0107 transport towar\u00f3w do niemal ka\u017cdego miejsca, zapewniaj\u0105c terminowo\u015b\u0107, bezpiecze\u0144stwo i najwy\u017cszy standard obs\u0142ugi.<\/p>\n<\/div>\n\n\n\n<div class=\"wp-block-column is-layout-flow wp-block-column-is-layout-flow\">\n<figure class=\"wp-block-image size-large\"><img loading=\"lazy\" decoding=\"async\" width=\"1024\" height=\"658\" src=\"http:\/\/serwer402651.lh.pl\/autoinstalator\/serwer402651.lh.pl\/aiwordpress1120\/wp-content\/uploads\/2025\/12\/truck_contact-1024x658.jpg\" alt=\"\" class=\"wp-image-79\" srcset=\"https:\/\/loggins.eu\/wp-content\/uploads\/2025\/12\/truck_contact-1024x658.jpg 1024w, https:\/\/loggins.eu\/wp-content\/uploads\/2025\/12\/truck_contact-300x193.jpg 300w, https:\/\/loggins.eu\/wp-content\/uploads\/2025\/12\/truck_contact-768x494.jpg 768w, https:\/\/loggins.eu\/wp-content\/uploads\/2025\/12\/truck_contact-1536x987.jpg 1536w, https:\/\/loggins.eu\/wp-content\/uploads\/2025\/12\/truck_contact-2048x1316.jpg 2048w\" sizes=\"auto, (max-width: 1024px) 100vw, 1024px\" \/><\/figure>\n<\/div>\n<\/div>\n\n\n\n<div class=\"wp-block-columns alignwide is-layout-flex wp-container-core-columns-is-layout-28f84493 wp-block-columns-is-layout-flex\">\n<div class=\"wp-block-column is-layout-flow wp-block-column-is-layout-flow\">\n<h2 class=\"wp-block-heading has-text-align-center\"><strong>Jak przewozimy \u0142adunki?<\/strong><\/h2>\n\n\n\n<p class=\"has-text-align-center\">Do realizacji transportu wykorzystujemy pojazdy o r\u00f3\u017cnych mo\u017cliwo\u015bciach za\u0142adunkowych, co pozwala nam precyzyjnie dopasowa\u0107 \u015brodek transportu do rodzaju i specyfiki przewo\u017conego towaru. Oferujemy zar\u00f3wno transport krajowy, jak i mi\u0119dzynarodowy, zapewniaj\u0105c pe\u0142n\u0105 elastyczno\u015b\u0107 i terminowo\u015b\u0107 dostaw. Dysponujemy nowoczesn\u0105 flot\u0105 obejmuj\u0105c\u0105 m.in. <strong>busy, firanki, sol\u00f3wki, platformy, izotermy, ch\u0142odnie oraz zestawy plandekowe typu mega 15,4<\/strong>, dzi\u0119ki czemu jeste\u015bmy w stanie obs\u0142u\u017cy\u0107 szerokie spektrum \u0142adunk\u00f3w.<\/p>\n\n\n\n<div class=\"wp-block-columns is-layout-flex wp-container-core-columns-is-layout-28f84493 wp-block-columns-is-layout-flex\">\n<div class=\"wp-block-column is-layout-flow wp-block-column-is-layout-flow\">\n<h2 class=\"wp-block-heading\"><strong>Zalety spedycji drogowej:<\/strong><\/h2>\n\n\n\n<ul class=\"wp-block-list\">\n<li>najwi\u0119kszy zasi\u0119g \u2013 mo\u017cliwo\u015b\u0107 dostarczenia towaru niemal w ka\u017cde miejsce wskazane przez Klienta,<\/li>\n\n\n\n<li>doskona\u0142e dopasowanie sieci drogowej do rynk\u00f3w zbytu oraz zaopatrzenia,<\/li>\n\n\n\n<li>relatywnie niskie koszty utrzymania w por\u00f3wnaniu z innymi ga\u0142\u0119ziami transportu,<\/li>\n\n\n\n<li>wysoka uniwersalno\u015b\u0107 \u015brodk\u00f3w transportu, przystosowanych do przewozu towar\u00f3w o r\u00f3\u017cnej podatno\u015bci transportowej.<\/li>\n<\/ul>\n\n\n\n<h4 class=\"wp-block-heading\"><strong>Obs\u0142ugujemy \u0142adunki:<\/strong><\/h4>\n\n\n\n<ul class=\"wp-block-list\">\n<li>paletyzowane oraz luzem,<\/li>\n\n\n\n<li>niebezpieczne (ADR),<\/li>\n\n\n\n<li>ponadgabarytowe,<\/li>\n\n\n\n<li>p\u0142ynne, sta\u0142e oraz gazowe,<\/li>\n\n\n\n<li>wymagaj\u0105ce kontrolowanej obr\u00f3bki termicznej.<\/li>\n<\/ul>\n<\/div>\n\n\n\n<div class=\"wp-block-column is-layout-flow wp-block-column-is-layout-flow\"><figure class=\"wp-block-post-featured-image\"><img loading=\"lazy\" decoding=\"async\" width=\"300\" height=\"216\" src=\"https:\/\/loggins.eu\/wp-content\/uploads\/2025\/12\/drogowa-300x216.jpg\" class=\"attachment-medium size-medium wp-post-image\" alt=\"\" style=\"object-fit:cover;\" srcset=\"https:\/\/loggins.eu\/wp-content\/uploads\/2025\/12\/drogowa-300x216.jpg 300w, https:\/\/loggins.eu\/wp-content\/uploads\/2025\/12\/drogowa-1024x736.jpg 1024w, https:\/\/loggins.eu\/wp-content\/uploads\/2025\/12\/drogowa-768x552.jpg 768w, https:\/\/loggins.eu\/wp-content\/uploads\/2025\/12\/drogowa-1536x1104.jpg 1536w, https:\/\/loggins.eu\/wp-content\/uploads\/2025\/12\/drogowa.jpg 1680w\" sizes=\"auto, (max-width: 300px) 100vw, 300px\" \/><\/figure><\/div>\n<\/div>\n<\/div>\n<\/div>\n<\/div>\n\n\n\n<div class=\"wp-block-group alignfull is-style-ext-preset--group--natural-1--section has-tertiary-background-color has-background has-global-padding is-layout-constrained wp-container-core-group-is-layout-e955bbaf wp-block-group-is-layout-constrained\" style=\"margin-top:0;margin-bottom:0;padding-top:var(--wp--preset--spacing--70);padding-bottom:var(--wp--preset--spacing--70)\">\n<div class=\"wp-block-columns alignwide is-layout-flex wp-container-core-columns-is-layout-174606dc wp-block-columns-is-layout-flex\">\n<div class=\"wp-block-column is-vertically-aligned-stretch is-layout-flow wp-container-core-column-is-layout-119bc444 wp-block-column-is-layout-flow\">\n<div class=\"wp-block-group alignwide is-vertical is-layout-flex wp-container-core-group-is-layout-c35747d5 wp-block-group-is-layout-flex\">\n<div class=\"wp-block-group has-global-padding is-layout-constrained wp-container-core-group-is-layout-5e05634a wp-block-group-is-layout-constrained\">\n<h3 class=\"wp-block-heading\">Spedycja dostosowana do potrzeb Twojej firmy, gwarantuj\u0105ca terminowo\u015b\u0107 i bezpiecze\u0144stwo.<\/h3>\n\n\n\n<p class=\"has-text-align-left\">Przedstawiamy wyzwania transportowe oraz opisujemy, jak nasza spedycja drogowa zapewnia skuteczne i elastyczne rozwi\u0105zania.<\/p>\n<\/div>\n<\/div>\n\n\n\n<div class=\"wp-block-buttons is-content-justification-center is-layout-flex wp-container-core-buttons-is-layout-a89b3969 wp-block-buttons-is-layout-flex\">\n<div class=\"wp-block-button\"><a class=\"wp-block-button__link wp-element-button\" href=\"https:\/\/serwer402651.lh.pl\/autoinstalator\/serwer402651.lh.pl\/aiwordpress1120\/kalkulator-frachtu\/\">Wyce\u0144 fracht<\/a><\/div>\n<\/div>\n<\/div>\n\n\n\n<div class=\"wp-block-column is-vertically-aligned-center is-layout-flow wp-container-core-column-is-layout-f5bb311e wp-block-column-is-layout-flow\">\n<div class=\"wp-block-columns is-layout-flex wp-container-core-columns-is-layout-28f84493 wp-block-columns-is-layout-flex\">\n<div class=\"wp-block-column is-vertically-aligned-stretch is-layout-flow wp-block-column-is-layout-flow\">\n<div class=\"wp-block-group is-style-ext-preset--group--natural-1--item-card-1--align-start has-global-padding is-layout-constrained wp-block-group-is-layout-constrained is-style-ext-preset--group--natural-1--item-card-1--align-start--3\">\n<div class=\"wp-block-group is-style-default has-global-padding is-layout-constrained wp-block-group-is-layout-constrained\">\n<h3 class=\"wp-block-heading\">Transport krajowy i mi\u0119dzynarodowy<\/h3>\n\n\n\n<p>Zapewniamy kompleksow\u0105 obs\u0142ug\u0119 przesy\u0142ek na terenie Polski i Europy, gwarantuj\u0105c terminow\u0105 i bezpieczn\u0105 realizacj\u0119.<\/p>\n<\/div>\n<\/div>\n<\/div>\n\n\n\n<div class=\"wp-block-column is-vertically-aligned-stretch is-layout-flow wp-block-column-is-layout-flow\">\n<div class=\"wp-block-group is-style-ext-preset--group--natural-1--item-card-1--align-start has-global-padding is-layout-constrained wp-block-group-is-layout-constrained is-style-ext-preset--group--natural-1--item-card-1--align-start--4\">\n<div class=\"wp-block-group is-style-default has-global-padding is-layout-constrained wp-block-group-is-layout-constrained\">\n<h3 class=\"wp-block-heading\">Zarz\u0105dzanie \u0142adunkami specjalistycznymi<\/h3>\n\n\n\n<p>Specjalizujemy si\u0119 w transporcie \u0142adunk\u00f3w wymagaj\u0105cych szczeg\u00f3lnych warunk\u00f3w, dbaj\u0105c o ich nienaruszony przew\u00f3z.<\/p>\n<\/div>\n<\/div>\n<\/div>\n<\/div>\n\n\n\n<div class=\"wp-block-columns is-layout-flex wp-container-core-columns-is-layout-28f84493 wp-block-columns-is-layout-flex\">\n<div class=\"wp-block-column is-vertically-aligned-stretch is-layout-flow wp-block-column-is-layout-flow\">\n<div class=\"wp-block-group is-style-ext-preset--group--natural-1--item-card-1--align-start has-global-padding is-layout-constrained wp-block-group-is-layout-constrained is-style-ext-preset--group--natural-1--item-card-1--align-start--5\">\n<div class=\"wp-block-group is-style-default has-global-padding is-layout-constrained wp-block-group-is-layout-constrained\">\n<h3 class=\"wp-block-heading\">Indywidualne podej\u015bcie do klienta<\/h3>\n\n\n\n<p>Dopasowujemy ofert\u0119 spedycyjn\u0105 do specyfiki Twojego biznesu, eliminuj\u0105c bariery logistyczne i optymalizuj\u0105c procesy.<\/p>\n<\/div>\n<\/div>\n<\/div>\n\n\n\n<div class=\"wp-block-column is-vertically-aligned-stretch is-layout-flow wp-block-column-is-layout-flow\">\n<div class=\"wp-block-group is-style-ext-preset--group--natural-1--item-card-1--align-start has-global-padding is-layout-constrained wp-block-group-is-layout-constrained is-style-ext-preset--group--natural-1--item-card-1--align-start--6\">\n<div class=\"wp-block-group is-style-default has-global-padding is-layout-constrained wp-block-group-is-layout-constrained\">\n<h3 class=\"wp-block-heading\">Bezpiecze\u0144stwo i kontrola<\/h3>\n\n\n\n<p>Monitorujemy ka\u017cdy etap transportu, aby zapewni\u0107 pe\u0142n\u0105 kontrol\u0119 oraz minimalizowa\u0107 ryzyko podczas przewozu.<\/p>\n<\/div>\n<\/div>\n<\/div>\n<\/div>\n<\/div>\n<\/div>\n<\/div>\n","protected":false},"excerpt":{"rendered":"<p>Profesjonalna i niezawodna obs\u0142uga logistyczna Transport drogowy stanowi podstaw\u0119 wielu operacji logistycznych, g\u0142\u00f3wnie ze wzgl\u0119du na swoj\u0105 elastyczno\u015b\u0107 i uniwersalno\u015b\u0107. Dzi\u0119ki wieloletniemu do\u015bwiadczeniu oraz wysokim kompetencjom w zakresie spedycji, Northgate Logistics jest w stanie sprawnie zorganizowa\u0107 transport towar\u00f3w do niemal ka\u017cdego miejsca, zapewniaj\u0105c terminowo\u015b\u0107, bezpiecze\u0144stwo i najwy\u017cszy standard obs\u0142ugi. Jak przewozimy \u0142adunki? Do realizacji transportu [&hellip;]<\/p>\n","protected":false},"author":1,"featured_media":566,"parent":0,"menu_order":0,"comment_status":"closed","ping_status":"closed","template":"page-with-title","meta":{"_uag_custom_page_level_css":"","footnotes":""},"class_list":["post-565","page","type-page","status-publish","has-post-thumbnail","hentry"],"aioseo_notices":[],"uagb_featured_image_src":{"full":["https:\/\/loggins.eu\/wp-content\/uploads\/2025\/12\/drogowa.jpg",1680,1207,false],"thumbnail":["https:\/\/loggins.eu\/wp-content\/uploads\/2025\/12\/drogowa-150x150.jpg",150,150,true],"medium":["https:\/\/loggins.eu\/wp-content\/uploads\/2025\/12\/drogowa-300x216.jpg",300,216,true],"medium_large":["https:\/\/loggins.eu\/wp-content\/uploads\/2025\/12\/drogowa-768x552.jpg",768,552,true],"large":["https:\/\/loggins.eu\/wp-content\/uploads\/2025\/12\/drogowa-1024x736.jpg",1024,736,true],"1536x1536":["https:\/\/loggins.eu\/wp-content\/uploads\/2025\/12\/drogowa-1536x1104.jpg",1536,1104,true],"2048x2048":["https:\/\/loggins.eu\/wp-content\/uploads\/2025\/12\/drogowa.jpg",1680,1207,false]},"uagb_author_info":{"display_name":"admin-qR73qRrA","author_link":"https:\/\/loggins.eu\/?author=1"},"uagb_comment_info":0,"uagb_excerpt":"Profesjonalna i niezawodna obs\u0142uga logistyczna Transport drogowy stanowi podstaw\u0119 wielu operacji logistycznych, g\u0142\u00f3wnie ze wzgl\u0119du na swoj\u0105 elastyczno\u015b\u0107 i uniwersalno\u015b\u0107. Dzi\u0119ki wieloletniemu do\u015bwiadczeniu oraz wysokim kompetencjom w zakresie spedycji, Northgate Logistics jest w stanie sprawnie zorganizowa\u0107 transport towar\u00f3w do niemal ka\u017cdego miejsca, zapewniaj\u0105c terminowo\u015b\u0107, bezpiecze\u0144stwo i najwy\u017cszy standard obs\u0142ugi. Jak przewozimy \u0142adunki? Do realizacji transportu&hellip;","_links":{"self":[{"href":"https:\/\/loggins.eu\/index.php?rest_route=\/wp\/v2\/pages\/565","targetHints":{"allow":["GET"]}}],"collection":[{"href":"https:\/\/loggins.eu\/index.php?rest_route=\/wp\/v2\/pages"}],"about":[{"href":"https:\/\/loggins.eu\/index.php?rest_route=\/wp\/v2\/types\/page"}],"author":[{"embeddable":true,"href":"https:\/\/loggins.eu\/index.php?rest_route=\/wp\/v2\/users\/1"}],"replies":[{"embeddable":true,"href":"https:\/\/loggins.eu\/index.php?rest_route=%2Fwp%2Fv2%2Fcomments&post=565"}],"version-history":[{"count":12,"href":"https:\/\/loggins.eu\/index.php?rest_route=\/wp\/v2\/pages\/565\/revisions"}],"predecessor-version":[{"id":991,"href":"https:\/\/loggins.eu\/index.php?rest_route=\/wp\/v2\/pages\/565\/revisions\/991"}],"wp:featuredmedia":[{"embeddable":true,"href":"https:\/\/loggins.eu\/index.php?rest_route=\/wp\/v2\/media\/566"}],"wp:attachment":[{"href":"https:\/\/loggins.eu\/index.php?rest_route=%2Fwp%2Fv2%2Fmedia&parent=565"}],"curies":[{"name":"wp","href":"https:\/\/api.w.org\/{rel}","templated":true}]}}