{"id":572,"date":"2025-12-12T18:29:55","date_gmt":"2025-12-12T17:29:55","guid":{"rendered":"https:\/\/serwer402651.lh.pl\/autoinstalator\/serwer402651.lh.pl\/aiwordpress1120\/?page_id=572"},"modified":"2025-12-15T00:55:00","modified_gmt":"2025-12-14T23:55:00","slug":"spedycja-morska","status":"publish","type":"page","link":"https:\/\/loggins.eu\/?page_id=572","title":{"rendered":"Spedycja morska"},"content":{"rendered":"\n<div class=\"wp-block-cover alignfull is-style-default has-foreground-color has-text-color has-link-color wp-elements-eb0b6db9ef2704ea78222e189d969dc0 has-aspect-ratio\" style=\"border-style:none;border-width:0px;aspect-ratio:16\/9;min-height:unset;\"><img loading=\"lazy\" decoding=\"async\" width=\"1024\" height=\"524\" class=\"wp-block-cover__image-background wp-image-635\" alt=\"\" src=\"https:\/\/serwer402651.lh.pl\/autoinstalator\/serwer402651.lh.pl\/aiwordpress1120\/wp-content\/uploads\/2025\/12\/marine-1024x524.jpg\" data-object-fit=\"cover\" srcset=\"https:\/\/loggins.eu\/wp-content\/uploads\/2025\/12\/marine-1024x524.jpg 1024w, https:\/\/loggins.eu\/wp-content\/uploads\/2025\/12\/marine-300x153.jpg 300w, https:\/\/loggins.eu\/wp-content\/uploads\/2025\/12\/marine-768x393.jpg 768w, https:\/\/loggins.eu\/wp-content\/uploads\/2025\/12\/marine-1536x786.jpg 1536w, https:\/\/loggins.eu\/wp-content\/uploads\/2025\/12\/marine-2048x1048.jpg 2048w\" sizes=\"auto, (max-width: 1024px) 100vw, 1024px\" \/><span aria-hidden=\"true\" class=\"wp-block-cover__background has-background-dim\"><\/span><div class=\"wp-block-cover__inner-container has-global-padding is-layout-constrained wp-block-cover-is-layout-constrained\">\n<p class=\"has-text-align-center has-foreground-color has-text-color has-link-color has-xx-large-font-size wp-elements-5f4c2f95e13ab92982e8259ca5c6396e\" style=\"border-width:1px\">Spedycja morska<\/p>\n<\/div><\/div>\n\n\n\n<div class=\"wp-block-group alignwide is-style-ext-preset--group--natural-1--section has-background-background-color has-background has-global-padding is-layout-constrained wp-container-core-group-is-layout-d9f88b43 wp-block-group-is-layout-constrained\" style=\"border-style:none;border-width:0px;margin-top:var(--wp--preset--spacing--55);margin-bottom:var(--wp--preset--spacing--55);padding-top:var(--wp--preset--spacing--40);padding-bottom:var(--wp--preset--spacing--40)\">\n<div class=\"wp-block-media-text alignwide has-media-on-the-right is-stacked-on-mobile\" style=\"grid-template-columns:auto 65%\"><div class=\"wp-block-media-text__content\">\n<p>Morski przew\u00f3z towar\u00f3w<\/p>\n\n\n\n<p>W ramach kompleksowej spedycji morskiej zapewniamy pe\u0142n\u0105 obs\u0142ug\u0119 formaln\u0105, obejmuj\u0105c\u0105 m.in. kwestie weterynaryjne oraz fitosanitarne. Zajmujemy si\u0119 r\u00f3wnie\u017c przygotowaniem niezb\u0119dnych t\u0142umacze\u0144 dokument\u00f3w oraz organizacj\u0105 dodatkowych ubezpiecze\u0144, gwarantuj\u0105c bezpieczny i sprawny przebieg transportu.<\/p>\n\n\n\n<div class=\"wp-block-buttons is-content-justification-center is-layout-flex wp-container-core-buttons-is-layout-a89b3969 wp-block-buttons-is-layout-flex\">\n<div class=\"wp-block-button\"><a class=\"wp-block-button__link wp-element-button\" href=\"https:\/\/serwer402651.lh.pl\/autoinstalator\/serwer402651.lh.pl\/aiwordpress1120\/kalkulator-frachtu\/\">Wyce\u0144 fracht<\/a><\/div>\n<\/div>\n<\/div><figure class=\"wp-block-media-text__media\"><img loading=\"lazy\" decoding=\"async\" width=\"1024\" height=\"574\" src=\"https:\/\/serwer402651.lh.pl\/autoinstalator\/serwer402651.lh.pl\/aiwordpress1120\/wp-content\/uploads\/2025\/12\/marinemap-1024x574.jpg\" alt=\"\" class=\"wp-image-833 size-full\" srcset=\"https:\/\/loggins.eu\/wp-content\/uploads\/2025\/12\/marinemap-1024x574.jpg 1024w, https:\/\/loggins.eu\/wp-content\/uploads\/2025\/12\/marinemap-300x168.jpg 300w, https:\/\/loggins.eu\/wp-content\/uploads\/2025\/12\/marinemap-768x430.jpg 768w, https:\/\/loggins.eu\/wp-content\/uploads\/2025\/12\/marinemap-1536x861.jpg 1536w, https:\/\/loggins.eu\/wp-content\/uploads\/2025\/12\/marinemap.jpg 1747w\" sizes=\"auto, (max-width: 1024px) 100vw, 1024px\" \/><\/figure><\/div>\n<\/div>\n\n\n\n<div class=\"wp-block-group alignwide is-style-ext-preset--group--natural-1--section has-tertiary-background-color has-background has-global-padding is-layout-constrained wp-container-core-group-is-layout-e955bbaf wp-block-group-is-layout-constrained\" style=\"border-style:none;border-width:0px;margin-top:0;margin-bottom:0;padding-top:var(--wp--preset--spacing--70);padding-bottom:var(--wp--preset--spacing--70)\">\n<div class=\"wp-block-columns alignwide is-layout-flex wp-container-core-columns-is-layout-28f84493 wp-block-columns-is-layout-flex\">\n<div class=\"wp-block-column is-layout-flow wp-block-column-is-layout-flow\">\n<figure class=\"wp-block-image size-large\"><img loading=\"lazy\" decoding=\"async\" width=\"819\" height=\"1024\" src=\"http:\/\/serwer402651.lh.pl\/autoinstalator\/serwer402651.lh.pl\/aiwordpress1120\/wp-content\/uploads\/2025\/12\/8d3486fe2491245e753dda71302edbe40b47298d-819x1024.jpg\" alt=\"\" class=\"wp-image-502\" srcset=\"https:\/\/loggins.eu\/wp-content\/uploads\/2025\/12\/8d3486fe2491245e753dda71302edbe40b47298d-819x1024.jpg 819w, https:\/\/loggins.eu\/wp-content\/uploads\/2025\/12\/8d3486fe2491245e753dda71302edbe40b47298d-240x300.jpg 240w, https:\/\/loggins.eu\/wp-content\/uploads\/2025\/12\/8d3486fe2491245e753dda71302edbe40b47298d-768x960.jpg 768w, https:\/\/loggins.eu\/wp-content\/uploads\/2025\/12\/8d3486fe2491245e753dda71302edbe40b47298d.jpg 1152w\" sizes=\"auto, (max-width: 819px) 100vw, 819px\" \/><\/figure>\n<\/div>\n\n\n\n<div class=\"wp-block-column is-vertically-aligned-center is-layout-flow wp-block-column-is-layout-flow\">\n<p><strong>Transport specjalny<\/strong><\/p>\n\n\n\n<p>Organizujemy r\u00f3wnie\u017c przewozy \u0142adunk\u00f3w niebezpiecznych (ADR, IMO) oraz towar\u00f3w wymagaj\u0105cych transportu w kontrolowanej temperaturze, zawsze z uwzgl\u0119dnieniem ich indywidualnej specyfikacji oraz obowi\u0105zuj\u0105cych przepis\u00f3w.<\/p>\n\n\n\n<p><strong>Zalety spedycji morskiej:<\/strong><\/p>\n\n\n\n<ul class=\"wp-block-list\">\n<li><strong>Globalny zasi\u0119g<\/strong> \u2013 dzi\u0119ki rozbudowanej sieci szlak\u00f3w morskich mo\u017cemy dostarczy\u0107 towary niemal w ka\u017cde miejsce na \u015bwiecie.<\/li>\n\n\n\n<li><strong>Niski koszt transportu<\/strong> \u2013 szczeg\u00f3lnie korzystny przy przewozach na du\u017c\u0105 skal\u0119 i d\u0142ugich dystansach.<\/li>\n\n\n\n<li><strong>Elastyczno\u015b\u0107 rozwi\u0105za\u0144<\/strong> \u2013 mo\u017cliwo\u015b\u0107 indywidualnego dopasowania rodzaju kontenera do potrzeb Klienta oraz jego bud\u017cetu.<\/li>\n<\/ul>\n<\/div>\n<\/div>\n\n\n\n<div class=\"wp-block-columns alignwide is-layout-flex wp-container-core-columns-is-layout-28f84493 wp-block-columns-is-layout-flex\">\n<div class=\"wp-block-column is-layout-flow wp-block-column-is-layout-flow\">\n<p>Podczas realizacji zlece\u0144 w zakresie spedycji morskiej korzystamy z nast\u0119puj\u0105cych system\u00f3w transportowych:<\/p>\n\n\n\n<ul class=\"wp-block-list\">\n<li><strong>Kontenerowy (FCL \u2013 Full Container Load)<\/strong> \u2013 najbezpieczniejsza forma przewozu, charakteryzuj\u0105ca si\u0119 minimalnym ryzykiem uszkodzenia towaru. Jest to rozwi\u0105zanie szczeg\u00f3lnie op\u0142acalne przy wi\u0119kszych wolumenach \u0142adunk\u00f3w. Realizujemy transport w kontenerach <strong>20 DV, 40 DV oraz 40 HC<\/strong>, dobieraj\u0105c je w zale\u017cno\u015bci od ilo\u015bci i specyfiki przewo\u017conego towaru.<\/li>\n\n\n\n<li><strong>Drobnicowy (LCL)<\/strong> \u2013 polega na wykorzystaniu cz\u0119\u015bci kontenera, dzi\u0119ki czemu Klient nie ponosi koszt\u00f3w za niewykorzystan\u0105 przestrze\u0144. Ka\u017cdorazowo indywidualnie dobieramy kontener, uwzgl\u0119dniaj\u0105c bud\u017cet, wymagania czasowe oraz szczeg\u00f3lne warunki przewozu okre\u015blonych towar\u00f3w.<\/li>\n<\/ul>\n<\/div>\n<\/div>\n<\/div>\n\n\n\n<h4 class=\"wp-block-heading has-text-align-center\">Skorzystaj z naszej wyceny i dowiedz si\u0119 wi\u0119cej:<\/h4>\n\n\n\n<div class=\"wp-block-buttons alignwide is-content-justification-center is-layout-flex wp-container-core-buttons-is-layout-a89b3969 wp-block-buttons-is-layout-flex\">\n<div class=\"wp-block-button\"><a class=\"wp-block-button__link wp-element-button\" href=\"https:\/\/serwer402651.lh.pl\/autoinstalator\/serwer402651.lh.pl\/aiwordpress1120\/kalkulator-frachtu\/\">Wyce\u0144 fracht<\/a><\/div>\n<\/div>\n\n\n\n<p><\/p>\n","protected":false},"excerpt":{"rendered":"<p>Morski przew\u00f3z towar\u00f3w W ramach kompleksowej spedycji morskiej zapewniamy pe\u0142n\u0105 obs\u0142ug\u0119 formaln\u0105, obejmuj\u0105c\u0105 m.in. kwestie weterynaryjne oraz fitosanitarne. Zajmujemy si\u0119 r\u00f3wnie\u017c przygotowaniem niezb\u0119dnych t\u0142umacze\u0144 dokument\u00f3w oraz organizacj\u0105 dodatkowych ubezpiecze\u0144, gwarantuj\u0105c bezpieczny i sprawny przebieg transportu. Transport specjalny Organizujemy r\u00f3wnie\u017c przewozy \u0142adunk\u00f3w niebezpiecznych (ADR, IMO) oraz towar\u00f3w wymagaj\u0105cych transportu w kontrolowanej temperaturze, zawsze z uwzgl\u0119dnieniem ich [&hellip;]<\/p>\n","protected":false},"author":1,"featured_media":0,"parent":0,"menu_order":0,"comment_status":"closed","ping_status":"closed","template":"page-with-title","meta":{"_uag_custom_page_level_css":"","footnotes":""},"class_list":["post-572","page","type-page","status-publish","hentry"],"aioseo_notices":[],"uagb_featured_image_src":{"full":false,"thumbnail":false,"medium":false,"medium_large":false,"large":false,"1536x1536":false,"2048x2048":false},"uagb_author_info":{"display_name":"admin-qR73qRrA","author_link":"https:\/\/loggins.eu\/?author=1"},"uagb_comment_info":0,"uagb_excerpt":"Morski przew\u00f3z towar\u00f3w W ramach kompleksowej spedycji morskiej zapewniamy pe\u0142n\u0105 obs\u0142ug\u0119 formaln\u0105, obejmuj\u0105c\u0105 m.in. kwestie weterynaryjne oraz fitosanitarne. Zajmujemy si\u0119 r\u00f3wnie\u017c przygotowaniem niezb\u0119dnych t\u0142umacze\u0144 dokument\u00f3w oraz organizacj\u0105 dodatkowych ubezpiecze\u0144, gwarantuj\u0105c bezpieczny i sprawny przebieg transportu. Transport specjalny Organizujemy r\u00f3wnie\u017c przewozy \u0142adunk\u00f3w niebezpiecznych (ADR, IMO) oraz towar\u00f3w wymagaj\u0105cych transportu w kontrolowanej temperaturze, zawsze z uwzgl\u0119dnieniem ich&hellip;","_links":{"self":[{"href":"https:\/\/loggins.eu\/index.php?rest_route=\/wp\/v2\/pages\/572","targetHints":{"allow":["GET"]}}],"collection":[{"href":"https:\/\/loggins.eu\/index.php?rest_route=\/wp\/v2\/pages"}],"about":[{"href":"https:\/\/loggins.eu\/index.php?rest_route=\/wp\/v2\/types\/page"}],"author":[{"embeddable":true,"href":"https:\/\/loggins.eu\/index.php?rest_route=\/wp\/v2\/users\/1"}],"replies":[{"embeddable":true,"href":"https:\/\/loggins.eu\/index.php?rest_route=%2Fwp%2Fv2%2Fcomments&post=572"}],"version-history":[{"count":9,"href":"https:\/\/loggins.eu\/index.php?rest_route=\/wp\/v2\/pages\/572\/revisions"}],"predecessor-version":[{"id":836,"href":"https:\/\/loggins.eu\/index.php?rest_route=\/wp\/v2\/pages\/572\/revisions\/836"}],"wp:attachment":[{"href":"https:\/\/loggins.eu\/index.php?rest_route=%2Fwp%2Fv2%2Fmedia&parent=572"}],"curies":[{"name":"wp","href":"https:\/\/api.w.org\/{rel}","templated":true}]}}