{"id":575,"date":"2025-12-12T18:33:51","date_gmt":"2025-12-12T17:33:51","guid":{"rendered":"https:\/\/serwer402651.lh.pl\/autoinstalator\/serwer402651.lh.pl\/aiwordpress1120\/?page_id=575"},"modified":"2025-12-15T00:22:55","modified_gmt":"2025-12-14T23:22:55","slug":"spedycja-kolejowa","status":"publish","type":"page","link":"https:\/\/loggins.eu\/?page_id=575","title":{"rendered":"Spedycja kolejowa"},"content":{"rendered":"\n<section class=\"wp-block-group alignfull is-style-ext-preset--group--natural-1--section has-background-background-color has-background has-global-padding is-layout-constrained wp-container-core-group-is-layout-5096a478 wp-block-group-is-layout-constrained\" style=\"margin-top:0;margin-bottom:0;padding-top:var(--wp--preset--spacing--70);padding-bottom:var(--wp--preset--spacing--70)\">\n<div style=\"aspect-ratio:16\/9;min-height:unset;\" class=\"wp-block-cover alignfull is-style-default has-aspect-ratio\"><img loading=\"lazy\" decoding=\"async\" width=\"1321\" height=\"881\" class=\"wp-block-cover__image-background wp-image-631 size-full\" alt=\"\" src=\"https:\/\/serwer402651.lh.pl\/autoinstalator\/serwer402651.lh.pl\/aiwordpress1120\/wp-content\/uploads\/2025\/12\/train-1.jpg\" data-object-fit=\"cover\" srcset=\"https:\/\/loggins.eu\/wp-content\/uploads\/2025\/12\/train-1.jpg 1321w, https:\/\/loggins.eu\/wp-content\/uploads\/2025\/12\/train-1-300x200.jpg 300w, https:\/\/loggins.eu\/wp-content\/uploads\/2025\/12\/train-1-1024x683.jpg 1024w, https:\/\/loggins.eu\/wp-content\/uploads\/2025\/12\/train-1-768x512.jpg 768w\" sizes=\"auto, (max-width: 1321px) 100vw, 1321px\" \/><span aria-hidden=\"true\" class=\"wp-block-cover__background has-background-dim\"><\/span><div class=\"wp-block-cover__inner-container has-global-padding is-layout-constrained wp-block-cover-is-layout-constrained\">\n<p class=\"has-text-align-center has-foreground-color has-text-color has-link-color has-xx-large-font-size wp-elements-5de3b81fdc6cc3dc02e087382b7c1783\" style=\"border-width:1px\">Spedycja kolejowa<\/p>\n<\/div><\/div>\n<\/section>\n\n\n\n<div class=\"wp-block-group alignfull is-style-ext-preset--group--natural-1--section has-tertiary-background-color has-background has-global-padding is-layout-constrained wp-container-core-group-is-layout-e955bbaf wp-block-group-is-layout-constrained\" style=\"margin-top:0;margin-bottom:0;padding-top:var(--wp--preset--spacing--70);padding-bottom:var(--wp--preset--spacing--70)\">\n<div class=\"wp-block-columns alignwide is-layout-flex wp-container-core-columns-is-layout-28f84493 wp-block-columns-is-layout-flex\">\n<div class=\"wp-block-column is-layout-flow wp-block-column-is-layout-flow\">\n<p class=\"has-foreground-color has-text-color has-link-color wp-elements-abf63cf9c0eb9ebb0a768df154cde54c\"><strong>Niezawodna logistyka kolejowa<\/strong><\/p>\n\n\n\n<p class=\"has-foreground-color has-text-color has-link-color wp-elements-d272ec435da489b22479c5c868b104eb\">Transport kolejowy to stabilne i efektywne rozwi\u0105zanie logistyczne, szczeg\u00f3lnie w przypadku przewozu ci\u0119\u017ckich oraz masowych \u0142adunk\u00f3w. Umo\u017cliwia sprawn\u0105 realizacj\u0119 dostaw na d\u0142ugich dystansach, zapewniaj\u0105c wysok\u0105 przepustowo\u015b\u0107, bezpiecze\u0144stwo przewozu oraz przewidywalno\u015b\u0107 termin\u00f3w, co czyni go solidn\u0105 alternatyw\u0105 dla innych ga\u0142\u0119zi transportu<\/p>\n<\/div>\n\n\n\n<div class=\"wp-block-column is-layout-flow wp-block-column-is-layout-flow\">\n<figure class=\"wp-block-image size-large\"><img loading=\"lazy\" decoding=\"async\" width=\"1024\" height=\"684\" src=\"https:\/\/serwer402651.lh.pl\/autoinstalator\/serwer402651.lh.pl\/aiwordpress1120\/wp-content\/uploads\/2025\/12\/riallines-1024x684.jpg\" alt=\"\" class=\"wp-image-826\" srcset=\"https:\/\/loggins.eu\/wp-content\/uploads\/2025\/12\/riallines-1024x684.jpg 1024w, https:\/\/loggins.eu\/wp-content\/uploads\/2025\/12\/riallines-300x200.jpg 300w, https:\/\/loggins.eu\/wp-content\/uploads\/2025\/12\/riallines-768x513.jpg 768w, https:\/\/loggins.eu\/wp-content\/uploads\/2025\/12\/riallines-1536x1025.jpg 1536w, https:\/\/loggins.eu\/wp-content\/uploads\/2025\/12\/riallines-2048x1367.jpg 2048w\" sizes=\"auto, (max-width: 1024px) 100vw, 1024px\" \/><\/figure>\n<\/div>\n<\/div>\n<\/div>\n\n\n\n<div class=\"wp-block-group alignfull is-style-ext-preset--group--natural-1--section has-background-background-color has-background has-global-padding is-layout-constrained wp-container-core-group-is-layout-e955bbaf wp-block-group-is-layout-constrained\" style=\"border-width:1px;margin-top:0;margin-bottom:0;padding-top:var(--wp--preset--spacing--70);padding-bottom:var(--wp--preset--spacing--70)\">\n<div class=\"wp-block-group alignwide is-vertical is-layout-flex wp-container-core-group-is-layout-c35747d5 wp-block-group-is-layout-flex\">\n<div class=\"wp-block-group has-global-padding is-layout-constrained wp-container-core-group-is-layout-5e05634a wp-block-group-is-layout-constrained\">\n<h2 class=\"wp-block-heading\">Kluczowe dane i wska\u017aniki efektywno\u015bci<\/h2>\n\n\n\n<p class=\"has-text-align-left has-foreground-color has-text-color has-link-color wp-elements-8e8622988309487093674e3d053b0eb8\">Prezentujemy istotne liczby ilustruj\u0105ce skuteczno\u015b\u0107 naszych us\u0142ug i realizacj\u0119 cel\u00f3w.<\/p>\n<\/div>\n<\/div>\n\n\n\n<div class=\"wp-block-columns alignwide is-layout-flex wp-container-core-columns-is-layout-174606dc wp-block-columns-is-layout-flex\">\n<div class=\"wp-block-column is-vertically-aligned-stretch is-layout-flow wp-container-core-column-is-layout-119bc444 wp-block-column-is-layout-flow\">\n<div class=\"wp-block-media-text is-stacked-on-mobile\"><figure class=\"wp-block-media-text__media\"><img loading=\"lazy\" decoding=\"async\" width=\"683\" height=\"1024\" src=\"https:\/\/serwer402651.lh.pl\/autoinstalator\/serwer402651.lh.pl\/aiwordpress1120\/wp-content\/uploads\/2025\/12\/4abfca5c37cd081b98e36914dc706ec4518b1a3c-683x1024.jpg\" alt=\"\" class=\"wp-image-587 size-large\" srcset=\"https:\/\/loggins.eu\/wp-content\/uploads\/2025\/12\/4abfca5c37cd081b98e36914dc706ec4518b1a3c-683x1024.jpg 683w, https:\/\/loggins.eu\/wp-content\/uploads\/2025\/12\/4abfca5c37cd081b98e36914dc706ec4518b1a3c-200x300.jpg 200w, https:\/\/loggins.eu\/wp-content\/uploads\/2025\/12\/4abfca5c37cd081b98e36914dc706ec4518b1a3c-768x1152.jpg 768w, https:\/\/loggins.eu\/wp-content\/uploads\/2025\/12\/4abfca5c37cd081b98e36914dc706ec4518b1a3c.jpg 960w\" sizes=\"auto, (max-width: 683px) 100vw, 683px\" \/><\/figure><div class=\"wp-block-media-text__content\">\n<p class=\"has-foreground-color has-text-color has-link-color wp-elements-c066dc59921ccb1a434912bbe2ee79a6\"><strong>Zalety spedycji kolejowej<\/strong><\/p>\n\n\n\n<p class=\"has-foreground-color has-text-color has-link-color wp-elements-612f435d290d1f68a3928bcb3a831ae8\">Spedycja kolejowa jest ceniona za korzystny stosunek koszt\u00f3w do zasi\u0119gu oraz bardzo du\u017c\u0105 \u0142adowno\u015b\u0107. Do jej najwa\u017cniejszych zalet nale\u017c\u0105:<\/p>\n\n\n\n<p class=\"has-foreground-color has-text-color has-link-color wp-elements-4d634f54bba88b0880c57dfca75791c5\"><strong>Niski koszt przewozu<\/strong> \u2013 szczeg\u00f3lnie op\u0142acalny przy transporcie masowym oraz na d\u0142ugich dystansach.<\/p>\n\n\n\n<p class=\"has-foreground-color has-text-color has-link-color wp-elements-f20ad209dc345e3efd2fe4c30ed6ceda\"><strong>Ogromna \u0142adowno\u015b\u0107<\/strong> \u2013 mo\u017cliwo\u015b\u0107 przewozu du\u017cych ilo\u015bci towar\u00f3w w mniejszej liczbie wagon\u00f3w, co przek\u0142ada si\u0119 na ni\u017csze koszty i kr\u00f3tszy czas transportu.<\/p>\n\n\n\n<p class=\"has-foreground-color has-text-color has-link-color wp-elements-40f43db34161afd65c0e84f4b102ba0e\"><strong>Rozbudowana sie\u0107 po\u0142\u0105cze\u0144 kolejowych<\/strong> \u2013 szeroki zasi\u0119g umo\u017cliwiaj\u0105cy dotarcie z \u0142adunkiem do wielu lokalizacji krajowych i mi\u0119dzynarodowych.<\/p>\n\n\n\n<p class=\"has-foreground-color has-text-color has-link-color wp-elements-e1a88899202c66cb09849d869f7cc676\"><strong>Przyjazno\u015b\u0107 dla \u015brodowiska<\/strong> \u2013 kolej generuje znacznie mniejsz\u0105 emisj\u0119 CO\u2082 w por\u00f3wnaniu z transportem drogowym.<\/p>\n\n\n\n<p class=\"has-foreground-color has-text-color has-link-color wp-elements-5805118d3bf48b97f5900fde7b211c0f\">K<strong>ompleksowa obs\u0142uga transportu kolejowego<\/strong><\/p>\n\n\n\n<p class=\"has-foreground-color has-text-color has-link-color wp-elements-60dfc3b2f60751bc2590810c84063da4\">Ka\u017cde zlecenie rozpoczynamy od szczeg\u00f3\u0142owej analizy potrzeb Klienta, na podstawie kt\u00f3rej dobieramy optymalne rozwi\u0105zanie kolejowe. W zale\u017cno\u015bci od specyfiki \u0142adunku wykorzystujemy odpowiednie wagony oraz zestawy kolejowe, kt\u00f3rych pojedyncza \u0142adowno\u015b\u0107 si\u0119ga nawet <strong>50\u201360 ton<\/strong>, znacz\u0105co przewy\u017cszaj\u0105c mo\u017cliwo\u015bci transportu drogowego.<\/p>\n\n\n\n<p class=\"has-foreground-color has-text-color has-link-color wp-elements-1745bcaed15805f3e50f6884708724e6\">W LOGGINS stawiamy na niezawodno\u015b\u0107, efektywno\u015b\u0107 oraz najwy\u017csze standardy obs\u0142ugi, oferuj\u0105c profesjonaln\u0105 spedycj\u0119 kolejow\u0105 dopasowan\u0105 do wymaga\u0144 ka\u017cdego Klienta.<\/p>\n<\/div><\/div>\n<\/div>\n<\/div>\n<\/div>\n\n\n\n<div class=\"wp-block-group alignfull is-style-ext-preset--group--natural-1--section has-tertiary-background-color has-background has-global-padding is-layout-constrained wp-container-core-group-is-layout-e955bbaf wp-block-group-is-layout-constrained\" style=\"margin-top:0;margin-bottom:0;padding-top:var(--wp--preset--spacing--70);padding-bottom:var(--wp--preset--spacing--70)\">\n<div class=\"wp-block-columns alignwide is-layout-flex wp-container-core-columns-is-layout-174606dc wp-block-columns-is-layout-flex\">\n<div class=\"wp-block-column is-vertically-aligned-stretch is-layout-flow wp-container-core-column-is-layout-119bc444 wp-block-column-is-layout-flow\">\n<div class=\"wp-block-group alignwide is-vertical is-layout-flex wp-container-core-group-is-layout-c35747d5 wp-block-group-is-layout-flex\">\n<div class=\"wp-block-group has-global-padding is-layout-constrained wp-container-core-group-is-layout-5e05634a wp-block-group-is-layout-constrained\">\n<h2 class=\"wp-block-heading\">Oferujemy skuteczne rozwi\u0105zania dla wyzwa\u0144 w logistyce kolejowej Twojej firmy.<\/h2>\n\n\n\n<p class=\"has-text-align-left has-foreground-color has-text-color has-link-color wp-elements-fd7c7a04d2a2322a2f14565ba7f15509\">Najcz\u0119stsze trudno\u015bci w transporcie oraz spos\u00f3b, w jaki nasza spedycja kolejowa eliminuje te bariery.<\/p>\n<\/div>\n<\/div>\n\n\n\n<div class=\"wp-block-buttons is-content-justification-center is-layout-flex wp-container-core-buttons-is-layout-a89b3969 wp-block-buttons-is-layout-flex\">\n<div class=\"wp-block-button\"><a class=\"wp-block-button__link wp-element-button\" href=\"https:\/\/serwer402651.lh.pl\/autoinstalator\/serwer402651.lh.pl\/aiwordpress1120\/kalkulator-frachtu\/\">Wyce\u0144 fracht<\/a><\/div>\n<\/div>\n<\/div>\n\n\n\n<div class=\"wp-block-column is-vertically-aligned-center is-layout-flow wp-container-core-column-is-layout-f5bb311e wp-block-column-is-layout-flow\">\n<div class=\"wp-block-columns is-layout-flex wp-container-core-columns-is-layout-28f84493 wp-block-columns-is-layout-flex\">\n<div class=\"wp-block-column is-vertically-aligned-stretch is-layout-flow wp-block-column-is-layout-flow\">\n<div class=\"wp-block-group is-style-ext-preset--group--natural-1--item-card-1--align-start has-global-padding is-layout-constrained wp-block-group-is-layout-constrained is-style-ext-preset--group--natural-1--item-card-1--align-start--5\">\n<div class=\"wp-block-group is-style-default has-foreground-color has-text-color has-link-color wp-elements-b4c505fe42f59faac69504a354a6d104 has-global-padding is-layout-constrained wp-block-group-is-layout-constrained\">\n<h3 class=\"wp-block-heading\">Optymalizacja koszt\u00f3w transportu<\/h3>\n\n\n\n<p>Nasze us\u0142ugi pozwalaj\u0105 znacz\u0105co obni\u017cy\u0107 koszty przewozu dzi\u0119ki efektywnej organizacji i wykorzystaniu kolei.<\/p>\n<\/div>\n<\/div>\n<\/div>\n\n\n\n<div class=\"wp-block-column is-vertically-aligned-stretch is-layout-flow wp-block-column-is-layout-flow\">\n<div class=\"wp-block-group is-style-ext-preset--group--natural-1--item-card-1--align-start has-global-padding is-layout-constrained wp-block-group-is-layout-constrained is-style-ext-preset--group--natural-1--item-card-1--align-start--6\">\n<div class=\"wp-block-group is-style-default has-global-padding is-layout-constrained wp-block-group-is-layout-constrained\">\n<h3 class=\"wp-block-heading\">Bezpiecze\u0144stwo i terminowo\u015b\u0107<\/h3>\n\n\n\n<p class=\"has-foreground-color has-text-color has-link-color wp-elements-73dc41ba68699acb4f1ea495f3af1937\">Zapewniamy pe\u0142n\u0105 kontrol\u0119 nad przesy\u0142kami, gwarantuj\u0105c dostawy na czas i minimalizuj\u0105c ryzyko uszkodze\u0144.<\/p>\n<\/div>\n<\/div>\n<\/div>\n<\/div>\n\n\n\n<div class=\"wp-block-columns is-layout-flex wp-container-core-columns-is-layout-28f84493 wp-block-columns-is-layout-flex\">\n<div class=\"wp-block-column is-vertically-aligned-stretch is-layout-flow wp-block-column-is-layout-flow\">\n<div class=\"wp-block-group is-style-ext-preset--group--natural-1--item-card-1--align-start has-global-padding is-layout-constrained wp-block-group-is-layout-constrained is-style-ext-preset--group--natural-1--item-card-1--align-start--7\">\n<div class=\"wp-block-group is-style-default has-foreground-color has-text-color has-link-color wp-elements-df5c0669d7000dab0cf6beef0650842c has-global-padding is-layout-constrained wp-block-group-is-layout-constrained\">\n<h3 class=\"wp-block-heading\">Dostosowanie do specyfiki \u0142adunku<\/h3>\n\n\n\n<p>Organizujemy transport tak, by spe\u0142ni\u0107 indywidualne wymagania ka\u017cdego towaru, zwi\u0119kszaj\u0105c efektywno\u015b\u0107.<\/p>\n<\/div>\n<\/div>\n<\/div>\n\n\n\n<div class=\"wp-block-column is-vertically-aligned-stretch is-layout-flow wp-block-column-is-layout-flow\">\n<div class=\"wp-block-group is-style-ext-preset--group--natural-1--item-card-1--align-start has-global-padding is-layout-constrained wp-block-group-is-layout-constrained is-style-ext-preset--group--natural-1--item-card-1--align-start--8\">\n<div class=\"wp-block-group is-style-default has-global-padding is-layout-constrained wp-block-group-is-layout-constrained\">\n<h3 class=\"wp-block-heading\">Kompleksowa obs\u0142uga logistyczna<\/h3>\n\n\n\n<p class=\"has-foreground-color has-text-color has-link-color wp-elements-d76a2b7e270d3837d301b9d1feb9e376\">Nasza oferta obejmuje pe\u0142n\u0105 organizacj\u0119 przewozu, eliminuj\u0105c powtarzaj\u0105ce si\u0119 problemy i zwi\u0119kszaj\u0105c warto\u015b\u0107 dla klienta.<\/p>\n<\/div>\n<\/div>\n<\/div>\n<\/div>\n<\/div>\n<\/div>\n<\/div>\n","protected":false},"excerpt":{"rendered":"<p>Niezawodna logistyka kolejowa Transport kolejowy to stabilne i efektywne rozwi\u0105zanie logistyczne, szczeg\u00f3lnie w przypadku przewozu ci\u0119\u017ckich oraz masowych \u0142adunk\u00f3w. Umo\u017cliwia sprawn\u0105 realizacj\u0119 dostaw na d\u0142ugich dystansach, zapewniaj\u0105c wysok\u0105 przepustowo\u015b\u0107, bezpiecze\u0144stwo przewozu oraz przewidywalno\u015b\u0107 termin\u00f3w, co czyni go solidn\u0105 alternatyw\u0105 dla innych ga\u0142\u0119zi transportu Kluczowe dane i wska\u017aniki efektywno\u015bci Prezentujemy istotne liczby ilustruj\u0105ce skuteczno\u015b\u0107 naszych us\u0142ug [&hellip;]<\/p>\n","protected":false},"author":1,"featured_media":0,"parent":0,"menu_order":0,"comment_status":"closed","ping_status":"closed","template":"page-with-title","meta":{"_uag_custom_page_level_css":"","footnotes":""},"class_list":["post-575","page","type-page","status-publish","hentry"],"aioseo_notices":[],"uagb_featured_image_src":{"full":false,"thumbnail":false,"medium":false,"medium_large":false,"large":false,"1536x1536":false,"2048x2048":false},"uagb_author_info":{"display_name":"admin-qR73qRrA","author_link":"https:\/\/loggins.eu\/?author=1"},"uagb_comment_info":0,"uagb_excerpt":"Niezawodna logistyka kolejowa Transport kolejowy to stabilne i efektywne rozwi\u0105zanie logistyczne, szczeg\u00f3lnie w przypadku przewozu ci\u0119\u017ckich oraz masowych \u0142adunk\u00f3w. Umo\u017cliwia sprawn\u0105 realizacj\u0119 dostaw na d\u0142ugich dystansach, zapewniaj\u0105c wysok\u0105 przepustowo\u015b\u0107, bezpiecze\u0144stwo przewozu oraz przewidywalno\u015b\u0107 termin\u00f3w, co czyni go solidn\u0105 alternatyw\u0105 dla innych ga\u0142\u0119zi transportu Kluczowe dane i wska\u017aniki efektywno\u015bci Prezentujemy istotne liczby ilustruj\u0105ce skuteczno\u015b\u0107 naszych us\u0142ug&hellip;","_links":{"self":[{"href":"https:\/\/loggins.eu\/index.php?rest_route=\/wp\/v2\/pages\/575","targetHints":{"allow":["GET"]}}],"collection":[{"href":"https:\/\/loggins.eu\/index.php?rest_route=\/wp\/v2\/pages"}],"about":[{"href":"https:\/\/loggins.eu\/index.php?rest_route=\/wp\/v2\/types\/page"}],"author":[{"embeddable":true,"href":"https:\/\/loggins.eu\/index.php?rest_route=\/wp\/v2\/users\/1"}],"replies":[{"embeddable":true,"href":"https:\/\/loggins.eu\/index.php?rest_route=%2Fwp%2Fv2%2Fcomments&post=575"}],"version-history":[{"count":6,"href":"https:\/\/loggins.eu\/index.php?rest_route=\/wp\/v2\/pages\/575\/revisions"}],"predecessor-version":[{"id":829,"href":"https:\/\/loggins.eu\/index.php?rest_route=\/wp\/v2\/pages\/575\/revisions\/829"}],"wp:attachment":[{"href":"https:\/\/loggins.eu\/index.php?rest_route=%2Fwp%2Fv2%2Fmedia&parent=575"}],"curies":[{"name":"wp","href":"https:\/\/api.w.org\/{rel}","templated":true}]}}