{"id":838,"date":"2025-12-15T01:08:14","date_gmt":"2025-12-15T00:08:14","guid":{"rendered":"https:\/\/serwer402651.lh.pl\/autoinstalator\/serwer402651.lh.pl\/aiwordpress1120\/?page_id=838"},"modified":"2026-02-01T17:00:28","modified_gmt":"2026-02-01T16:00:28","slug":"proces-rekrutacji","status":"publish","type":"page","link":"https:\/\/loggins.eu\/?page_id=838","title":{"rendered":"Proces Rekrutacji"},"content":{"rendered":"\n<div class=\"wp-block-group alignfull is-style-ext-preset--group--natural-1--section has-tertiary-background-color has-background has-global-padding is-layout-constrained wp-container-core-group-is-layout-3a222f2e wp-block-group-is-layout-constrained\" style=\"margin-top:0;margin-bottom:0;padding-top:var(--wp--preset--spacing--70);padding-bottom:var(--wp--preset--spacing--70)\">\n<div style=\"aspect-ratio:16\/9;min-height:unset;\" class=\"wp-block-cover alignfull is-style-default has-aspect-ratio\"><img loading=\"lazy\" decoding=\"async\" width=\"1024\" height=\"683\" class=\"wp-block-cover__image-background wp-image-839 size-large\" alt=\"hr\" src=\"http:\/\/serwer402651.lh.pl\/autoinstalator\/serwer402651.lh.pl\/aiwordpress1120\/wp-content\/uploads\/2025\/12\/rec-1024x683.jpg\" data-object-fit=\"cover\" srcset=\"https:\/\/loggins.eu\/wp-content\/uploads\/2025\/12\/rec-1024x683.jpg 1024w, https:\/\/loggins.eu\/wp-content\/uploads\/2025\/12\/rec-300x200.jpg 300w, https:\/\/loggins.eu\/wp-content\/uploads\/2025\/12\/rec-768x512.jpg 768w, https:\/\/loggins.eu\/wp-content\/uploads\/2025\/12\/rec-1536x1024.jpg 1536w, https:\/\/loggins.eu\/wp-content\/uploads\/2025\/12\/rec.jpg 2016w\" sizes=\"auto, (max-width: 1024px) 100vw, 1024px\" \/><span aria-hidden=\"true\" class=\"wp-block-cover__background has-background-dim\"><\/span><div class=\"wp-block-cover__inner-container has-global-padding is-layout-constrained wp-block-cover-is-layout-constrained\">\n<p class=\"has-text-align-center has-border-color has-foreground-border-color has-foreground-color has-text-color has-link-color has-xx-large-font-size wp-elements-40f00bf8b4e94f51629c621bea9574ae\" style=\"border-width:1px;font-style:normal;font-weight:300\">Proces rekrutacji<\/p>\n<\/div><\/div>\n\n\n\n<div class=\"wp-block-uagb-info-box uagb-block-71b99eeb uagb-infobox__content-wrap  uagb-infobox-icon-above-title uagb-infobox-image-valign-top\"><div class=\"uagb-ifb-content\"><div class=\"uagb-ifb-icon-wrap\"><svg xmlns=\"https:\/\/www.w3.org\/2000\/svg\" viewBox=\"0 0 512 512\"><path d=\"M0 256C0 114.6 114.6 0 256 0C397.4 0 512 114.6 512 256C512 397.4 397.4 512 256 512C114.6 512 0 397.4 0 256zM371.8 211.8C382.7 200.9 382.7 183.1 371.8 172.2C360.9 161.3 343.1 161.3 332.2 172.2L224 280.4L179.8 236.2C168.9 225.3 151.1 225.3 140.2 236.2C129.3 247.1 129.3 264.9 140.2 275.8L204.2 339.8C215.1 350.7 232.9 350.7 243.8 339.8L371.8 211.8z\"><\/path><\/svg><\/div><div class=\"uagb-ifb-title-wrap\"><h3 class=\"uagb-ifb-title\">Indywidualne podej\u015bcie do kandydat\u00f3w<br><\/h3><\/div><p class=\"uagb-ifb-desc\">Ka\u017cd\u0105 aplikacj\u0119 traktujemy indywidualnie. Zale\u017cy nam na tym, aby pozna\u0107 nie tylko Twoje do\u015bwiadczenie zawodowe, ale tak\u017ce oczekiwania, cele i spos\u00f3b pracy. Dzi\u0119ki temu mo\u017cemy lepiej oceni\u0107 wzajemne dopasowanie i zaproponowa\u0107 warunki odpowiadaj\u0105ce obu stronom.<\/p><\/div><\/div>\n\n\n\n<div class=\"wp-block-uagb-info-box uagb-block-1041f85b uagb-infobox__content-wrap  uagb-infobox-icon-above-title uagb-infobox-image-valign-top\"><div class=\"uagb-ifb-content\"><div class=\"uagb-ifb-icon-wrap\"><svg xmlns=\"https:\/\/www.w3.org\/2000\/svg\" viewBox=\"0 0 512 512\"><path d=\"M0 256C0 114.6 114.6 0 256 0C397.4 0 512 114.6 512 256C512 397.4 397.4 512 256 512C114.6 512 0 397.4 0 256zM371.8 211.8C382.7 200.9 382.7 183.1 371.8 172.2C360.9 161.3 343.1 161.3 332.2 172.2L224 280.4L179.8 236.2C168.9 225.3 151.1 225.3 140.2 236.2C129.3 247.1 129.3 264.9 140.2 275.8L204.2 339.8C215.1 350.7 232.9 350.7 243.8 339.8L371.8 211.8z\"><\/path><\/svg><\/div><div class=\"uagb-ifb-title-wrap\"><h3 class=\"uagb-ifb-title\">Transparentno\u015b\u0107 na ka\u017cdym etapie<\/h3><\/div><p class=\"uagb-ifb-desc\">Na ka\u017cdym etapie rekrutacji jasno komunikujemy, czego mo\u017cesz si\u0119 spodziewa\u0107 dalej. Informujemy o kolejnych krokach, formie kontaktu oraz przewidywanym czasie trwania poszczeg\u00f3lnych etap\u00f3w, aby ca\u0142y proces by\u0142 dla Ciebie zrozumia\u0142y i komfortowy.<\/p><\/div><\/div>\n\n\n\n<div class=\"wp-block-uagb-info-box uagb-block-84266681 uagb-infobox__content-wrap  uagb-infobox-icon-above-title uagb-infobox-image-valign-top\"><div class=\"uagb-ifb-content\"><div class=\"uagb-ifb-icon-wrap\"><svg xmlns=\"https:\/\/www.w3.org\/2000\/svg\" viewBox=\"0 0 512 512\"><path d=\"M0 256C0 114.6 114.6 0 256 0C397.4 0 512 114.6 512 256C512 397.4 397.4 512 256 512C114.6 512 0 397.4 0 256zM371.8 211.8C382.7 200.9 382.7 183.1 371.8 172.2C360.9 161.3 343.1 161.3 332.2 172.2L224 280.4L179.8 236.2C168.9 225.3 151.1 225.3 140.2 236.2C129.3 247.1 129.3 264.9 140.2 275.8L204.2 339.8C215.1 350.7 232.9 350.7 243.8 339.8L371.8 211.8z\"><\/path><\/svg><\/div><div class=\"uagb-ifb-title-wrap\"><h3 class=\"uagb-ifb-title\">Elastyczna forma spotka\u0144<\/h3><\/div><p class=\"uagb-ifb-desc\">W zale\u017cno\u015bci od stanowiska oraz mo\u017cliwo\u015bci kandydata rozmowy rekrutacyjne mog\u0105 odbywa\u0107 si\u0119 stacjonarnie lub w formie zdalnej. Staramy si\u0119 dopasowa\u0107 form\u0119 spotka\u0144 tak, aby udzia\u0142 w procesie by\u0142 jak najmniej uci\u0105\u017cliwy.<\/p><\/div><\/div>\n\n\n\n<div class=\"wp-block-uagb-info-box uagb-block-76aba155 uagb-infobox__content-wrap  uagb-infobox-icon-above-title uagb-infobox-image-valign-top\"><div class=\"uagb-ifb-content\"><div class=\"uagb-ifb-icon-wrap\"><svg xmlns=\"https:\/\/www.w3.org\/2000\/svg\" viewBox=\"0 0 512 512\"><path d=\"M0 256C0 114.6 114.6 0 256 0C397.4 0 512 114.6 512 256C512 397.4 397.4 512 256 512C114.6 512 0 397.4 0 256zM371.8 211.8C382.7 200.9 382.7 183.1 371.8 172.2C360.9 161.3 343.1 161.3 332.2 172.2L224 280.4L179.8 236.2C168.9 225.3 151.1 225.3 140.2 236.2C129.3 247.1 129.3 264.9 140.2 275.8L204.2 339.8C215.1 350.7 232.9 350.7 243.8 339.8L371.8 211.8z\"><\/path><\/svg><\/div><div class=\"uagb-ifb-title-wrap\"><h3 class=\"uagb-ifb-title\">Poznanie kultury organizacyjnej<\/h3><\/div><p class=\"uagb-ifb-desc\">Podczas rekrutacji chcemy pokaza\u0107, jak wygl\u0105da codzienna praca w naszej firmie. Opowiadamy o warto\u015bciach, sposobie wsp\u00f3\u0142pracy oraz atmosferze w zespole, aby\u015b m\u00f3g\u0142 \u015bwiadomie podj\u0105\u0107 decyzj\u0119 o do\u0142\u0105czeniu do Loggins.<\/p><\/div><\/div>\n\n\n\n<div class=\"wp-block-uagb-info-box uagb-block-01862891 uagb-infobox__content-wrap  uagb-infobox-icon-above-title uagb-infobox-image-valign-top\"><div class=\"uagb-ifb-content\"><div class=\"uagb-ifb-icon-wrap\"><svg xmlns=\"https:\/\/www.w3.org\/2000\/svg\" viewBox=\"0 0 512 512\"><path d=\"M0 256C0 114.6 114.6 0 256 0C397.4 0 512 114.6 512 256C512 397.4 397.4 512 256 512C114.6 512 0 397.4 0 256zM371.8 211.8C382.7 200.9 382.7 183.1 371.8 172.2C360.9 161.3 343.1 161.3 332.2 172.2L224 280.4L179.8 236.2C168.9 225.3 151.1 225.3 140.2 236.2C129.3 247.1 129.3 264.9 140.2 275.8L204.2 339.8C215.1 350.7 232.9 350.7 243.8 339.8L371.8 211.8z\"><\/path><\/svg><\/div><div class=\"uagb-ifb-title-wrap\"><h3 class=\"uagb-ifb-title\">Wsparcie po zako\u0144czeniu rekrutacji<\/h3><\/div><p class=\"uagb-ifb-desc\">Po przyj\u0119ciu oferty nie zostajesz sam. Zapewniamy wdro\u017cenie do pracy oraz wsparcie zespo\u0142u, aby Tw\u00f3j start by\u0142 jak najbardziej p\u0142ynny i komfortowy.<\/p><\/div><\/div>\n\n\n\n<div class=\"wp-block-group alignwide is-vertical is-content-justification-center is-layout-flex wp-container-core-group-is-layout-c9ee0c5a wp-block-group-is-layout-flex\">\n<div class=\"wp-block-group has-global-padding is-layout-constrained wp-container-core-group-is-layout-2287c683 wp-block-group-is-layout-constrained\">\n<h2 class=\"wp-block-heading alignwide has-text-align-center\">Proces rekrutacji w LOGGINS\u2013 najcz\u0119\u015bciej zadawane pytania.<\/h2>\n\n\n\n<p>Znajdziesz tutaj wyja\u015bnienia dotycz\u0105ce kolejnych etap\u00f3w rekrutacji, aby\u015b m\u00f3g\u0142 \u0142atwo zrozumie\u0107 ca\u0142y proces i przygotowa\u0107 si\u0119 do aplikowania.<\/p>\n<\/div>\n<\/div>\n\n\n\n<div class=\"wp-block-columns alignwide is-layout-flex wp-container-core-columns-is-layout-08c01c1c wp-block-columns-is-layout-flex\">\n<div class=\"wp-block-column is-layout-flow wp-container-core-column-is-layout-119bc444 wp-block-column-is-layout-flow\">\n<div class=\"wp-block-group is-style-ext-preset--group--natural-1--item-card-1--align-start has-global-padding is-layout-constrained wp-block-group-is-layout-constrained is-style-ext-preset--group--natural-1--item-card-1--align-start--2\">\n<div class=\"wp-block-group is-style-default has-global-padding is-layout-constrained wp-block-group-is-layout-constrained\">\n<h3 class=\"wp-block-heading\">Jak wygl\u0105da pierwszy etap rekrutacji w Loggins?<\/h3>\n\n\n\n<p>Na pocz\u0105tku analizujemy przes\u0142ane CV i sprawdzamy dopasowanie do wymaga\u0144 stanowiska.<\/p>\n<\/div>\n<\/div>\n<\/div>\n\n\n\n<div class=\"wp-block-column is-layout-flow wp-container-core-column-is-layout-119bc444 wp-block-column-is-layout-flow\">\n<div class=\"wp-block-group is-style-ext-preset--group--natural-1--item-card-1--align-start has-global-padding is-layout-constrained wp-block-group-is-layout-constrained is-style-ext-preset--group--natural-1--item-card-1--align-start--3\">\n<div class=\"wp-block-group is-style-default has-global-padding is-layout-constrained wp-block-group-is-layout-constrained\">\n<h3 class=\"wp-block-heading\">Na czym polega ankieta sytuacyjna?<\/h3>\n\n\n\n<p>To kr\u00f3tki test pozwalaj\u0105cy oceni\u0107 Twoje reakcje w typowych sytuacjach zawodowych.<\/p>\n<\/div>\n<\/div>\n<\/div>\n<\/div>\n\n\n\n<div class=\"wp-block-columns alignwide is-layout-flex wp-container-core-columns-is-layout-967d05ff wp-block-columns-is-layout-flex\" style=\"margin-top:var(--wp--preset--spacing--40)\">\n<div class=\"wp-block-column is-layout-flow wp-container-core-column-is-layout-119bc444 wp-block-column-is-layout-flow\">\n<div class=\"wp-block-group is-style-ext-preset--group--natural-1--item-card-1--align-start has-global-padding is-layout-constrained wp-block-group-is-layout-constrained is-style-ext-preset--group--natural-1--item-card-1--align-start--4\">\n<div class=\"wp-block-group is-style-default has-global-padding is-layout-constrained wp-block-group-is-layout-constrained\">\n<h3 class=\"wp-block-heading\">Jak przebiega rozmowa telefoniczna?<\/h3>\n\n\n\n<p>Kontaktujemy si\u0119 telefonicznie, by om\u00f3wi\u0107 Twoje do\u015bwiadczenie i motywacj\u0119 do pracy.<\/p>\n<\/div>\n<\/div>\n<\/div>\n\n\n\n<div class=\"wp-block-column is-layout-flow wp-container-core-column-is-layout-119bc444 wp-block-column-is-layout-flow\">\n<div class=\"wp-block-group is-style-ext-preset--group--natural-1--item-card-1--align-start has-global-padding is-layout-constrained wp-block-group-is-layout-constrained is-style-ext-preset--group--natural-1--item-card-1--align-start--5\">\n<div class=\"wp-block-group is-style-default has-global-padding is-layout-constrained wp-block-group-is-layout-constrained\">\n<h3 class=\"wp-block-heading\">Co obejmuje rozmowa rekrutacyjna?<\/h3>\n\n\n\n<p>Spotkanie pozwala lepiej pozna\u0107 Twoje kompetencje i przedstawi\u0107 szczeg\u00f3\u0142y oferty.<\/p>\n<\/div>\n<\/div>\n<\/div>\n<\/div>\n\n\n\n<div class=\"wp-block-columns alignwide is-layout-flex wp-container-core-columns-is-layout-967d05ff wp-block-columns-is-layout-flex\" style=\"margin-top:var(--wp--preset--spacing--40)\">\n<div class=\"wp-block-column is-layout-flow wp-container-core-column-is-layout-119bc444 wp-block-column-is-layout-flow\">\n<div class=\"wp-block-group is-style-ext-preset--group--natural-1--item-card-1--align-start has-global-padding is-layout-constrained wp-block-group-is-layout-constrained is-style-ext-preset--group--natural-1--item-card-1--align-start--6\">\n<div class=\"wp-block-group is-style-default has-global-padding is-layout-constrained wp-block-group-is-layout-constrained\">\n<h3 class=\"wp-block-heading\">Na czym polega dzie\u0144 otwarty w Loggins?<\/h3>\n\n\n\n<p>To okazja, aby zobaczy\u0107 nasz\u0105 firm\u0119 i pozna\u0107 przysz\u0142ych wsp\u00f3\u0142pracownik\u00f3w.<\/p>\n<\/div>\n<\/div>\n<\/div>\n\n\n\n<div class=\"wp-block-column is-layout-flow wp-container-core-column-is-layout-119bc444 wp-block-column-is-layout-flow\">\n<div class=\"wp-block-group is-style-ext-preset--group--natural-1--item-card-1--align-start has-global-padding is-layout-constrained wp-block-group-is-layout-constrained is-style-ext-preset--group--natural-1--item-card-1--align-start--7\">\n<div class=\"wp-block-group is-style-default has-global-padding is-layout-constrained wp-block-group-is-layout-constrained\">\n<h3 class=\"wp-block-heading\">Jakie s\u0105 kolejne kroki po rozmowie?<\/h3>\n\n\n\n<p>Po spotkaniu omawiamy warunki wsp\u00f3\u0142pracy i finalizujemy ofert\u0119 zatrudnienia.<\/p>\n<\/div>\n<\/div>\n<\/div>\n<\/div>\n<\/div>\n\n\n\n<div class=\"wp-block-group alignfull is-style-ext-preset--group--natural-1--section has-background-background-color has-background has-global-padding is-layout-constrained wp-container-core-group-is-layout-e955bbaf wp-block-group-is-layout-constrained\" style=\"margin-top:0;margin-bottom:0;padding-top:var(--wp--preset--spacing--70);padding-bottom:var(--wp--preset--spacing--70)\">\n<div class=\"wp-block-media-text alignwide is-stacked-on-mobile is-image-fill-element is-style-ext-preset--media-text--natural-1--card-1 has-tertiary-background-color has-background is-style-ext-preset--media-text--natural-1--card-1--9\"><figure class=\"wp-block-media-text__media\"><img loading=\"lazy\" decoding=\"async\" width=\"1440\" height=\"960\" src=\"http:\/\/serwer402651.lh.pl\/autoinstalator\/serwer402651.lh.pl\/aiwordpress1120\/wp-content\/uploads\/2025\/12\/c352ea0c369a3997080aed0cb7c8dd1279307786.jpg\" alt=\"\" class=\"wp-image-845 size-full\" style=\"object-position:50% 50%\" srcset=\"https:\/\/loggins.eu\/wp-content\/uploads\/2025\/12\/c352ea0c369a3997080aed0cb7c8dd1279307786.jpg 1440w, https:\/\/loggins.eu\/wp-content\/uploads\/2025\/12\/c352ea0c369a3997080aed0cb7c8dd1279307786-300x200.jpg 300w, https:\/\/loggins.eu\/wp-content\/uploads\/2025\/12\/c352ea0c369a3997080aed0cb7c8dd1279307786-1024x683.jpg 1024w, https:\/\/loggins.eu\/wp-content\/uploads\/2025\/12\/c352ea0c369a3997080aed0cb7c8dd1279307786-768x512.jpg 768w\" sizes=\"auto, (max-width: 1440px) 100vw, 1440px\" \/><\/figure><div class=\"wp-block-media-text__content\">\n<div class=\"wp-block-group alignwide is-vertical is-content-justification-center is-layout-flex wp-container-core-group-is-layout-a9c64a59 wp-block-group-is-layout-flex\" style=\"padding-top:var(--wp--preset--spacing--60);padding-bottom:var(--wp--preset--spacing--60)\">\n<div class=\"wp-block-group has-global-padding is-layout-constrained wp-container-core-group-is-layout-812d5580 wp-block-group-is-layout-constrained\" style=\"padding-top:0;padding-right:0;padding-bottom:0;padding-left:0\">\n<h2 class=\"wp-block-heading\">Rozpocznij swoj\u0105 karier\u0119 z LOGGINS ju\u017c teraz.<\/h2>\n\n\n\n<p>Poznaj szczeg\u00f3\u0142y procesu rekrutacyjnego w Loggins, aby \u015bwiadomie przygotowa\u0107 si\u0119 do kolejnych etap\u00f3w i zwi\u0119kszy\u0107 swoje szanse na sukces.<\/p>\n<\/div>\n\n\n\n<div class=\"wp-block-buttons is-content-justification-center is-layout-flex wp-container-core-buttons-is-layout-a89b3969 wp-block-buttons-is-layout-flex\">\n<div class=\"wp-block-button is-style-ext-preset--button--natural-1--button-1 is-style-ext-preset--button--natural-1--button-1--10\"><a class=\"wp-block-button__link wp-element-button\" href=\"https:\/\/serwer402651.lh.pl\/autoinstalator\/serwer402651.lh.pl\/aiwordpress1120\/kontakt\/\">Kontakt<\/a><\/div>\n\n\n\n<div class=\"wp-block-button is-style-ext-preset--button--natural-1--button-1 is-style-ext-preset--button--natural-1--button-1--11\"><a class=\"wp-block-button__link wp-element-button\" href=\"https:\/\/serwer402651.lh.pl\/autoinstalator\/serwer402651.lh.pl\/aiwordpress1120\/kariera-w-logins\/\">Oferty pracy<\/a><\/div>\n<\/div>\n<\/div>\n<\/div><\/div>\n<\/div>\n","protected":false},"excerpt":{"rendered":"<p>Proces rekrutacji w LOGGINS\u2013 najcz\u0119\u015bciej zadawane pytania. Znajdziesz tutaj wyja\u015bnienia dotycz\u0105ce kolejnych etap\u00f3w rekrutacji, aby\u015b m\u00f3g\u0142 \u0142atwo zrozumie\u0107 ca\u0142y proces i przygotowa\u0107 si\u0119 do aplikowania. Jak wygl\u0105da pierwszy etap rekrutacji w Loggins? Na pocz\u0105tku analizujemy przes\u0142ane CV i sprawdzamy dopasowanie do wymaga\u0144 stanowiska. Na czym polega ankieta sytuacyjna? To kr\u00f3tki test pozwalaj\u0105cy oceni\u0107 Twoje reakcje [&hellip;]<\/p>\n","protected":false},"author":1,"featured_media":839,"parent":0,"menu_order":0,"comment_status":"closed","ping_status":"closed","template":"page-with-title","meta":{"_uag_custom_page_level_css":"","footnotes":""},"class_list":["post-838","page","type-page","status-publish","has-post-thumbnail","hentry"],"aioseo_notices":[],"uagb_featured_image_src":{"full":["https:\/\/loggins.eu\/wp-content\/uploads\/2025\/12\/rec.jpg",2016,1344,false],"thumbnail":["https:\/\/loggins.eu\/wp-content\/uploads\/2025\/12\/rec-150x150.jpg",150,150,true],"medium":["https:\/\/loggins.eu\/wp-content\/uploads\/2025\/12\/rec-300x200.jpg",300,200,true],"medium_large":["https:\/\/loggins.eu\/wp-content\/uploads\/2025\/12\/rec-768x512.jpg",768,512,true],"large":["https:\/\/loggins.eu\/wp-content\/uploads\/2025\/12\/rec-1024x683.jpg",1024,683,true],"1536x1536":["https:\/\/loggins.eu\/wp-content\/uploads\/2025\/12\/rec-1536x1024.jpg",1536,1024,true],"2048x2048":["https:\/\/loggins.eu\/wp-content\/uploads\/2025\/12\/rec.jpg",2016,1344,false]},"uagb_author_info":{"display_name":"admin-qR73qRrA","author_link":"https:\/\/loggins.eu\/?author=1"},"uagb_comment_info":0,"uagb_excerpt":"Proces rekrutacji w LOGGINS\u2013 najcz\u0119\u015bciej zadawane pytania. Znajdziesz tutaj wyja\u015bnienia dotycz\u0105ce kolejnych etap\u00f3w rekrutacji, aby\u015b m\u00f3g\u0142 \u0142atwo zrozumie\u0107 ca\u0142y proces i przygotowa\u0107 si\u0119 do aplikowania. Jak wygl\u0105da pierwszy etap rekrutacji w Loggins? Na pocz\u0105tku analizujemy przes\u0142ane CV i sprawdzamy dopasowanie do wymaga\u0144 stanowiska. Na czym polega ankieta sytuacyjna? To kr\u00f3tki test pozwalaj\u0105cy oceni\u0107 Twoje reakcje&hellip;","_links":{"self":[{"href":"https:\/\/loggins.eu\/index.php?rest_route=\/wp\/v2\/pages\/838","targetHints":{"allow":["GET"]}}],"collection":[{"href":"https:\/\/loggins.eu\/index.php?rest_route=\/wp\/v2\/pages"}],"about":[{"href":"https:\/\/loggins.eu\/index.php?rest_route=\/wp\/v2\/types\/page"}],"author":[{"embeddable":true,"href":"https:\/\/loggins.eu\/index.php?rest_route=\/wp\/v2\/users\/1"}],"replies":[{"embeddable":true,"href":"https:\/\/loggins.eu\/index.php?rest_route=%2Fwp%2Fv2%2Fcomments&post=838"}],"version-history":[{"count":9,"href":"https:\/\/loggins.eu\/index.php?rest_route=\/wp\/v2\/pages\/838\/revisions"}],"predecessor-version":[{"id":1055,"href":"https:\/\/loggins.eu\/index.php?rest_route=\/wp\/v2\/pages\/838\/revisions\/1055"}],"wp:featuredmedia":[{"embeddable":true,"href":"https:\/\/loggins.eu\/index.php?rest_route=\/wp\/v2\/media\/839"}],"wp:attachment":[{"href":"https:\/\/loggins.eu\/index.php?rest_route=%2Fwp%2Fv2%2Fmedia&parent=838"}],"curies":[{"name":"wp","href":"https:\/\/api.w.org\/{rel}","templated":true}]}}