{"id":901,"date":"2025-12-15T16:56:43","date_gmt":"2025-12-15T15:56:43","guid":{"rendered":"https:\/\/serwer402651.lh.pl\/autoinstalator\/serwer402651.lh.pl\/aiwordpress1120\/?page_id=901"},"modified":"2025-12-15T16:56:43","modified_gmt":"2025-12-15T15:56:43","slug":"o-fundacji-wwf","status":"publish","type":"page","link":"https:\/\/loggins.eu\/?page_id=901","title":{"rendered":"O Fundacji WWF"},"content":{"rendered":"\n<div class=\"wp-block-group alignfull is-style-ext-preset--group--natural-1--section has-background-background-color has-background has-global-padding is-layout-constrained wp-block-group-is-layout-constrained\" style=\"margin-top:0;margin-bottom:0;padding-top:var(--wp--preset--spacing--70);padding-bottom:var(--wp--preset--spacing--70)\">\n<div class=\"wp-block-columns alignwide are-vertically-aligned-center is-layout-flex wp-container-core-columns-is-layout-174606dc wp-block-columns-is-layout-flex\">\n<div class=\"wp-block-column is-vertically-aligned-center is-layout-flow wp-block-column-is-layout-flow\">\n<figure class=\"wp-block-image aligncenter size-full\"><img loading=\"lazy\" decoding=\"async\" width=\"507\" height=\"287\" src=\"https:\/\/serwer402651.lh.pl\/autoinstalator\/serwer402651.lh.pl\/aiwordpress1120\/wp-content\/uploads\/2025\/12\/logo-25.jpg\" alt=\"\" class=\"wp-image-902\" srcset=\"https:\/\/loggins.eu\/wp-content\/uploads\/2025\/12\/logo-25.jpg 507w, https:\/\/loggins.eu\/wp-content\/uploads\/2025\/12\/logo-25-300x170.jpg 300w\" sizes=\"auto, (max-width: 507px) 100vw, 507px\" \/><\/figure>\n<\/div>\n\n\n\n<div class=\"wp-block-column is-vertically-aligned-center is-layout-flow wp-block-column-is-layout-flow\">\n<div class=\"wp-block-group alignwide is-vertical is-layout-flex wp-container-core-group-is-layout-c35747d5 wp-block-group-is-layout-flex\">\n<div class=\"wp-block-group has-global-padding is-layout-constrained wp-container-core-group-is-layout-dd32767c wp-block-group-is-layout-constrained\">\n<h2 class=\"wp-block-heading\">Poznaj misj\u0119 WWF oraz cele na rzecz ochrony przyrody.<\/h2>\n\n\n\n<p>Przedstawiamy misj\u0119 Fundacji WWF, jej kluczowe warto\u015bci oraz dzia\u0142ania na rzecz zachowania bior\u00f3\u017cnorodno\u015bci i przeciwdzia\u0142ania zmianom klimatu.<\/p>\n<\/div>\n<\/div>\n<\/div>\n<\/div>\n\n\n\n<div class=\"wp-block-columns is-layout-flex wp-container-core-columns-is-layout-28f84493 wp-block-columns-is-layout-flex\">\n<div class=\"wp-block-column is-layout-flow wp-block-column-is-layout-flow\"><\/div>\n<\/div>\n<\/div>\n\n\n\n<div class=\"wp-block-group alignfull is-style-ext-preset--group--natural-1--section has-tertiary-background-color has-background has-global-padding is-layout-constrained wp-container-core-group-is-layout-e955bbaf wp-block-group-is-layout-constrained\" style=\"margin-top:0;margin-bottom:0;padding-top:var(--wp--preset--spacing--70);padding-bottom:var(--wp--preset--spacing--70)\">\n<div class=\"wp-block-group alignwide is-vertical is-layout-flex wp-container-core-group-is-layout-c35747d5 wp-block-group-is-layout-flex\">\n<div class=\"wp-block-group has-global-padding is-layout-constrained wp-container-core-group-is-layout-5e05634a wp-block-group-is-layout-constrained\">\n<h2 class=\"wp-block-heading\">Poznaj misj\u0119 WWF i jej realny wp\u0142yw na nasz\u0105 planet\u0119.<\/h2>\n\n\n\n<p class=\"has-text-align-left\">Przedstawiamy cele, dzia\u0142ania oraz sukcesy Fundacji WWF w ochronie \u015brodowiska i zr\u00f3wnowa\u017conym rozwoju.<\/p>\n<\/div>\n<\/div>\n\n\n\n<div class=\"wp-block-columns alignwide is-layout-flex wp-container-core-columns-is-layout-174606dc wp-block-columns-is-layout-flex\">\n<div class=\"wp-block-column is-vertically-aligned-stretch is-layout-flow wp-container-core-column-is-layout-119bc444 wp-block-column-is-layout-flow\">\n<div class=\"wp-block-cover is-style-ext-preset--image--natural-1--image-1--content-right is-style-ext-preset--image--natural-1--image-1--content-right--3\" style=\"padding-top:0;padding-bottom:0;min-height:100%;aspect-ratio:unset;\"><img loading=\"lazy\" decoding=\"async\" width=\"1440\" height=\"1070\" class=\"wp-block-cover__image-background wp-image-905\" alt=\"\" src=\"http:\/\/serwer402651.lh.pl\/autoinstalator\/serwer402651.lh.pl\/aiwordpress1120\/wp-content\/uploads\/2025\/12\/e28e844dc8552977561ab35d91bbbf408b246ecb.jpg\" data-object-fit=\"cover\" srcset=\"https:\/\/loggins.eu\/wp-content\/uploads\/2025\/12\/e28e844dc8552977561ab35d91bbbf408b246ecb.jpg 1440w, https:\/\/loggins.eu\/wp-content\/uploads\/2025\/12\/e28e844dc8552977561ab35d91bbbf408b246ecb-300x223.jpg 300w, https:\/\/loggins.eu\/wp-content\/uploads\/2025\/12\/e28e844dc8552977561ab35d91bbbf408b246ecb-1024x761.jpg 1024w, https:\/\/loggins.eu\/wp-content\/uploads\/2025\/12\/e28e844dc8552977561ab35d91bbbf408b246ecb-768x571.jpg 768w\" sizes=\"auto, (max-width: 1440px) 100vw, 1440px\" \/><span aria-hidden=\"true\" class=\"wp-block-cover__background has-background-dim-0 has-background-dim\"><\/span><div class=\"wp-block-cover__inner-container is-layout-flow wp-block-cover-is-layout-flow\">\n<div style=\"height:240px\" aria-hidden=\"true\" class=\"wp-block-spacer\"><\/div>\n<\/div><\/div>\n<\/div>\n\n\n\n<div class=\"wp-block-column is-vertically-aligned-center is-layout-flow wp-block-column-is-layout-flow\">\n<div class=\"wp-block-group is-style-ext-preset--group--natural-1--item-card-1--align-start has-global-padding is-layout-constrained wp-block-group-is-layout-constrained is-style-ext-preset--group--natural-1--item-card-1--align-start--4\">\n<div class=\"wp-block-group is-style-default has-global-padding is-layout-constrained wp-block-group-is-layout-constrained\">\n<div class=\"wp-block-group is-nowrap is-layout-flex wp-container-core-group-is-layout-64fa2afa wp-block-group-is-layout-flex\" style=\"padding-top:0;padding-right:0;padding-bottom:0;padding-left:0\">\n<div class=\"wp-block-group wp-container-content-958eb9dc has-global-padding is-layout-constrained wp-container-core-group-is-layout-c06d165c wp-block-group-is-layout-constrained\" style=\"padding-top:0;padding-right:0;padding-bottom:0;padding-left:0\">\n<h3 class=\"wp-block-heading\">Ochrona r\u00f3\u017cnorodno\u015bci biologicznej.<\/h3>\n\n\n\n<p>WWF dba o zachowanie unikalnych ekosystem\u00f3w, chroni\u0105c gatunki zagro\u017cone wygini\u0119ciem i promuj\u0105c r\u00f3wnowag\u0119 naturaln\u0105 na ca\u0142ym \u015bwiecie.<\/p>\n<\/div>\n<\/div>\n<\/div>\n<\/div>\n\n\n\n<div class=\"wp-block-group is-style-ext-preset--group--natural-1--item-card-1--align-start has-global-padding is-layout-constrained wp-block-group-is-layout-constrained is-style-ext-preset--group--natural-1--item-card-1--align-start--5\">\n<div class=\"wp-block-group is-style-default has-global-padding is-layout-constrained wp-block-group-is-layout-constrained\">\n<div class=\"wp-block-group is-nowrap is-layout-flex wp-container-core-group-is-layout-64fa2afa wp-block-group-is-layout-flex\" style=\"padding-top:0;padding-right:0;padding-bottom:0;padding-left:0\">\n<div class=\"wp-block-group wp-container-content-958eb9dc has-global-padding is-layout-constrained wp-container-core-group-is-layout-c06d165c wp-block-group-is-layout-constrained\" style=\"padding-top:0;padding-right:0;padding-bottom:0;padding-left:0\">\n<h3 class=\"wp-block-heading\">Przeciwdzia\u0142anie zmianom klimatycznym.<\/h3>\n\n\n\n<p>Organizacja realizuje strategie ograniczaj\u0105ce emisj\u0119 gaz\u00f3w cieplarnianych, wspieraj\u0105c innowacyjne rozwi\u0105zania dla czystszej przysz\u0142o\u015bci.<\/p>\n<\/div>\n<\/div>\n<\/div>\n<\/div>\n\n\n\n<div class=\"wp-block-group is-style-ext-preset--group--natural-1--item-card-1--align-start has-global-padding is-layout-constrained wp-block-group-is-layout-constrained is-style-ext-preset--group--natural-1--item-card-1--align-start--6\">\n<div class=\"wp-block-group is-style-default has-global-padding is-layout-constrained wp-block-group-is-layout-constrained\">\n<div class=\"wp-block-group is-nowrap is-layout-flex wp-container-core-group-is-layout-64fa2afa wp-block-group-is-layout-flex\" style=\"padding-top:0;padding-right:0;padding-bottom:0;padding-left:0\">\n<div class=\"wp-block-group wp-container-content-958eb9dc has-global-padding is-layout-constrained wp-container-core-group-is-layout-c06d165c wp-block-group-is-layout-constrained\" style=\"padding-top:0;padding-right:0;padding-bottom:0;padding-left:0\">\n<h3 class=\"wp-block-heading\">Zaanga\u017cowanie lokalne i edukacja.<\/h3>\n\n\n\n<p>WWF prowadzi kampanie edukacyjne i wsp\u00f3\u0142pracuje z lokalnymi spo\u0142eczno\u015bciami, zwi\u0119kszaj\u0105c \u015bwiadomo\u015b\u0107 ekologiczn\u0105 i mobilizuj\u0105c do dzia\u0142a\u0144.<\/p>\n<\/div>\n<\/div>\n<\/div>\n<\/div>\n\n\n\n<div class=\"wp-block-buttons is-content-justification-center is-layout-flex wp-container-core-buttons-is-layout-a89b3969 wp-block-buttons-is-layout-flex\">\n<div class=\"wp-block-button has-custom-width wp-block-button__width-100 is-style-ext-preset--button--natural-1--button-1 is-style-ext-preset--button--natural-1--button-1--7\"><a class=\"wp-block-button__link wp-element-button\">Dowiedz si\u0119 wi\u0119cej o WWF<\/a><\/div>\n<\/div>\n<\/div>\n<\/div>\n<\/div>\n\n\n\n<div class=\"wp-block-group alignfull is-style-ext-preset--group--natural-1--section has-background-background-color has-background has-global-padding is-layout-constrained wp-container-core-group-is-layout-e955bbaf wp-block-group-is-layout-constrained\" style=\"margin-top:0;margin-bottom:0;padding-top:var(--wp--preset--spacing--70);padding-bottom:var(--wp--preset--spacing--70)\">\n<div class=\"wp-block-group is-vertical is-layout-flex wp-container-core-group-is-layout-c35747d5 wp-block-group-is-layout-flex\">\n<div class=\"wp-block-group has-global-padding is-layout-constrained wp-container-core-group-is-layout-5e05634a wp-block-group-is-layout-constrained\">\n<h2 class=\"wp-block-heading\">Kluczowe dane i najwa\u017cniejsze wska\u017aniki<\/h2>\n\n\n\n<p>Sekcja prezentuje najwa\u017cniejsze statystyki, ukazuj\u0105c efekty dzia\u0142a\u0144 i rezultaty Fundacji WWF.<\/p>\n<\/div>\n<\/div>\n\n\n\n<div class=\"wp-block-columns alignwide is-layout-flex wp-container-core-columns-is-layout-08c01c1c wp-block-columns-is-layout-flex\">\n<div class=\"wp-block-column is-vertically-aligned-stretch is-layout-flow wp-container-core-column-is-layout-f5bb311e wp-block-column-is-layout-flow\">\n<div class=\"wp-block-group is-style-ext-preset--group--natural-1--item-card-1--align-start has-global-padding is-layout-constrained wp-block-group-is-layout-constrained is-style-ext-preset--group--natural-1--item-card-1--align-start--9\">\n<div class=\"wp-block-group is-style-default has-global-padding is-layout-constrained wp-block-group-is-layout-constrained\">\n<h3 class=\"wp-block-heading has-primary-color has-text-color has-link-color has-x-large-font-size wp-elements-cbfb11b1fa5d5a88be1c37e8880e1155\">85<\/h3>\n\n\n\n<h3 class=\"wp-block-heading\">Ochronione gatunki<\/h3>\n\n\n\n<p>Liczba gatunk\u00f3w obj\u0119tych programami ochrony i monitoringu.<\/p>\n<\/div>\n<\/div>\n<\/div>\n\n\n\n<div class=\"wp-block-column is-vertically-aligned-stretch is-layout-flow wp-container-core-column-is-layout-f5bb311e wp-block-column-is-layout-flow\">\n<div class=\"wp-block-group is-style-ext-preset--group--natural-1--item-card-1--align-start has-global-padding is-layout-constrained wp-block-group-is-layout-constrained is-style-ext-preset--group--natural-1--item-card-1--align-start--10\">\n<div class=\"wp-block-group is-style-default has-global-padding is-layout-constrained wp-block-group-is-layout-constrained\">\n<h3 class=\"wp-block-heading has-primary-color has-text-color has-link-color has-x-large-font-size wp-elements-66deaa7cca9f7f5ed87d65de6b88e430\">150<\/h3>\n\n\n\n<h3 class=\"wp-block-heading\">Zrealizowane projekty<\/h3>\n\n\n\n<p>Liczba zako\u0144czonych inicjatyw na rzecz ochrony \u015brodowiska w Polsce.<\/p>\n<\/div>\n<\/div>\n<\/div>\n\n\n\n<div class=\"wp-block-column is-vertically-aligned-stretch is-layout-flow wp-container-core-column-is-layout-f5bb311e wp-block-column-is-layout-flow\">\n<div class=\"wp-block-group is-style-ext-preset--group--natural-1--item-card-1--align-start has-global-padding is-layout-constrained wp-block-group-is-layout-constrained is-style-ext-preset--group--natural-1--item-card-1--align-start--11\">\n<div class=\"wp-block-group is-style-default has-global-padding is-layout-constrained wp-block-group-is-layout-constrained\">\n<h3 class=\"wp-block-heading has-primary-color has-text-color has-link-color has-x-large-font-size wp-elements-c8ebec9da1988dbebf3e821c7a07f790\">75<\/h3>\n\n\n\n<h3 class=\"wp-block-heading\">Obszary dzia\u0142a\u0144<\/h3>\n\n\n\n<p>Liczba kluczowych ekosystem\u00f3w obj\u0119tych dzia\u0142aniami ochronnymi.<\/p>\n<\/div>\n<\/div>\n<\/div>\n<\/div>\n<\/div>\n\n\n\n<div class=\"wp-block-group alignfull is-style-ext-preset--group--natural-1--section has-tertiary-background-color has-background has-global-padding is-layout-constrained wp-block-group-is-layout-constrained\" style=\"margin-top:0;margin-bottom:0;padding-top:0;padding-bottom:0\">\n<div class=\"wp-block-cover alignfull is-style-ext-preset--cover--natural-1--cover-overlay-1 is-style-ext-preset--cover--natural-1--cover-overlay-1--13\" style=\"padding-top:var(--wp--preset--spacing--70);padding-right:var(--wp--preset--spacing--30);padding-bottom:var(--wp--preset--spacing--70);padding-left:var(--wp--preset--spacing--30)\"><img loading=\"lazy\" decoding=\"async\" width=\"1440\" height=\"960\" class=\"wp-block-cover__image-background wp-image-906\" alt=\"\" src=\"http:\/\/serwer402651.lh.pl\/autoinstalator\/serwer402651.lh.pl\/aiwordpress1120\/wp-content\/uploads\/2025\/12\/1a0767872de27b703ee94cc7c363174143719e9e.jpg\" data-object-fit=\"cover\" srcset=\"https:\/\/loggins.eu\/wp-content\/uploads\/2025\/12\/1a0767872de27b703ee94cc7c363174143719e9e.jpg 1440w, https:\/\/loggins.eu\/wp-content\/uploads\/2025\/12\/1a0767872de27b703ee94cc7c363174143719e9e-300x200.jpg 300w, https:\/\/loggins.eu\/wp-content\/uploads\/2025\/12\/1a0767872de27b703ee94cc7c363174143719e9e-1024x683.jpg 1024w, https:\/\/loggins.eu\/wp-content\/uploads\/2025\/12\/1a0767872de27b703ee94cc7c363174143719e9e-768x512.jpg 768w\" sizes=\"auto, (max-width: 1440px) 100vw, 1440px\" \/><span aria-hidden=\"true\" class=\"wp-block-cover__background has-background-dim-80 has-background-dim\" style=\"background-color:#010101\"><\/span><div class=\"wp-block-cover__inner-container has-global-padding is-layout-constrained wp-container-core-cover-is-layout-5cffc2c1 wp-block-cover-is-layout-constrained\">\n<div class=\"wp-block-group is-vertical is-layout-flex wp-container-core-group-is-layout-c35747d5 wp-block-group-is-layout-flex\">\n<div class=\"wp-block-group has-global-padding is-layout-constrained wp-container-core-group-is-layout-2287c683 wp-block-group-is-layout-constrained\">\n<h2 class=\"wp-block-heading has-text-align-left\">Poznaj misj\u0119 WWF i do\u0142\u0105cz do ochrony przyrody.<\/h2>\n\n\n\n<p class=\"has-text-align-left\">Ta sekcja przedstawia cele Fundacji WWF, opisuje jej dzia\u0142ania na rzecz ochrony \u015brodowiska oraz zach\u0119ca do wsparcia naszych inicjatyw i aktywnego udzia\u0142u w ochronie planety.<\/p>\n<\/div>\n\n\n\n<div class=\"wp-block-buttons is-layout-flex wp-block-buttons-is-layout-flex\">\n<div class=\"wp-block-button is-style-ext-preset--button--natural-1--button-1 is-style-ext-preset--button--natural-1--button-1--14\"><a class=\"wp-block-button__link wp-element-button\">Poznaj wi\u0119cej szczeg\u00f3\u0142\u00f3w<\/a><\/div>\n<\/div>\n<\/div>\n<\/div><\/div>\n<\/div>\n\n\n\n<p><\/p>\n","protected":false},"excerpt":{"rendered":"<p>Poznaj misj\u0119 WWF oraz cele na rzecz ochrony przyrody. Przedstawiamy misj\u0119 Fundacji WWF, jej kluczowe warto\u015bci oraz dzia\u0142ania na rzecz zachowania bior\u00f3\u017cnorodno\u015bci i przeciwdzia\u0142ania zmianom klimatu. Poznaj misj\u0119 WWF i jej realny wp\u0142yw na nasz\u0105 planet\u0119. Przedstawiamy cele, dzia\u0142ania oraz sukcesy Fundacji WWF w ochronie \u015brodowiska i zr\u00f3wnowa\u017conym rozwoju. Ochrona r\u00f3\u017cnorodno\u015bci biologicznej. WWF dba o [&hellip;]<\/p>\n","protected":false},"author":1,"featured_media":0,"parent":0,"menu_order":0,"comment_status":"closed","ping_status":"closed","template":"page-with-title","meta":{"_uag_custom_page_level_css":"","footnotes":""},"class_list":["post-901","page","type-page","status-publish","hentry"],"aioseo_notices":[],"uagb_featured_image_src":{"full":false,"thumbnail":false,"medium":false,"medium_large":false,"large":false,"1536x1536":false,"2048x2048":false},"uagb_author_info":{"display_name":"admin-qR73qRrA","author_link":"https:\/\/loggins.eu\/?author=1"},"uagb_comment_info":0,"uagb_excerpt":"Poznaj misj\u0119 WWF oraz cele na rzecz ochrony przyrody. Przedstawiamy misj\u0119 Fundacji WWF, jej kluczowe warto\u015bci oraz dzia\u0142ania na rzecz zachowania bior\u00f3\u017cnorodno\u015bci i przeciwdzia\u0142ania zmianom klimatu. Poznaj misj\u0119 WWF i jej realny wp\u0142yw na nasz\u0105 planet\u0119. Przedstawiamy cele, dzia\u0142ania oraz sukcesy Fundacji WWF w ochronie \u015brodowiska i zr\u00f3wnowa\u017conym rozwoju. Ochrona r\u00f3\u017cnorodno\u015bci biologicznej. WWF dba o&hellip;","_links":{"self":[{"href":"https:\/\/loggins.eu\/index.php?rest_route=\/wp\/v2\/pages\/901","targetHints":{"allow":["GET"]}}],"collection":[{"href":"https:\/\/loggins.eu\/index.php?rest_route=\/wp\/v2\/pages"}],"about":[{"href":"https:\/\/loggins.eu\/index.php?rest_route=\/wp\/v2\/types\/page"}],"author":[{"embeddable":true,"href":"https:\/\/loggins.eu\/index.php?rest_route=\/wp\/v2\/users\/1"}],"replies":[{"embeddable":true,"href":"https:\/\/loggins.eu\/index.php?rest_route=%2Fwp%2Fv2%2Fcomments&post=901"}],"version-history":[{"count":3,"href":"https:\/\/loggins.eu\/index.php?rest_route=\/wp\/v2\/pages\/901\/revisions"}],"predecessor-version":[{"id":908,"href":"https:\/\/loggins.eu\/index.php?rest_route=\/wp\/v2\/pages\/901\/revisions\/908"}],"wp:attachment":[{"href":"https:\/\/loggins.eu\/index.php?rest_route=%2Fwp%2Fv2%2Fmedia&parent=901"}],"curies":[{"name":"wp","href":"https:\/\/api.w.org\/{rel}","templated":true}]}}